{"id":989495,"date":"2025-07-12T14:03:09","date_gmt":"2025-07-12T14:03:09","guid":{"rendered":"https:\/\/almadocampo.com.br\/?post_type=product&#038;p=989495"},"modified":"2026-04-13T18:40:17","modified_gmt":"2026-04-13T18:40:17","slug":"home-spray-200ml-aconchego-do-lar","status":"publish","type":"product","link":"https:\/\/almadocampo.com.br\/pt\/produto\/home-spray-200ml-aconchego-do-lar\/","title":{"rendered":"Home Spray 200ml \u2013 Aconchego do Lar"},"content":{"rendered":"<div class=\"vgblk-rw-wrapper limit-wrapper\"><span style=\"font-weight: 400;\">O home spray &#8216;Aconchego do Lar&#8217; transforma o ambiente com o aroma envolvente de um bolo de chocolate rec\u00e9m-assado. <\/span><\/p>\n<p><span style=\"font-weight: 400;\">Notas doces e profundas, com toque de baunilha, evocam o calor da cozinha e o carinho das lembran\u00e7as. <\/span><\/p>\n<p><span style=\"font-weight: 400;\">Com v\u00e1lvula spray, sua aplica\u00e7\u00e3o \u00e9 pr\u00e1tica e instant\u00e2nea. Ideal para trazer acolhimento a qualquer espa\u00e7o da casa.<\/span><\/div>\n<p><!-- .vgblk-rw-wrapper --><\/p>","protected":false},"excerpt":{"rendered":"<ul>\n<li><span style=\"font-weight: 400;\">\u00c1lcool de cereais<\/span><\/li>\n<li><span style=\"font-weight: 400;\">\u00d3leos essenciais e fragr\u00e2ncia natural de chocolate e baunilha<\/span><\/li>\n<li><span style=\"font-weight: 400;\">Solubilizante e fixador<\/span><\/li>\n<li><span style=\"font-weight: 400;\">Frasco de vidro com v\u00e1lvula spray<\/span><\/li>\n<\/ul>\n<p>&nbsp;<\/p>\n<p>&nbsp;<\/p>","protected":false},"featured_media":989548,"comment_status":"open","ping_status":"closed","template":"","meta":{"inline_featured_image":false},"product_brand":[156],"product_cat":[195,117,234],"product_tag":[219,220,221,166,232,231,168],"class_list":{"0":"post-989495","1":"product","2":"type-product","3":"status-publish","4":"has-post-thumbnail","6":"product_brand-alma-do-campo-home-sensation","7":"product_cat-colecao-momentos","8":"product_cat-home-spray","9":"product_cat-natal","10":"product_tag-aconchego-do-lar","11":"product_tag-bolo-de-chocolate","12":"product_tag-conforto","13":"product_tag-feito-a-mao","14":"product_tag-fragrancia-doce","15":"product_tag-home-spray","16":"product_tag-perfume-para-casa","17":"pa_fragrancia-frutas-vermelhas","18":"pa_marca-alma-do-campo","19":"pa_size-169g","21":"first","22":"instock","23":"featured","24":"shipping-taxable","25":"purchasable","26":"product-type-simple"},"_links":{"self":[{"href":"https:\/\/almadocampo.com.br\/pt\/wp-json\/wp\/v2\/product\/989495","targetHints":{"allow":["GET"]}}],"collection":[{"href":"https:\/\/almadocampo.com.br\/pt\/wp-json\/wp\/v2\/product"}],"about":[{"href":"https:\/\/almadocampo.com.br\/pt\/wp-json\/wp\/v2\/types\/product"}],"replies":[{"embeddable":true,"href":"https:\/\/almadocampo.com.br\/pt\/wp-json\/wp\/v2\/comments?post=989495"}],"version-history":[{"count":1,"href":"https:\/\/almadocampo.com.br\/pt\/wp-json\/wp\/v2\/product\/989495\/revisions"}],"predecessor-version":[{"id":989497,"href":"https:\/\/almadocampo.com.br\/pt\/wp-json\/wp\/v2\/product\/989495\/revisions\/989497"}],"wp:featuredmedia":[{"embeddable":true,"href":"https:\/\/almadocampo.com.br\/pt\/wp-json\/wp\/v2\/media\/989548"}],"wp:attachment":[{"href":"https:\/\/almadocampo.com.br\/pt\/wp-json\/wp\/v2\/media?parent=989495"}],"wp:term":[{"taxonomy":"product_brand","embeddable":true,"href":"https:\/\/almadocampo.com.br\/pt\/wp-json\/wp\/v2\/product_brand?post=989495"},{"taxonomy":"product_cat","embeddable":true,"href":"https:\/\/almadocampo.com.br\/pt\/wp-json\/wp\/v2\/product_cat?post=989495"},{"taxonomy":"product_tag","embeddable":true,"href":"https:\/\/almadocampo.com.br\/pt\/wp-json\/wp\/v2\/product_tag?post=989495"}],"curies":[{"name":"wp","href":"https:\/\/api.w.org\/{rel}","templated":true}]}}