{"id":989493,"date":"2025-07-12T14:02:09","date_gmt":"2025-07-12T14:02:09","guid":{"rendered":"https:\/\/almadocampo.com.br\/?post_type=product&#038;p=989493"},"modified":"2026-02-18T12:02:59","modified_gmt":"2026-02-18T12:02:59","slug":"wax-melts-69g-aconchego-do-lar","status":"publish","type":"product","link":"https:\/\/almadocampo.com.br\/pt\/produto\/wax-melts-69g-aconchego-do-lar\/","title":{"rendered":"Wax Melts 69g \u2013  Aconchego do Lar"},"content":{"rendered":"<div class=\"vgblk-rw-wrapper limit-wrapper\"><span style=\"font-weight: 400\">\u00a0As pastilhas arom\u00e1ticas &#8216;Aconchego do Lar&#8217; aquecem o cora\u00e7\u00e3o com o doce perfume de um bolo de chocolate rec\u00e9m-assado.<\/span><\/p>\n<p><span style=\"font-weight: 400\"> Com notas envolventes de chocolate e baunilha, essa fragr\u00e2ncia gourmand desperta a mem\u00f3ria afetiva e o carinho das tardes em casa. <\/span><\/p>\n<p><span style=\"font-weight: 400\">Feitas com ceras vegetais e fragr\u00e2ncia segura, s\u00e3o ideais para criar um ambiente de conforto e ternura com o simples acender de um rechaud.<\/span><\/p>\n<p><br style=\"font-weight: 400\" \/><br style=\"font-weight: 400\" \/><br style=\"font-weight: 400\" \/><br style=\"font-weight: 400\" \/><br style=\"font-weight: 400\" \/><br style=\"font-weight: 400\" \/><br style=\"font-weight: 400\" \/><br style=\"font-weight: 400\" \/><br style=\"font-weight: 400\" \/><br style=\"font-weight: 400\" \/><\/p>\n<p><br style=\"font-weight: 400\" \/><br style=\"font-weight: 400\" \/><br style=\"font-weight: 400\" \/><br style=\"font-weight: 400\" \/><br style=\"font-weight: 400\" \/><br style=\"font-weight: 400\" \/><br style=\"font-weight: 400\" \/><\/div>\n<p><!-- .vgblk-rw-wrapper --><\/p>","protected":false},"excerpt":{"rendered":"<ul>\n<li><span style=\"font-weight: 400\"> \u00a0Blend de ceras vegetais (coco, arroz e palma)<\/span><\/li>\n<li><span style=\"font-weight: 400\">\u00d3leos essenciais e fragr\u00e2ncia natural de chocolate e baunilha<\/span><\/li>\n<\/ul>","protected":false},"featured_media":989596,"comment_status":"open","ping_status":"closed","template":"","meta":{"inline_featured_image":false},"product_brand":[156],"product_cat":[195,228],"product_tag":[219,220,221,166,232,229,168],"class_list":{"0":"post-989493","1":"product","2":"type-product","3":"status-publish","4":"has-post-thumbnail","6":"product_brand-alma-do-campo-home-sensation","7":"product_cat-colecao-momentos","8":"product_cat-wax-melts","9":"product_tag-aconchego-do-lar","10":"product_tag-bolo-de-chocolate","11":"product_tag-conforto","12":"product_tag-feito-a-mao","13":"product_tag-fragrancia-doce","14":"product_tag-pastilhas-aromaticas","15":"product_tag-perfume-para-casa","16":"pa_fragrancia-canela-da-india-com-especiarias","17":"pa_marca-alma-do-campo","18":"pa_size-169g","20":"first","21":"outofstock","22":"shipping-taxable","23":"purchasable","24":"product-type-simple"},"_links":{"self":[{"href":"https:\/\/almadocampo.com.br\/pt\/wp-json\/wp\/v2\/product\/989493","targetHints":{"allow":["GET"]}}],"collection":[{"href":"https:\/\/almadocampo.com.br\/pt\/wp-json\/wp\/v2\/product"}],"about":[{"href":"https:\/\/almadocampo.com.br\/pt\/wp-json\/wp\/v2\/types\/product"}],"replies":[{"embeddable":true,"href":"https:\/\/almadocampo.com.br\/pt\/wp-json\/wp\/v2\/comments?post=989493"}],"version-history":[{"count":2,"href":"https:\/\/almadocampo.com.br\/pt\/wp-json\/wp\/v2\/product\/989493\/revisions"}],"predecessor-version":[{"id":989930,"href":"https:\/\/almadocampo.com.br\/pt\/wp-json\/wp\/v2\/product\/989493\/revisions\/989930"}],"wp:featuredmedia":[{"embeddable":true,"href":"https:\/\/almadocampo.com.br\/pt\/wp-json\/wp\/v2\/media\/989596"}],"wp:attachment":[{"href":"https:\/\/almadocampo.com.br\/pt\/wp-json\/wp\/v2\/media?parent=989493"}],"wp:term":[{"taxonomy":"product_brand","embeddable":true,"href":"https:\/\/almadocampo.com.br\/pt\/wp-json\/wp\/v2\/product_brand?post=989493"},{"taxonomy":"product_cat","embeddable":true,"href":"https:\/\/almadocampo.com.br\/pt\/wp-json\/wp\/v2\/product_cat?post=989493"},{"taxonomy":"product_tag","embeddable":true,"href":"https:\/\/almadocampo.com.br\/pt\/wp-json\/wp\/v2\/product_tag?post=989493"}],"curies":[{"name":"wp","href":"https:\/\/api.w.org\/{rel}","templated":true}]}}