{"id":989490,"date":"2025-07-12T14:00:48","date_gmt":"2025-07-12T14:00:48","guid":{"rendered":"https:\/\/almadocampo.com.br\/?post_type=product&#038;p=989490"},"modified":"2026-04-13T18:40:17","modified_gmt":"2026-04-13T18:40:17","slug":"home-spray-200ml-brisa-da-manha","status":"publish","type":"product","link":"https:\/\/almadocampo.com.br\/pt\/produto\/home-spray-200ml-brisa-da-manha\/","title":{"rendered":"Home Spray 200ml \u2013 Brisa da Manh\u00e3"},"content":{"rendered":"<div class=\"vgblk-rw-wrapper limit-wrapper\"><span style=\"font-weight: 400;\">O home spray &#8216;Brisa da Manh\u00e3&#8217; combina base natural com fragr\u00e2ncia de ch\u00e1 branco, evocando a serenidade das primeiras horas do dia. <\/span><\/p>\n<p><span style=\"font-weight: 400;\">Seu frasco com gatilho facilita a aplica\u00e7\u00e3o, promovendo leveza e frescor imediato em qualquer ambiente.<\/span><\/p>\n<p><span style=\"font-weight: 400;\"> Ideal para come\u00e7os suaves, medita\u00e7\u00f5es e ambientes tranquilos.<\/span><\/div>\n<p><!-- .vgblk-rw-wrapper --><\/p>","protected":false},"excerpt":{"rendered":"<ul>\n<li><span style=\"font-weight: 400;\">\u00c1lcool de cereais<\/span><\/li>\n<li><span style=\"font-weight: 400;\">\u00d3leo essencial de ch\u00e1 branco<\/span><\/li>\n<li><span style=\"font-weight: 400;\">Solubilizante e fixador<\/span><\/li>\n<li><span style=\"font-weight: 400;\">Frasco de vidro com v\u00e1lvula spray<\/span><\/li>\n<\/ul>\n<p>&nbsp;<\/p>\n<p>&nbsp;<\/p>","protected":false},"featured_media":989521,"comment_status":"open","ping_status":"closed","template":"","meta":{"inline_featured_image":false},"product_brand":[156],"product_cat":[195,117],"product_tag":[206,207,166,230,231,208,168],"class_list":{"0":"post-989490","1":"product","2":"type-product","3":"status-publish","4":"has-post-thumbnail","6":"product_brand-alma-do-campo-home-sensation","7":"product_cat-colecao-momentos","8":"product_cat-home-spray","9":"product_tag-brisa-da-manha","10":"product_tag-cha-branco","11":"product_tag-feito-a-mao","12":"product_tag-fragrancia-natural","13":"product_tag-home-spray","14":"product_tag-leveza","15":"product_tag-perfume-para-casa","16":"pa_fragrancia-frutas-vermelhas","17":"pa_marca-alma-do-campo","18":"pa_size-169g","20":"first","21":"instock","22":"shipping-taxable","23":"purchasable","24":"product-type-simple"},"_links":{"self":[{"href":"https:\/\/almadocampo.com.br\/pt\/wp-json\/wp\/v2\/product\/989490","targetHints":{"allow":["GET"]}}],"collection":[{"href":"https:\/\/almadocampo.com.br\/pt\/wp-json\/wp\/v2\/product"}],"about":[{"href":"https:\/\/almadocampo.com.br\/pt\/wp-json\/wp\/v2\/types\/product"}],"replies":[{"embeddable":true,"href":"https:\/\/almadocampo.com.br\/pt\/wp-json\/wp\/v2\/comments?post=989490"}],"version-history":[{"count":1,"href":"https:\/\/almadocampo.com.br\/pt\/wp-json\/wp\/v2\/product\/989490\/revisions"}],"predecessor-version":[{"id":989494,"href":"https:\/\/almadocampo.com.br\/pt\/wp-json\/wp\/v2\/product\/989490\/revisions\/989494"}],"wp:featuredmedia":[{"embeddable":true,"href":"https:\/\/almadocampo.com.br\/pt\/wp-json\/wp\/v2\/media\/989521"}],"wp:attachment":[{"href":"https:\/\/almadocampo.com.br\/pt\/wp-json\/wp\/v2\/media?parent=989490"}],"wp:term":[{"taxonomy":"product_brand","embeddable":true,"href":"https:\/\/almadocampo.com.br\/pt\/wp-json\/wp\/v2\/product_brand?post=989490"},{"taxonomy":"product_cat","embeddable":true,"href":"https:\/\/almadocampo.com.br\/pt\/wp-json\/wp\/v2\/product_cat?post=989490"},{"taxonomy":"product_tag","embeddable":true,"href":"https:\/\/almadocampo.com.br\/pt\/wp-json\/wp\/v2\/product_tag?post=989490"}],"curies":[{"name":"wp","href":"https:\/\/api.w.org\/{rel}","templated":true}]}}