{"id":989484,"date":"2025-07-12T13:57:08","date_gmt":"2025-07-12T13:57:08","guid":{"rendered":"https:\/\/almadocampo.com.br\/?post_type=product&#038;p=989484"},"modified":"2025-11-24T01:16:52","modified_gmt":"2025-11-24T01:16:52","slug":"wax-melts-69g-entardecer-no-campo","status":"publish","type":"product","link":"https:\/\/almadocampo.com.br\/pt\/produto\/wax-melts-69g-entardecer-no-campo\/","title":{"rendered":"Wax Melts 69g \u2013 Entardecer no Campo"},"content":{"rendered":"<div class=\"vgblk-rw-wrapper limit-wrapper\"><span style=\"font-weight: 400\">As pastilhas arom\u00e1ticas &#8216;Entardecer no Campo&#8217; capturam a do\u00e7ura do fim de tarde em meio ao campo.<\/span><\/p>\n<p><span style=\"font-weight: 400\"> Com notas vibrantes de bergamota e um toque solar, sua fragr\u00e2ncia traz equil\u00edbrio e leveza ao ambiente, como aquele momento dourado em que o sol repousa no horizonte. <\/span><\/p>\n<p><span style=\"font-weight: 400\">Feitas artesanalmente com blend de ceras vegetais e \u00f3leo essencial de bergamota, derretem suavemente em rechauds ou difusores el\u00e9tricos, preenchendo o espa\u00e7o com uma energia revigorante e serena.<\/span><\/p>\n<p><br style=\"font-weight: 400\" \/><br style=\"font-weight: 400\" \/><br style=\"font-weight: 400\" \/><br style=\"font-weight: 400\" \/><br style=\"font-weight: 400\" \/><br style=\"font-weight: 400\" \/><br style=\"font-weight: 400\" \/><br style=\"font-weight: 400\" \/><\/p>\n<p><br style=\"font-weight: 400\" \/><br style=\"font-weight: 400\" \/><br style=\"font-weight: 400\" \/><br style=\"font-weight: 400\" \/><br style=\"font-weight: 400\" \/><br style=\"font-weight: 400\" \/><br style=\"font-weight: 400\" \/><\/div>\n<p><!-- .vgblk-rw-wrapper --><\/p>","protected":false},"excerpt":{"rendered":"<ul>\n<li><span style=\"font-weight: 400\"> \u00a0Blend de ceras vegetais (coco, arroz e palma)<\/span><\/li>\n<li><span style=\"font-weight: 400\">\u00d3leo essencial de bergamota<\/span><\/li>\n<\/ul>\n<p>&nbsp;<\/p>","protected":false},"featured_media":989577,"comment_status":"open","ping_status":"closed","template":"","meta":{"inline_featured_image":false},"product_brand":[156],"product_cat":[195,228],"product_tag":[172,171,166,230,173,229,168],"class_list":{"0":"post-989484","1":"product","2":"type-product","3":"status-publish","4":"has-post-thumbnail","6":"product_brand-alma-do-campo-home-sensation","7":"product_cat-colecao-momentos","8":"product_cat-wax-melts","9":"product_tag-bergamota","10":"product_tag-entardecer-no-campo","11":"product_tag-feito-a-mao","12":"product_tag-fragrancia-natural","13":"product_tag-frescor","14":"product_tag-pastilhas-aromaticas","15":"product_tag-perfume-para-casa","16":"pa_fragrancia-canela-da-india-com-especiarias","17":"pa_marca-alma-do-campo","18":"pa_size-169g","20":"first","21":"outofstock","22":"shipping-taxable","23":"purchasable","24":"product-type-simple"},"_links":{"self":[{"href":"https:\/\/almadocampo.com.br\/pt\/wp-json\/wp\/v2\/product\/989484","targetHints":{"allow":["GET"]}}],"collection":[{"href":"https:\/\/almadocampo.com.br\/pt\/wp-json\/wp\/v2\/product"}],"about":[{"href":"https:\/\/almadocampo.com.br\/pt\/wp-json\/wp\/v2\/types\/product"}],"replies":[{"embeddable":true,"href":"https:\/\/almadocampo.com.br\/pt\/wp-json\/wp\/v2\/comments?post=989484"}],"version-history":[{"count":3,"href":"https:\/\/almadocampo.com.br\/pt\/wp-json\/wp\/v2\/product\/989484\/revisions"}],"predecessor-version":[{"id":989670,"href":"https:\/\/almadocampo.com.br\/pt\/wp-json\/wp\/v2\/product\/989484\/revisions\/989670"}],"wp:featuredmedia":[{"embeddable":true,"href":"https:\/\/almadocampo.com.br\/pt\/wp-json\/wp\/v2\/media\/989577"}],"wp:attachment":[{"href":"https:\/\/almadocampo.com.br\/pt\/wp-json\/wp\/v2\/media?parent=989484"}],"wp:term":[{"taxonomy":"product_brand","embeddable":true,"href":"https:\/\/almadocampo.com.br\/pt\/wp-json\/wp\/v2\/product_brand?post=989484"},{"taxonomy":"product_cat","embeddable":true,"href":"https:\/\/almadocampo.com.br\/pt\/wp-json\/wp\/v2\/product_cat?post=989484"},{"taxonomy":"product_tag","embeddable":true,"href":"https:\/\/almadocampo.com.br\/pt\/wp-json\/wp\/v2\/product_tag?post=989484"}],"curies":[{"name":"wp","href":"https:\/\/api.w.org\/{rel}","templated":true}]}}