{"id":989482,"date":"2025-07-12T13:56:44","date_gmt":"2025-07-12T13:56:44","guid":{"rendered":"https:\/\/almadocampo.com.br\/?post_type=product&#038;p=989482"},"modified":"2026-04-13T18:40:17","modified_gmt":"2026-04-13T18:40:17","slug":"home-spray-200ml-dia-de-chuva","status":"publish","type":"product","link":"https:\/\/almadocampo.com.br\/pt\/produto\/home-spray-200ml-dia-de-chuva\/","title":{"rendered":"Home Spray 200ml \u2013 Dia de Chuva"},"content":{"rendered":"<div class=\"vgblk-rw-wrapper limit-wrapper\">&nbsp;<\/p>\n<p><span style=\"font-weight: 400;\">\u00a0<\/span><\/p>\n<p>&nbsp;<\/p>\n<p><span style=\"font-weight: 400;\">Formulado com base natural e fragr\u00e2ncia de capim cidreira, o home spray &#8216;Dia de Chuva&#8217; traz o frescor leve e herb\u00e1ceo das manh\u00e3s molhadas.\u00a0<\/span><\/p>\n<p><span style=\"font-weight: 400;\">Sua composi\u00e7\u00e3o permite uma perfuma\u00e7\u00e3o imediata e duradoura, ideal para renovar o ar da casa com vitalidade e serenidade.<\/span><\/p>\n<p><span style=\"font-weight: 400;\">Embalado com gatilho borrifador que facilita o uso di\u00e1rio e controlado.<\/span><\/div>\n<p><!-- .vgblk-rw-wrapper --><\/p>","protected":false},"excerpt":{"rendered":"<ul>\n<li><span style=\"font-weight: 400;\">\u00c1lcool de cereais<\/span><\/li>\n<li><span style=\"font-weight: 400;\">\u00d3leo essencial de capim cidreira<\/span><\/li>\n<li><span style=\"font-weight: 400;\">Solubilizante e fixador<\/span><\/li>\n<li><span style=\"font-weight: 400;\">Frasco de vidro com v\u00e1lvula spray<\/span><\/li>\n<\/ul>\n<p>&nbsp;<\/p>\n<p>&nbsp;<\/p>","protected":false},"featured_media":989538,"comment_status":"open","ping_status":"closed","template":"","meta":{"inline_featured_image":false},"product_brand":[156],"product_cat":[195,117],"product_tag":[175,174,166,230,173,231,168],"class_list":{"0":"post-989482","1":"product","2":"type-product","3":"status-publish","4":"has-post-thumbnail","6":"product_brand-alma-do-campo-home-sensation","7":"product_cat-colecao-momentos","8":"product_cat-home-spray","9":"product_tag-capim-cidreira","10":"product_tag-dia-de-chuva","11":"product_tag-feito-a-mao","12":"product_tag-fragrancia-natural","13":"product_tag-frescor","14":"product_tag-home-spray","15":"product_tag-perfume-para-casa","16":"pa_fragrancia-frutas-vermelhas","17":"pa_marca-alma-do-campo","18":"pa_size-169g","20":"first","21":"instock","22":"shipping-taxable","23":"purchasable","24":"product-type-simple"},"_links":{"self":[{"href":"https:\/\/almadocampo.com.br\/pt\/wp-json\/wp\/v2\/product\/989482","targetHints":{"allow":["GET"]}}],"collection":[{"href":"https:\/\/almadocampo.com.br\/pt\/wp-json\/wp\/v2\/product"}],"about":[{"href":"https:\/\/almadocampo.com.br\/pt\/wp-json\/wp\/v2\/types\/product"}],"replies":[{"embeddable":true,"href":"https:\/\/almadocampo.com.br\/pt\/wp-json\/wp\/v2\/comments?post=989482"}],"version-history":[{"count":2,"href":"https:\/\/almadocampo.com.br\/pt\/wp-json\/wp\/v2\/product\/989482\/revisions"}],"predecessor-version":[{"id":989566,"href":"https:\/\/almadocampo.com.br\/pt\/wp-json\/wp\/v2\/product\/989482\/revisions\/989566"}],"wp:featuredmedia":[{"embeddable":true,"href":"https:\/\/almadocampo.com.br\/pt\/wp-json\/wp\/v2\/media\/989538"}],"wp:attachment":[{"href":"https:\/\/almadocampo.com.br\/pt\/wp-json\/wp\/v2\/media?parent=989482"}],"wp:term":[{"taxonomy":"product_brand","embeddable":true,"href":"https:\/\/almadocampo.com.br\/pt\/wp-json\/wp\/v2\/product_brand?post=989482"},{"taxonomy":"product_cat","embeddable":true,"href":"https:\/\/almadocampo.com.br\/pt\/wp-json\/wp\/v2\/product_cat?post=989482"},{"taxonomy":"product_tag","embeddable":true,"href":"https:\/\/almadocampo.com.br\/pt\/wp-json\/wp\/v2\/product_tag?post=989482"}],"curies":[{"name":"wp","href":"https:\/\/api.w.org\/{rel}","templated":true}]}}