{"id":989478,"date":"2025-07-12T13:54:27","date_gmt":"2025-07-12T13:54:27","guid":{"rendered":"https:\/\/almadocampo.com.br\/?post_type=product&#038;p=989478"},"modified":"2026-04-13T18:40:17","modified_gmt":"2026-04-13T18:40:17","slug":"home-spray-200ml-manhas-de-inverno","status":"publish","type":"product","link":"https:\/\/almadocampo.com.br\/pt\/produto\/home-spray-200ml-manhas-de-inverno\/","title":{"rendered":"Home Spray 200ml \u2013 Manh\u00e3s de Inverno"},"content":{"rendered":"<div class=\"vgblk-rw-wrapper limit-wrapper\">&nbsp;<\/p>\n<p><span style=\"font-weight: 400;\">\u00a0<\/span><\/p>\n<p><span style=\"font-weight: 400;\">O Home Spray &#8216;Manh\u00e3s de Inverno&#8217; \u00e9 como um abra\u00e7o quente logo cedo.<\/span><\/p>\n<p><span style=\"font-weight: 400;\">Sua fragr\u00e2ncia gourmand e especiada combina a cremosidade do cappuccino italiano com o calor acolhedor da canela, criando uma atmosfera envolvente e reconfortante com apenas alguns borrifos.\u00a0<\/span><\/p>\n<p><span style=\"font-weight: 400;\">Pr\u00e1tico e eficaz, transforma o ambiente de forma imediata, com uma f\u00f3rmula segura e natural, feita com base vegetal biodegrad\u00e1vel, \u00f3leos essenciais e fragr\u00e2ncia de alta qualidade.<\/span><span style=\"font-weight: 400;\"><br \/>\n<\/span><\/div>\n<p><!-- .vgblk-rw-wrapper --><\/p>","protected":false},"excerpt":{"rendered":"<ul>\n<li><span style=\"font-weight: 400;\">\u00c1lcool de cereais<\/span><\/li>\n<li><span style=\"font-weight: 400;\">\u00d3leos essenciais de caf\u00e9 e canela<\/span><\/li>\n<li><span style=\"font-weight: 400;\">Solubilizante e fixador<\/span><\/li>\n<li><span style=\"font-weight: 400;\">Frasco de vidro com v\u00e1lvula spray<\/span><\/li>\n<\/ul>\n<p>&nbsp;<\/p>\n<p>&nbsp;<\/p>","protected":false},"featured_media":989524,"comment_status":"open","ping_status":"closed","template":"","meta":{"inline_featured_image":false},"product_brand":[156],"product_cat":[195,117,234],"product_tag":[212,167,177,166,225,178,176,168],"class_list":{"0":"post-989478","1":"product","2":"type-product","3":"status-publish","4":"has-post-thumbnail","6":"product_brand-alma-do-campo-home-sensation","7":"product_cat-colecao-momentos","8":"product_cat-home-spray","9":"product_cat-natal","10":"product_tag-aroma-especiado","11":"product_tag-bem-estar","12":"product_tag-cappuccino","13":"product_tag-feito-a-mao","14":"product_tag-home-spray-artesanal","15":"product_tag-inverno","16":"product_tag-manhas-de-inverno","17":"product_tag-perfume-para-casa","18":"pa_fragrancia-frutas-vermelhas","19":"pa_marca-alma-do-campo","20":"pa_size-169g","22":"first","23":"instock","24":"featured","25":"shipping-taxable","26":"purchasable","27":"product-type-simple"},"_links":{"self":[{"href":"https:\/\/almadocampo.com.br\/pt\/wp-json\/wp\/v2\/product\/989478","targetHints":{"allow":["GET"]}}],"collection":[{"href":"https:\/\/almadocampo.com.br\/pt\/wp-json\/wp\/v2\/product"}],"about":[{"href":"https:\/\/almadocampo.com.br\/pt\/wp-json\/wp\/v2\/types\/product"}],"replies":[{"embeddable":true,"href":"https:\/\/almadocampo.com.br\/pt\/wp-json\/wp\/v2\/comments?post=989478"}],"version-history":[{"count":2,"href":"https:\/\/almadocampo.com.br\/pt\/wp-json\/wp\/v2\/product\/989478\/revisions"}],"predecessor-version":[{"id":989567,"href":"https:\/\/almadocampo.com.br\/pt\/wp-json\/wp\/v2\/product\/989478\/revisions\/989567"}],"wp:featuredmedia":[{"embeddable":true,"href":"https:\/\/almadocampo.com.br\/pt\/wp-json\/wp\/v2\/media\/989524"}],"wp:attachment":[{"href":"https:\/\/almadocampo.com.br\/pt\/wp-json\/wp\/v2\/media?parent=989478"}],"wp:term":[{"taxonomy":"product_brand","embeddable":true,"href":"https:\/\/almadocampo.com.br\/pt\/wp-json\/wp\/v2\/product_brand?post=989478"},{"taxonomy":"product_cat","embeddable":true,"href":"https:\/\/almadocampo.com.br\/pt\/wp-json\/wp\/v2\/product_cat?post=989478"},{"taxonomy":"product_tag","embeddable":true,"href":"https:\/\/almadocampo.com.br\/pt\/wp-json\/wp\/v2\/product_tag?post=989478"}],"curies":[{"name":"wp","href":"https:\/\/api.w.org\/{rel}","templated":true}]}}