{"id":989476,"date":"2025-07-12T13:52:35","date_gmt":"2025-07-12T13:52:35","guid":{"rendered":"https:\/\/almadocampo.com.br\/?post_type=product&#038;p=989476"},"modified":"2025-11-24T01:16:52","modified_gmt":"2025-11-24T01:16:52","slug":"wax-melts-69g-manhas-de-inverno","status":"publish","type":"product","link":"https:\/\/almadocampo.com.br\/pt\/produto\/wax-melts-69g-manhas-de-inverno\/","title":{"rendered":"Wax Melts 69g \u2013 Manh\u00e3s de Inverno"},"content":{"rendered":"<div class=\"vgblk-rw-wrapper limit-wrapper\"><span style=\"font-weight: 400\">As pastilhas arom\u00e1ticas &#8216;Manh\u00e3s de Inverno&#8217; s\u00e3o como um abra\u00e7o quente logo cedo. <\/span><\/p>\n<p><span style=\"font-weight: 400\">Combinando a cremosidade do cappuccino italiano ao calor acolhedor da canela, sua fragr\u00e2ncia gourmand e especiada cria uma atmosfera envolvente e reconfortante que aquece o ambiente aos poucos. <\/span><\/p>\n<p><span style=\"font-weight: 400\">Derretem suavemente em rechauds ou difusores el\u00e9tricos, perfumando o espa\u00e7o de maneira gradual, sens\u00edvel e duradoura.<\/span><\/p>\n<p><span style=\"font-weight: 400\"> Produzidas artesanalmente com blend exclusivo de ceras vegetais e fragr\u00e2ncia natural de alta qualidade.<\/span><\/p>\n<p><br style=\"font-weight: 400\" \/><br style=\"font-weight: 400\" \/><br style=\"font-weight: 400\" \/><br style=\"font-weight: 400\" \/><\/p>\n<p><br style=\"font-weight: 400\" \/><br style=\"font-weight: 400\" \/><br style=\"font-weight: 400\" \/><br style=\"font-weight: 400\" \/><br style=\"font-weight: 400\" \/><br style=\"font-weight: 400\" \/><br style=\"font-weight: 400\" \/><\/div>\n<p><!-- .vgblk-rw-wrapper --><\/p>","protected":false},"excerpt":{"rendered":"<ul>\n<li><span style=\"font-weight: 400\">\u00a0Blend de ceras vegetais (coco, arroz e palma)<\/span><\/li>\n<li><span style=\"font-weight: 400\">\u00d3leos essenciais de caf\u00e9 e canela<\/span><\/li>\n<\/ul>\n<p>&nbsp;<\/p>","protected":false},"featured_media":989564,"comment_status":"open","ping_status":"closed","template":"","meta":{"inline_featured_image":false},"product_brand":[156],"product_cat":[195,228],"product_tag":[212,167,177,166,178,176,229,168],"class_list":{"0":"post-989476","1":"product","2":"type-product","3":"status-publish","4":"has-post-thumbnail","6":"product_brand-alma-do-campo-home-sensation","7":"product_cat-colecao-momentos","8":"product_cat-wax-melts","9":"product_tag-aroma-especiado","10":"product_tag-bem-estar","11":"product_tag-cappuccino","12":"product_tag-feito-a-mao","13":"product_tag-inverno","14":"product_tag-manhas-de-inverno","15":"product_tag-pastilhas-aromaticas","16":"product_tag-perfume-para-casa","17":"pa_fragrancia-canela-da-india-com-especiarias","18":"pa_marca-alma-do-campo","19":"pa_size-169g","21":"first","22":"outofstock","23":"shipping-taxable","24":"purchasable","25":"product-type-simple"},"_links":{"self":[{"href":"https:\/\/almadocampo.com.br\/pt\/wp-json\/wp\/v2\/product\/989476","targetHints":{"allow":["GET"]}}],"collection":[{"href":"https:\/\/almadocampo.com.br\/pt\/wp-json\/wp\/v2\/product"}],"about":[{"href":"https:\/\/almadocampo.com.br\/pt\/wp-json\/wp\/v2\/types\/product"}],"replies":[{"embeddable":true,"href":"https:\/\/almadocampo.com.br\/pt\/wp-json\/wp\/v2\/comments?post=989476"}],"version-history":[{"count":3,"href":"https:\/\/almadocampo.com.br\/pt\/wp-json\/wp\/v2\/product\/989476\/revisions"}],"predecessor-version":[{"id":989666,"href":"https:\/\/almadocampo.com.br\/pt\/wp-json\/wp\/v2\/product\/989476\/revisions\/989666"}],"wp:featuredmedia":[{"embeddable":true,"href":"https:\/\/almadocampo.com.br\/pt\/wp-json\/wp\/v2\/media\/989564"}],"wp:attachment":[{"href":"https:\/\/almadocampo.com.br\/pt\/wp-json\/wp\/v2\/media?parent=989476"}],"wp:term":[{"taxonomy":"product_brand","embeddable":true,"href":"https:\/\/almadocampo.com.br\/pt\/wp-json\/wp\/v2\/product_brand?post=989476"},{"taxonomy":"product_cat","embeddable":true,"href":"https:\/\/almadocampo.com.br\/pt\/wp-json\/wp\/v2\/product_cat?post=989476"},{"taxonomy":"product_tag","embeddable":true,"href":"https:\/\/almadocampo.com.br\/pt\/wp-json\/wp\/v2\/product_tag?post=989476"}],"curies":[{"name":"wp","href":"https:\/\/api.w.org\/{rel}","templated":true}]}}