{"id":989474,"date":"2025-07-12T13:51:55","date_gmt":"2025-07-12T13:51:55","guid":{"rendered":"https:\/\/almadocampo.com.br\/?post_type=product&#038;p=989474"},"modified":"2026-04-13T18:40:17","modified_gmt":"2026-04-13T18:40:17","slug":"home-spray-200ml-caminho-na-floresta","status":"publish","type":"product","link":"https:\/\/almadocampo.com.br\/pt\/produto\/home-spray-200ml-caminho-na-floresta\/","title":{"rendered":"Home Spray 200ml \u2013 Caminho na Floresta"},"content":{"rendered":"<div class=\"vgblk-rw-wrapper limit-wrapper\">&nbsp;<\/p>\n<p><span style=\"font-weight: 400;\">O Home Spray &#8216;Caminho na Floresta&#8217; transporta o ambiente para o cora\u00e7\u00e3o de uma floresta tropical. Suas notas verdes e amadeiradas, obtidas a partir de \u00f3leos essenciais naturais, evocam ra\u00edzes \u00famidas, folhas orvalhadas e o aroma da terra molhada ap\u00f3s a chuva.<\/span><\/p>\n<p><span style=\"font-weight: 400;\">A f\u00f3rmula pr\u00e1tica e imediata oferece perfuma\u00e7\u00e3o intensa com apenas alguns sprays, trazendo \u00e0 tona uma atmosfera introspectiva e sensorial.<\/span><\/p>\n<p><span style=\"font-weight: 400;\">Feito com base vegetal biodegrad\u00e1vel e fragr\u00e2ncia natural, respeita a sa\u00fade e o meio ambiente.<\/span><\/div>\n<p><!-- .vgblk-rw-wrapper --><\/p>","protected":false},"excerpt":{"rendered":"<ul>\n<li><span style=\"font-weight: 400;\">\u00c1lcool de cereais<\/span><\/li>\n<li><span style=\"font-weight: 400;\">\u00d3leos essenciais e fragr\u00e2ncia natural de notas verdes e madeiras tropicais<\/span><\/li>\n<li><span style=\"font-weight: 400;\">Solubilizante e fixador<\/span><\/li>\n<li><span style=\"font-weight: 400;\">Frasco de vidro com v\u00e1lvula spray<\/span><\/li>\n<\/ul>\n<p>&nbsp;<\/p>\n<p>&nbsp;<\/p>","protected":false},"featured_media":989527,"comment_status":"open","ping_status":"closed","template":"","meta":{"inline_featured_image":false},"product_brand":[156],"product_cat":[195,117],"product_tag":[180,179,210,166,181,225,168],"class_list":{"0":"post-989474","1":"product","2":"type-product","3":"status-publish","4":"has-post-thumbnail","6":"product_brand-alma-do-campo-home-sensation","7":"product_cat-colecao-momentos","8":"product_cat-home-spray","9":"product_tag-aroma-amadeirado","10":"product_tag-caminho-na-floresta","11":"product_tag-conexao-com-a-natureza","12":"product_tag-feito-a-mao","13":"product_tag-floresta-tropical","14":"product_tag-home-spray-artesanal","15":"product_tag-perfume-para-casa","16":"pa_fragrancia-frutas-vermelhas","17":"pa_marca-alma-do-campo","18":"pa_size-169g","20":"first","21":"instock","22":"shipping-taxable","23":"purchasable","24":"product-type-simple"},"_links":{"self":[{"href":"https:\/\/almadocampo.com.br\/pt\/wp-json\/wp\/v2\/product\/989474","targetHints":{"allow":["GET"]}}],"collection":[{"href":"https:\/\/almadocampo.com.br\/pt\/wp-json\/wp\/v2\/product"}],"about":[{"href":"https:\/\/almadocampo.com.br\/pt\/wp-json\/wp\/v2\/types\/product"}],"replies":[{"embeddable":true,"href":"https:\/\/almadocampo.com.br\/pt\/wp-json\/wp\/v2\/comments?post=989474"}],"version-history":[{"count":2,"href":"https:\/\/almadocampo.com.br\/pt\/wp-json\/wp\/v2\/product\/989474\/revisions"}],"predecessor-version":[{"id":989568,"href":"https:\/\/almadocampo.com.br\/pt\/wp-json\/wp\/v2\/product\/989474\/revisions\/989568"}],"wp:featuredmedia":[{"embeddable":true,"href":"https:\/\/almadocampo.com.br\/pt\/wp-json\/wp\/v2\/media\/989527"}],"wp:attachment":[{"href":"https:\/\/almadocampo.com.br\/pt\/wp-json\/wp\/v2\/media?parent=989474"}],"wp:term":[{"taxonomy":"product_brand","embeddable":true,"href":"https:\/\/almadocampo.com.br\/pt\/wp-json\/wp\/v2\/product_brand?post=989474"},{"taxonomy":"product_cat","embeddable":true,"href":"https:\/\/almadocampo.com.br\/pt\/wp-json\/wp\/v2\/product_cat?post=989474"},{"taxonomy":"product_tag","embeddable":true,"href":"https:\/\/almadocampo.com.br\/pt\/wp-json\/wp\/v2\/product_tag?post=989474"}],"curies":[{"name":"wp","href":"https:\/\/api.w.org\/{rel}","templated":true}]}}