{"id":989472,"date":"2025-07-12T13:50:04","date_gmt":"2025-07-12T13:50:04","guid":{"rendered":"https:\/\/almadocampo.com.br\/?post_type=product&#038;p=989472"},"modified":"2026-02-18T12:02:59","modified_gmt":"2026-02-18T12:02:59","slug":"wax-melts-69g-caminho-na-floresta","status":"publish","type":"product","link":"https:\/\/almadocampo.com.br\/pt\/produto\/wax-melts-69g-caminho-na-floresta\/","title":{"rendered":"Wax Melts 69g \u2013 Caminho na Floresta"},"content":{"rendered":"<div class=\"vgblk-rw-wrapper limit-wrapper\"><span style=\"font-weight: 400\">\u00a0As pastilhas arom\u00e1ticas &#8216;Caminho na Floresta&#8217; convidam a um mergulho sensorial nas entranhas verdes da natureza. <\/span><\/p>\n<p><span style=\"font-weight: 400\">Com notas amadeiradas e verdes que evocam ra\u00edzes \u00famidas, folhas orvalhadas e o frescor da terra molhada, essa fragr\u00e2ncia transforma o ambiente em um espa\u00e7o de presen\u00e7a e introspec\u00e7\u00e3o. <\/span><\/p>\n<p><span style=\"font-weight: 400\">Produzidas artesanalmente com blend exclusivo de ceras vegetais e fragr\u00e2ncia natural, liberam o aroma de forma gradual e envolvente ao serem aquecidas em rechauds ou difusores el\u00e9tricos.<\/span><\/p>\n<p><br style=\"font-weight: 400\" \/><br style=\"font-weight: 400\" \/><\/p>\n<p><br style=\"font-weight: 400\" \/><br style=\"font-weight: 400\" \/><br style=\"font-weight: 400\" \/><br style=\"font-weight: 400\" \/><br style=\"font-weight: 400\" \/><br style=\"font-weight: 400\" \/><br style=\"font-weight: 400\" \/><\/div>\n<p><!-- .vgblk-rw-wrapper --><\/p>","protected":false},"excerpt":{"rendered":"<ul>\n<li><span style=\"font-weight: 400\">\u00a0Blend de ceras vegetais (coco, arroz e palma)<\/span><\/li>\n<li><span style=\"font-weight: 400\">\u00d3leos essenciais e fragr\u00e2ncia natural de notas verdes e madeiras tropicais<\/span><\/li>\n<\/ul>\n<p>&nbsp;<\/p>\n<p>&nbsp;<\/p>","protected":false},"featured_media":989574,"comment_status":"open","ping_status":"closed","template":"","meta":{"inline_featured_image":false},"product_brand":[156],"product_cat":[195,228],"product_tag":[180,179,210,166,181,229,168],"class_list":{"0":"post-989472","1":"product","2":"type-product","3":"status-publish","4":"has-post-thumbnail","6":"product_brand-alma-do-campo-home-sensation","7":"product_cat-colecao-momentos","8":"product_cat-wax-melts","9":"product_tag-aroma-amadeirado","10":"product_tag-caminho-na-floresta","11":"product_tag-conexao-com-a-natureza","12":"product_tag-feito-a-mao","13":"product_tag-floresta-tropical","14":"product_tag-pastilhas-aromaticas","15":"product_tag-perfume-para-casa","16":"pa_fragrancia-canela-da-india-com-especiarias","17":"pa_marca-alma-do-campo","18":"pa_size-169g","20":"first","21":"instock","22":"shipping-taxable","23":"purchasable","24":"product-type-simple"},"_links":{"self":[{"href":"https:\/\/almadocampo.com.br\/pt\/wp-json\/wp\/v2\/product\/989472","targetHints":{"allow":["GET"]}}],"collection":[{"href":"https:\/\/almadocampo.com.br\/pt\/wp-json\/wp\/v2\/product"}],"about":[{"href":"https:\/\/almadocampo.com.br\/pt\/wp-json\/wp\/v2\/types\/product"}],"replies":[{"embeddable":true,"href":"https:\/\/almadocampo.com.br\/pt\/wp-json\/wp\/v2\/comments?post=989472"}],"version-history":[{"count":2,"href":"https:\/\/almadocampo.com.br\/pt\/wp-json\/wp\/v2\/product\/989472\/revisions"}],"predecessor-version":[{"id":989674,"href":"https:\/\/almadocampo.com.br\/pt\/wp-json\/wp\/v2\/product\/989472\/revisions\/989674"}],"wp:featuredmedia":[{"embeddable":true,"href":"https:\/\/almadocampo.com.br\/pt\/wp-json\/wp\/v2\/media\/989574"}],"wp:attachment":[{"href":"https:\/\/almadocampo.com.br\/pt\/wp-json\/wp\/v2\/media?parent=989472"}],"wp:term":[{"taxonomy":"product_brand","embeddable":true,"href":"https:\/\/almadocampo.com.br\/pt\/wp-json\/wp\/v2\/product_brand?post=989472"},{"taxonomy":"product_cat","embeddable":true,"href":"https:\/\/almadocampo.com.br\/pt\/wp-json\/wp\/v2\/product_cat?post=989472"},{"taxonomy":"product_tag","embeddable":true,"href":"https:\/\/almadocampo.com.br\/pt\/wp-json\/wp\/v2\/product_tag?post=989472"}],"curies":[{"name":"wp","href":"https:\/\/api.w.org\/{rel}","templated":true}]}}