{"id":989470,"date":"2025-07-12T13:49:32","date_gmt":"2025-07-12T13:49:32","guid":{"rendered":"https:\/\/almadocampo.com.br\/?post_type=product&#038;p=989470"},"modified":"2026-04-13T18:40:17","modified_gmt":"2026-04-13T18:40:17","slug":"home-spray-200ml-casa-da-vovo","status":"publish","type":"product","link":"https:\/\/almadocampo.com.br\/pt\/produto\/home-spray-200ml-casa-da-vovo\/","title":{"rendered":"Home Spray 200ml \u2013 Casa da Vov\u00f3"},"content":{"rendered":"<div class=\"vgblk-rw-wrapper limit-wrapper\">&nbsp;<\/p>\n<p>&nbsp;<\/p>\n<p><span style=\"font-weight: 400;\">O Home Spray &#8216;Casa da Vov\u00f3&#8217; \u00e9 um abra\u00e7o em forma de aroma.<\/span><\/p>\n<p><span style=\"font-weight: 400;\">Com notas doces de frutas vermelhas assadas, sua fragr\u00e2ncia traz \u00e0 tona lembran\u00e7as afetivas, como tardes tranquilas e conversas na cozinha. Pr\u00e1tico e eficaz, perfuma o ambiente com leveza e calor, proporcionando conforto imediato. <\/span><\/p>\n<p><span style=\"font-weight: 400;\">Sua f\u00f3rmula \u00e9 composta por base vegetal biodegrad\u00e1vel, \u00f3leos essenciais e fragr\u00e2ncia natural de alta qualidade, respeitando a sa\u00fade e o meio ambiente.<\/span><\/p>\n<p>&nbsp;<\/p><\/div>\n<p><!-- .vgblk-rw-wrapper --><\/p>","protected":false},"excerpt":{"rendered":"<ul>\n<li><span style=\"font-weight: 400;\">\u00c1lcool de cereais<\/span><\/li>\n<li><span style=\"font-weight: 400;\">\u00d3leos essenciais e fragr\u00e2ncia natural de frutas vermelhas doces<\/span><\/li>\n<li><span style=\"font-weight: 400;\">Solubilizante e fixador<\/span><\/li>\n<li><span style=\"font-weight: 400;\">Frasco de vidro com v\u00e1lvula spray<\/span><\/li>\n<\/ul>\n<p>&nbsp;<\/p>\n<p>&nbsp;<\/p>","protected":false},"featured_media":989551,"comment_status":"open","ping_status":"closed","template":"","meta":{"inline_featured_image":false},"product_brand":[156],"product_cat":[195,117,234],"product_tag":[218,167,182,166,183,225,184,168],"class_list":{"0":"post-989470","1":"product","2":"type-product","3":"status-publish","4":"has-post-thumbnail","6":"product_brand-alma-do-campo-home-sensation","7":"product_cat-colecao-momentos","8":"product_cat-home-spray","9":"product_cat-natal","10":"product_tag-aroma-doce","11":"product_tag-bem-estar","12":"product_tag-casa-da-vovo","13":"product_tag-feito-a-mao","14":"product_tag-frutas-vermelhas","15":"product_tag-home-spray-artesanal","16":"product_tag-memoria-afetiva","17":"product_tag-perfume-para-casa","18":"pa_fragrancia-frutas-vermelhas","19":"pa_marca-alma-do-campo","20":"pa_size-169g","22":"first","23":"instock","24":"featured","25":"shipping-taxable","26":"purchasable","27":"product-type-simple"},"_links":{"self":[{"href":"https:\/\/almadocampo.com.br\/pt\/wp-json\/wp\/v2\/product\/989470","targetHints":{"allow":["GET"]}}],"collection":[{"href":"https:\/\/almadocampo.com.br\/pt\/wp-json\/wp\/v2\/product"}],"about":[{"href":"https:\/\/almadocampo.com.br\/pt\/wp-json\/wp\/v2\/types\/product"}],"replies":[{"embeddable":true,"href":"https:\/\/almadocampo.com.br\/pt\/wp-json\/wp\/v2\/comments?post=989470"}],"version-history":[{"count":2,"href":"https:\/\/almadocampo.com.br\/pt\/wp-json\/wp\/v2\/product\/989470\/revisions"}],"predecessor-version":[{"id":989569,"href":"https:\/\/almadocampo.com.br\/pt\/wp-json\/wp\/v2\/product\/989470\/revisions\/989569"}],"wp:featuredmedia":[{"embeddable":true,"href":"https:\/\/almadocampo.com.br\/pt\/wp-json\/wp\/v2\/media\/989551"}],"wp:attachment":[{"href":"https:\/\/almadocampo.com.br\/pt\/wp-json\/wp\/v2\/media?parent=989470"}],"wp:term":[{"taxonomy":"product_brand","embeddable":true,"href":"https:\/\/almadocampo.com.br\/pt\/wp-json\/wp\/v2\/product_brand?post=989470"},{"taxonomy":"product_cat","embeddable":true,"href":"https:\/\/almadocampo.com.br\/pt\/wp-json\/wp\/v2\/product_cat?post=989470"},{"taxonomy":"product_tag","embeddable":true,"href":"https:\/\/almadocampo.com.br\/pt\/wp-json\/wp\/v2\/product_tag?post=989470"}],"curies":[{"name":"wp","href":"https:\/\/api.w.org\/{rel}","templated":true}]}}