{"id":989468,"date":"2025-07-12T13:47:54","date_gmt":"2025-07-12T13:47:54","guid":{"rendered":"https:\/\/almadocampo.com.br\/?post_type=product&#038;p=989468"},"modified":"2025-11-28T22:25:49","modified_gmt":"2025-11-28T22:25:49","slug":"wax-melts-69g-casa-da-vovo","status":"publish","type":"product","link":"https:\/\/almadocampo.com.br\/pt\/produto\/wax-melts-69g-casa-da-vovo\/","title":{"rendered":"Wax Melts 69g \u2013 Casa da Vov\u00f3"},"content":{"rendered":"<div class=\"vgblk-rw-wrapper limit-wrapper\">&nbsp;<\/p>\n<p>&nbsp;<\/p>\n<p><span style=\"font-weight: 400\">\u00a0As pastilhas arom\u00e1ticas &#8216;Casa da Vov\u00f3&#8217; aquecem a alma com sua fragr\u00e2ncia doce e nost\u00e1lgica. <\/span><\/p>\n<p><span style=\"font-weight: 400\">Com notas envolventes de frutas vermelhas assadas, remetem \u00e0 cozinha da inf\u00e2ncia, aos almo\u00e7os longos e aos pequenos gestos de carinho. <\/span><\/p>\n<p><span style=\"font-weight: 400\">Produzidas artesanalmente com blend de ceras vegetais e fragr\u00e2ncia natural, derretem lentamente em rechauds ou difusores el\u00e9tricos, perfumando o ambiente com afeto e mem\u00f3ria.<\/span><\/p>\n<p><br style=\"font-weight: 400\" \/><br style=\"font-weight: 400\" \/><br style=\"font-weight: 400\" \/><br style=\"font-weight: 400\" \/><br style=\"font-weight: 400\" \/><br style=\"font-weight: 400\" \/><br style=\"font-weight: 400\" \/><\/div>\n<p><!-- .vgblk-rw-wrapper --><\/p>","protected":false},"excerpt":{"rendered":"<ul>\n<li><span style=\"font-weight: 400\">Blend de ceras vegetais (coco, arroz e palma)<\/span><\/li>\n<li><span style=\"font-weight: 400\">\u00d3leos essenciais e fragr\u00e2ncia natural de frutas vermelhas doces<\/span><\/li>\n<\/ul>\n<p>&nbsp;<\/p>\n<p>&nbsp;<\/p>","protected":false},"featured_media":989599,"comment_status":"open","ping_status":"closed","template":"","meta":{"inline_featured_image":false},"product_brand":[156],"product_cat":[195,228],"product_tag":[218,167,182,166,183,184,229,168],"class_list":{"0":"post-989468","1":"product","2":"type-product","3":"status-publish","4":"has-post-thumbnail","6":"product_brand-alma-do-campo-home-sensation","7":"product_cat-colecao-momentos","8":"product_cat-wax-melts","9":"product_tag-aroma-doce","10":"product_tag-bem-estar","11":"product_tag-casa-da-vovo","12":"product_tag-feito-a-mao","13":"product_tag-frutas-vermelhas","14":"product_tag-memoria-afetiva","15":"product_tag-pastilhas-aromaticas","16":"product_tag-perfume-para-casa","17":"pa_fragrancia-canela-da-india-com-especiarias","18":"pa_marca-alma-do-campo","19":"pa_size-169g","21":"first","22":"instock","23":"shipping-taxable","24":"purchasable","25":"product-type-simple"},"_links":{"self":[{"href":"https:\/\/almadocampo.com.br\/pt\/wp-json\/wp\/v2\/product\/989468","targetHints":{"allow":["GET"]}}],"collection":[{"href":"https:\/\/almadocampo.com.br\/pt\/wp-json\/wp\/v2\/product"}],"about":[{"href":"https:\/\/almadocampo.com.br\/pt\/wp-json\/wp\/v2\/types\/product"}],"replies":[{"embeddable":true,"href":"https:\/\/almadocampo.com.br\/pt\/wp-json\/wp\/v2\/comments?post=989468"}],"version-history":[{"count":2,"href":"https:\/\/almadocampo.com.br\/pt\/wp-json\/wp\/v2\/product\/989468\/revisions"}],"predecessor-version":[{"id":989667,"href":"https:\/\/almadocampo.com.br\/pt\/wp-json\/wp\/v2\/product\/989468\/revisions\/989667"}],"wp:featuredmedia":[{"embeddable":true,"href":"https:\/\/almadocampo.com.br\/pt\/wp-json\/wp\/v2\/media\/989599"}],"wp:attachment":[{"href":"https:\/\/almadocampo.com.br\/pt\/wp-json\/wp\/v2\/media?parent=989468"}],"wp:term":[{"taxonomy":"product_brand","embeddable":true,"href":"https:\/\/almadocampo.com.br\/pt\/wp-json\/wp\/v2\/product_brand?post=989468"},{"taxonomy":"product_cat","embeddable":true,"href":"https:\/\/almadocampo.com.br\/pt\/wp-json\/wp\/v2\/product_cat?post=989468"},{"taxonomy":"product_tag","embeddable":true,"href":"https:\/\/almadocampo.com.br\/pt\/wp-json\/wp\/v2\/product_tag?post=989468"}],"curies":[{"name":"wp","href":"https:\/\/api.w.org\/{rel}","templated":true}]}}