{"id":989463,"date":"2025-07-12T13:45:23","date_gmt":"2025-07-12T13:45:23","guid":{"rendered":"https:\/\/almadocampo.com.br\/?post_type=product&#038;p=989463"},"modified":"2025-11-24T01:16:53","modified_gmt":"2025-11-24T01:16:53","slug":"wax-melts-69g-despertar-da-primavera","status":"publish","type":"product","link":"https:\/\/almadocampo.com.br\/pt\/produto\/wax-melts-69g-despertar-da-primavera\/","title":{"rendered":"Wax Melts 69g \u2013 Despertar da Primavera"},"content":{"rendered":"<div class=\"vgblk-rw-wrapper limit-wrapper\">&nbsp;<\/p>\n<p><span style=\"font-weight: 400\">As pastilhas arom\u00e1ticas &#8216;Despertar da Primavera&#8217; trazem a leveza dos primeiros dias floridos. <\/span><\/p>\n<p><span style=\"font-weight: 400\">Com aroma suave da flor de cerejeira asi\u00e1tica, s\u00edmbolo de recome\u00e7os e beleza ef\u00eamera, elas perfumam o ambiente com do\u00e7ura e frescor.<\/span><\/p>\n<p><span style=\"font-weight: 400\"> Feitas com blend de ceras vegetais e fragr\u00e2ncia natural, se derretem lentamente em rechauds ou difusores el\u00e9tricos, liberando uma n\u00e9voa perfumada que transforma o cotidiano em celebra\u00e7\u00e3o.<\/span><\/p>\n<p><br style=\"font-weight: 400\" \/><br style=\"font-weight: 400\" \/><br style=\"font-weight: 400\" \/><br style=\"font-weight: 400\" \/><br style=\"font-weight: 400\" \/><\/div>\n<p><!-- .vgblk-rw-wrapper --><\/p>","protected":false},"excerpt":{"rendered":"<ul>\n<li><span style=\"font-weight: 400\">\u00a0Blend de ceras vegetais (coco, arroz e palma)<\/span><\/li>\n<li><span style=\"font-weight: 400\">\u00d3leo essencial e fragr\u00e2ncia natural de flor de cerejeira asi\u00e1tica<\/span><\/li>\n<\/ul>\n<p>&nbsp;<\/p>\n<p>&nbsp;<\/p>","protected":false},"featured_media":989602,"comment_status":"open","ping_status":"closed","template":"","meta":{"inline_featured_image":false},"product_brand":[156],"product_cat":[195,228],"product_tag":[217,167,185,166,186,229,168,187],"class_list":{"0":"post-989463","1":"product","2":"type-product","3":"status-publish","4":"has-post-thumbnail","6":"product_brand-alma-do-campo-home-sensation","7":"product_cat-colecao-momentos","8":"product_cat-wax-melts","9":"product_tag-aroma-floral","10":"product_tag-bem-estar","11":"product_tag-despertar-da-primavera","12":"product_tag-feito-a-mao","13":"product_tag-flor-de-cerejeira","14":"product_tag-pastilhas-aromaticas","15":"product_tag-perfume-para-casa","16":"product_tag-primavera","17":"pa_fragrancia-canela-da-india-com-especiarias","18":"pa_marca-alma-do-campo","19":"pa_size-169g","21":"first","22":"outofstock","23":"shipping-taxable","24":"purchasable","25":"product-type-simple"},"_links":{"self":[{"href":"https:\/\/almadocampo.com.br\/pt\/wp-json\/wp\/v2\/product\/989463","targetHints":{"allow":["GET"]}}],"collection":[{"href":"https:\/\/almadocampo.com.br\/pt\/wp-json\/wp\/v2\/product"}],"about":[{"href":"https:\/\/almadocampo.com.br\/pt\/wp-json\/wp\/v2\/types\/product"}],"replies":[{"embeddable":true,"href":"https:\/\/almadocampo.com.br\/pt\/wp-json\/wp\/v2\/comments?post=989463"}],"version-history":[{"count":2,"href":"https:\/\/almadocampo.com.br\/pt\/wp-json\/wp\/v2\/product\/989463\/revisions"}],"predecessor-version":[{"id":989673,"href":"https:\/\/almadocampo.com.br\/pt\/wp-json\/wp\/v2\/product\/989463\/revisions\/989673"}],"wp:featuredmedia":[{"embeddable":true,"href":"https:\/\/almadocampo.com.br\/pt\/wp-json\/wp\/v2\/media\/989602"}],"wp:attachment":[{"href":"https:\/\/almadocampo.com.br\/pt\/wp-json\/wp\/v2\/media?parent=989463"}],"wp:term":[{"taxonomy":"product_brand","embeddable":true,"href":"https:\/\/almadocampo.com.br\/pt\/wp-json\/wp\/v2\/product_brand?post=989463"},{"taxonomy":"product_cat","embeddable":true,"href":"https:\/\/almadocampo.com.br\/pt\/wp-json\/wp\/v2\/product_cat?post=989463"},{"taxonomy":"product_tag","embeddable":true,"href":"https:\/\/almadocampo.com.br\/pt\/wp-json\/wp\/v2\/product_tag?post=989463"}],"curies":[{"name":"wp","href":"https:\/\/api.w.org\/{rel}","templated":true}]}}