{"id":989461,"date":"2025-07-12T13:42:42","date_gmt":"2025-07-12T13:42:42","guid":{"rendered":"https:\/\/almadocampo.com.br\/?post_type=product&#038;p=989461"},"modified":"2026-04-13T18:40:17","modified_gmt":"2026-04-13T18:40:17","slug":"home-spray-200ml-passeio-no-campo","status":"publish","type":"product","link":"https:\/\/almadocampo.com.br\/pt\/produto\/home-spray-200ml-passeio-no-campo\/","title":{"rendered":"Home Spray 200ml \u2013 Passeio no Campo"},"content":{"rendered":"<div class=\"vgblk-rw-wrapper limit-wrapper\">&nbsp;<\/p>\n<p>&nbsp;<\/p>\n<p><span style=\"font-weight: 400;\">O Home Spray &#8216;Passeio no Campo&#8217; desperta uma sensa\u00e7\u00e3o de liberdade e leveza. Com fragr\u00e2ncia herbal e calmante da lavanda proven\u00e7al, transforma qualquer ambiente em um ref\u00fagio de tranquilidade.<\/span><\/p>\n<p><span style=\"font-weight: 400;\">Sua composi\u00e7\u00e3o natural utiliza base vegetal biodegrad\u00e1vel, \u00f3leo essencial e fragr\u00e2ncia natural, garantindo uma perfuma\u00e7\u00e3o pr\u00e1tica e imediata, ideal para criar um clima de serenidade em poucos instantes.<\/span><\/p>\n<p><span style=\"font-weight: 400;\">Um spray para quem deseja desacelerar e respirar fundo.<\/span><\/div>\n<p><!-- .vgblk-rw-wrapper --><\/p>","protected":false},"excerpt":{"rendered":"<ul>\n<li><span style=\"font-weight: 400;\">\u00c1lcool de cereais<\/span><\/li>\n<li><span style=\"font-weight: 400;\">\u00d3leo essencial e fragr\u00e2ncia natural de lavanda proven\u00e7al<\/span><\/li>\n<li><span style=\"font-weight: 400;\">Solubilizante e fixador<\/span><\/li>\n<li><span style=\"font-weight: 400;\">Frasco de vidro com v\u00e1lvula spray<\/span><\/li>\n<\/ul>\n<p>&nbsp;<\/p>\n<p>&nbsp;<\/p>","protected":false},"featured_media":989535,"comment_status":"open","ping_status":"closed","template":"","meta":{"inline_featured_image":false},"product_brand":[156],"product_cat":[195,117,234],"product_tag":[205,167,166,225,213,188,168,191],"class_list":{"0":"post-989461","1":"product","2":"type-product","3":"status-publish","4":"has-post-thumbnail","6":"product_brand-alma-do-campo-home-sensation","7":"product_cat-colecao-momentos","8":"product_cat-home-spray","9":"product_cat-natal","10":"product_tag-aroma-herbal","11":"product_tag-bem-estar","12":"product_tag-feito-a-mao","13":"product_tag-home-spray-artesanal","14":"product_tag-lavanda-provencal","15":"product_tag-passeio-no-campo","16":"product_tag-perfume-para-casa","17":"product_tag-tranquilidade","18":"pa_fragrancia-frutas-vermelhas","19":"pa_marca-alma-do-campo","20":"pa_size-169g","22":"first","23":"instock","24":"featured","25":"shipping-taxable","26":"purchasable","27":"product-type-simple"},"_links":{"self":[{"href":"https:\/\/almadocampo.com.br\/pt\/wp-json\/wp\/v2\/product\/989461","targetHints":{"allow":["GET"]}}],"collection":[{"href":"https:\/\/almadocampo.com.br\/pt\/wp-json\/wp\/v2\/product"}],"about":[{"href":"https:\/\/almadocampo.com.br\/pt\/wp-json\/wp\/v2\/types\/product"}],"replies":[{"embeddable":true,"href":"https:\/\/almadocampo.com.br\/pt\/wp-json\/wp\/v2\/comments?post=989461"}],"version-history":[{"count":5,"href":"https:\/\/almadocampo.com.br\/pt\/wp-json\/wp\/v2\/product\/989461\/revisions"}],"predecessor-version":[{"id":989938,"href":"https:\/\/almadocampo.com.br\/pt\/wp-json\/wp\/v2\/product\/989461\/revisions\/989938"}],"wp:featuredmedia":[{"embeddable":true,"href":"https:\/\/almadocampo.com.br\/pt\/wp-json\/wp\/v2\/media\/989535"}],"wp:attachment":[{"href":"https:\/\/almadocampo.com.br\/pt\/wp-json\/wp\/v2\/media?parent=989461"}],"wp:term":[{"taxonomy":"product_brand","embeddable":true,"href":"https:\/\/almadocampo.com.br\/pt\/wp-json\/wp\/v2\/product_brand?post=989461"},{"taxonomy":"product_cat","embeddable":true,"href":"https:\/\/almadocampo.com.br\/pt\/wp-json\/wp\/v2\/product_cat?post=989461"},{"taxonomy":"product_tag","embeddable":true,"href":"https:\/\/almadocampo.com.br\/pt\/wp-json\/wp\/v2\/product_tag?post=989461"}],"curies":[{"name":"wp","href":"https:\/\/api.w.org\/{rel}","templated":true}]}}