{"id":989460,"date":"2025-07-12T13:41:25","date_gmt":"2025-07-12T13:41:25","guid":{"rendered":"https:\/\/almadocampo.com.br\/?post_type=product&#038;p=989460"},"modified":"2025-11-24T01:16:53","modified_gmt":"2025-11-24T01:16:53","slug":"wax-melts-69g-passeio-no-campo","status":"publish","type":"product","link":"https:\/\/almadocampo.com.br\/pt\/produto\/wax-melts-69g-passeio-no-campo\/","title":{"rendered":"Wax Melts 69g \u2013 Passeio no Campo"},"content":{"rendered":"<div class=\"vgblk-rw-wrapper limit-wrapper\">&nbsp;<\/p>\n<p><span style=\"font-weight: 400\">As pastilhas arom\u00e1ticas &#8216;Passeio no Campo&#8217; s\u00e3o como uma brisa suave entre lavandas. <\/span><\/p>\n<p><span style=\"font-weight: 400\">Com fragr\u00e2ncia herbal e calmante da lavanda proven\u00e7al, promovem uma atmosfera de paz e serenidade. <\/span><\/p>\n<p><span style=\"font-weight: 400\">Feitas com blend de ceras vegetais e fragr\u00e2ncia natural, se derretem lentamente em rechauds ou difusores el\u00e9tricos, preenchendo o ambiente com um perfume leve, fresco e reconfortante. <\/span><\/p>\n<p><span style=\"font-weight: 400\">Um gesto simples para desacelerar, respirar fundo e acolher a alma.<\/span><\/p>\n<p><br style=\"font-weight: 400\" \/><br style=\"font-weight: 400\" \/><br style=\"font-weight: 400\" \/><br style=\"font-weight: 400\" \/><br style=\"font-weight: 400\" \/><\/div>\n<p><!-- .vgblk-rw-wrapper --><\/p>","protected":false},"excerpt":{"rendered":"<ul>\n<li><span style=\"font-weight: 400\">Blend de ceras vegetais (coco, arroz e palma)<\/span><\/li>\n<li><span style=\"font-weight: 400\">\u00d3leo essencial e fragr\u00e2ncia natural de lavanda proven\u00e7al<\/span><\/li>\n<\/ul>\n<p>&nbsp;<\/p>\n<p>&nbsp;<\/p>","protected":false},"featured_media":989583,"comment_status":"open","ping_status":"closed","template":"","meta":{"inline_featured_image":false},"product_brand":[156],"product_cat":[195,228],"product_tag":[205,167,166,213,188,229,168,191],"class_list":{"0":"post-989460","1":"product","2":"type-product","3":"status-publish","4":"has-post-thumbnail","6":"product_brand-alma-do-campo-home-sensation","7":"product_cat-colecao-momentos","8":"product_cat-wax-melts","9":"product_tag-aroma-herbal","10":"product_tag-bem-estar","11":"product_tag-feito-a-mao","12":"product_tag-lavanda-provencal","13":"product_tag-passeio-no-campo","14":"product_tag-pastilhas-aromaticas","15":"product_tag-perfume-para-casa","16":"product_tag-tranquilidade","17":"pa_fragrancia-canela-da-india-com-especiarias","18":"pa_marca-alma-do-campo","19":"pa_size-169g","21":"first","22":"outofstock","23":"shipping-taxable","24":"purchasable","25":"product-type-simple"},"_links":{"self":[{"href":"https:\/\/almadocampo.com.br\/pt\/wp-json\/wp\/v2\/product\/989460","targetHints":{"allow":["GET"]}}],"collection":[{"href":"https:\/\/almadocampo.com.br\/pt\/wp-json\/wp\/v2\/product"}],"about":[{"href":"https:\/\/almadocampo.com.br\/pt\/wp-json\/wp\/v2\/types\/product"}],"replies":[{"embeddable":true,"href":"https:\/\/almadocampo.com.br\/pt\/wp-json\/wp\/v2\/comments?post=989460"}],"version-history":[{"count":4,"href":"https:\/\/almadocampo.com.br\/pt\/wp-json\/wp\/v2\/product\/989460\/revisions"}],"predecessor-version":[{"id":989954,"href":"https:\/\/almadocampo.com.br\/pt\/wp-json\/wp\/v2\/product\/989460\/revisions\/989954"}],"wp:featuredmedia":[{"embeddable":true,"href":"https:\/\/almadocampo.com.br\/pt\/wp-json\/wp\/v2\/media\/989583"}],"wp:attachment":[{"href":"https:\/\/almadocampo.com.br\/pt\/wp-json\/wp\/v2\/media?parent=989460"}],"wp:term":[{"taxonomy":"product_brand","embeddable":true,"href":"https:\/\/almadocampo.com.br\/pt\/wp-json\/wp\/v2\/product_brand?post=989460"},{"taxonomy":"product_cat","embeddable":true,"href":"https:\/\/almadocampo.com.br\/pt\/wp-json\/wp\/v2\/product_cat?post=989460"},{"taxonomy":"product_tag","embeddable":true,"href":"https:\/\/almadocampo.com.br\/pt\/wp-json\/wp\/v2\/product_tag?post=989460"}],"curies":[{"name":"wp","href":"https:\/\/api.w.org\/{rel}","templated":true}]}}