{"id":989458,"date":"2025-07-12T13:38:04","date_gmt":"2025-07-12T13:38:04","guid":{"rendered":"https:\/\/almadocampo.com.br\/?post_type=product&#038;p=989458"},"modified":"2025-11-24T01:16:53","modified_gmt":"2025-11-24T01:16:53","slug":"wax-melts-69g-sussurros-da-noite","status":"publish","type":"product","link":"https:\/\/almadocampo.com.br\/pt\/produto\/wax-melts-69g-sussurros-da-noite\/","title":{"rendered":"Wax Melts 69g \u2013 Sussurros da Noite"},"content":{"rendered":"<div class=\"vgblk-rw-wrapper limit-wrapper\">&nbsp;<\/p>\n<p><span style=\"font-weight: 400\">As pastilhas arom\u00e1ticas &#8216;Sussurros da Noite&#8217; despertam o ambiente com notas quentes, doces e sedutoras da baunilha bourbon. <\/span><\/p>\n<p><span style=\"font-weight: 400\">Feitas com um blend exclusivo de ceras vegetais e fragr\u00e2ncia natural, se derretem lentamente em rechauds ou difusores el\u00e9tricos, liberando uma atmosfera de intimidade, conforto e acolhimento. <\/span><\/p>\n<p><span style=\"font-weight: 400\">Uma op\u00e7\u00e3o pr\u00e1tica, po\u00e9tica e duradoura para transformar sua casa em um ref\u00fagio sensorial.<\/span><\/p>\n<p><br style=\"font-weight: 400\" \/><br style=\"font-weight: 400\" \/><br style=\"font-weight: 400\" \/><br style=\"font-weight: 400\" \/><\/div>\n<p><!-- .vgblk-rw-wrapper --><\/p>","protected":false},"excerpt":{"rendered":"<ul>\n<li><span style=\"font-weight: 400\">Blend de ceras vegetais (coco, arroz e palma)<\/span><\/li>\n<li><span style=\"font-weight: 400\">\u00d3leos essenciais e fragr\u00e2ncia natural de baunilha bourbon<\/span><\/li>\n<\/ul>\n<p>&nbsp;<\/p>\n<p>&nbsp;<\/p>","protected":false},"featured_media":989593,"comment_status":"open","ping_status":"closed","template":"","meta":{"inline_featured_image":false},"product_brand":[156],"product_cat":[195,228],"product_tag":[227,169,226,167,166,229,168,192],"class_list":{"0":"post-989458","1":"product","2":"type-product","3":"status-publish","4":"has-post-thumbnail","6":"product_brand-alma-do-campo-home-sensation","7":"product_cat-colecao-momentos","8":"product_cat-wax-melts","9":"product_tag-aroma-envolvente","10":"product_tag-aroma-exclusivo","11":"product_tag-baunilha-bourbon","12":"product_tag-bem-estar","13":"product_tag-feito-a-mao","14":"product_tag-pastilhas-aromaticas","15":"product_tag-perfume-para-casa","16":"product_tag-sussurros-da-noite","17":"pa_fragrancia-canela-da-india-com-especiarias","18":"pa_marca-alma-do-campo","19":"pa_size-169g","21":"first","22":"outofstock","23":"shipping-taxable","24":"purchasable","25":"product-type-simple"},"_links":{"self":[{"href":"https:\/\/almadocampo.com.br\/pt\/wp-json\/wp\/v2\/product\/989458","targetHints":{"allow":["GET"]}}],"collection":[{"href":"https:\/\/almadocampo.com.br\/pt\/wp-json\/wp\/v2\/product"}],"about":[{"href":"https:\/\/almadocampo.com.br\/pt\/wp-json\/wp\/v2\/types\/product"}],"replies":[{"embeddable":true,"href":"https:\/\/almadocampo.com.br\/pt\/wp-json\/wp\/v2\/comments?post=989458"}],"version-history":[{"count":3,"href":"https:\/\/almadocampo.com.br\/pt\/wp-json\/wp\/v2\/product\/989458\/revisions"}],"predecessor-version":[{"id":989672,"href":"https:\/\/almadocampo.com.br\/pt\/wp-json\/wp\/v2\/product\/989458\/revisions\/989672"}],"wp:featuredmedia":[{"embeddable":true,"href":"https:\/\/almadocampo.com.br\/pt\/wp-json\/wp\/v2\/media\/989593"}],"wp:attachment":[{"href":"https:\/\/almadocampo.com.br\/pt\/wp-json\/wp\/v2\/media?parent=989458"}],"wp:term":[{"taxonomy":"product_brand","embeddable":true,"href":"https:\/\/almadocampo.com.br\/pt\/wp-json\/wp\/v2\/product_brand?post=989458"},{"taxonomy":"product_cat","embeddable":true,"href":"https:\/\/almadocampo.com.br\/pt\/wp-json\/wp\/v2\/product_cat?post=989458"},{"taxonomy":"product_tag","embeddable":true,"href":"https:\/\/almadocampo.com.br\/pt\/wp-json\/wp\/v2\/product_tag?post=989458"}],"curies":[{"name":"wp","href":"https:\/\/api.w.org\/{rel}","templated":true}]}}