{"id":989452,"date":"2025-07-12T13:23:37","date_gmt":"2025-07-12T13:23:37","guid":{"rendered":"https:\/\/almadocampo.com.br\/?post_type=product&#038;p=989452"},"modified":"2026-04-13T18:40:17","modified_gmt":"2026-04-13T18:40:17","slug":"home-spray-200ml-sussurros-da-noite","status":"publish","type":"product","link":"https:\/\/almadocampo.com.br\/pt\/produto\/home-spray-200ml-sussurros-da-noite\/","title":{"rendered":"Home Spray 200ml \u2013 Sussurros da Noite"},"content":{"rendered":"<div class=\"vgblk-rw-wrapper limit-wrapper\">&nbsp;<\/p>\n<p><span style=\"font-weight: 400;\">O Home Spray &#8216;Sussurros da Noite&#8217; transforma o ambiente com notas quentes e sedutoras de baunilha bourbon.<\/span><\/p>\n<p><span style=\"font-weight: 400;\"> Uma fragr\u00e2ncia doce, envolvente e reconfortante, ideal para criar climas de intimidade, relaxamento e presen\u00e7a. <\/span><\/p>\n<p><span style=\"font-weight: 400;\">Sua f\u00f3rmula \u00e9 feita com base vegetal biodegrad\u00e1vel, fragr\u00e2ncia natural e \u00f3leos essenciais, permitindo uma perfuma\u00e7\u00e3o pr\u00e1tica, imediata e duradoura em tecidos ou no ar. Um convite \u00e0 pausa, ao toque e ao sil\u00eancio.<\/span><br style=\"font-weight: 400;\" \/><br style=\"font-weight: 400;\" \/><\/div>\n<p><!-- .vgblk-rw-wrapper --><\/p>","protected":false},"excerpt":{"rendered":"<ul>\n<li><span style=\"font-weight: 400;\">\u00c1lcool de cereais<\/span><\/li>\n<li><span style=\"font-weight: 400;\">\u00d3leos essenciais e fragr\u00e2ncia natural de baunilha bourbon<\/span><\/li>\n<li><span style=\"font-weight: 400;\">Solubilizante e fixador<\/span><\/li>\n<li><span style=\"font-weight: 400;\">Frasco de vidro com v\u00e1lvula spray<\/span><\/li>\n<\/ul>\n<p>&nbsp;<\/p>\n<p>&nbsp;<\/p>","protected":false},"featured_media":989545,"comment_status":"open","ping_status":"closed","template":"","meta":{"inline_featured_image":false},"product_brand":[156],"product_cat":[195,117,234],"product_tag":[227,169,226,167,166,225,168,192],"class_list":{"0":"post-989452","1":"product","2":"type-product","3":"status-publish","4":"has-post-thumbnail","6":"product_brand-alma-do-campo-home-sensation","7":"product_cat-colecao-momentos","8":"product_cat-home-spray","9":"product_cat-natal","10":"product_tag-aroma-envolvente","11":"product_tag-aroma-exclusivo","12":"product_tag-baunilha-bourbon","13":"product_tag-bem-estar","14":"product_tag-feito-a-mao","15":"product_tag-home-spray-artesanal","16":"product_tag-perfume-para-casa","17":"product_tag-sussurros-da-noite","18":"pa_fragrancia-frutas-vermelhas","19":"pa_marca-alma-do-campo","20":"pa_size-169g","22":"first","23":"instock","24":"featured","25":"shipping-taxable","26":"purchasable","27":"product-type-simple"},"_links":{"self":[{"href":"https:\/\/almadocampo.com.br\/pt\/wp-json\/wp\/v2\/product\/989452","targetHints":{"allow":["GET"]}}],"collection":[{"href":"https:\/\/almadocampo.com.br\/pt\/wp-json\/wp\/v2\/product"}],"about":[{"href":"https:\/\/almadocampo.com.br\/pt\/wp-json\/wp\/v2\/types\/product"}],"replies":[{"embeddable":true,"href":"https:\/\/almadocampo.com.br\/pt\/wp-json\/wp\/v2\/comments?post=989452"}],"version-history":[{"count":1,"href":"https:\/\/almadocampo.com.br\/pt\/wp-json\/wp\/v2\/product\/989452\/revisions"}],"predecessor-version":[{"id":989453,"href":"https:\/\/almadocampo.com.br\/pt\/wp-json\/wp\/v2\/product\/989452\/revisions\/989453"}],"wp:featuredmedia":[{"embeddable":true,"href":"https:\/\/almadocampo.com.br\/pt\/wp-json\/wp\/v2\/media\/989545"}],"wp:attachment":[{"href":"https:\/\/almadocampo.com.br\/pt\/wp-json\/wp\/v2\/media?parent=989452"}],"wp:term":[{"taxonomy":"product_brand","embeddable":true,"href":"https:\/\/almadocampo.com.br\/pt\/wp-json\/wp\/v2\/product_brand?post=989452"},{"taxonomy":"product_cat","embeddable":true,"href":"https:\/\/almadocampo.com.br\/pt\/wp-json\/wp\/v2\/product_cat?post=989452"},{"taxonomy":"product_tag","embeddable":true,"href":"https:\/\/almadocampo.com.br\/pt\/wp-json\/wp\/v2\/product_tag?post=989452"}],"curies":[{"name":"wp","href":"https:\/\/api.w.org\/{rel}","templated":true}]}}