{"id":989450,"date":"2025-07-12T13:19:37","date_gmt":"2025-07-12T13:19:37","guid":{"rendered":"https:\/\/almadocampo.com.br\/?post_type=product&#038;p=989450"},"modified":"2026-04-13T18:40:17","modified_gmt":"2026-04-13T18:40:17","slug":"home-spray-200ml-tardes-de-outono","status":"publish","type":"product","link":"https:\/\/almadocampo.com.br\/pt\/produto\/home-spray-200ml-tardes-de-outono\/","title":{"rendered":"Home Spray 200ml \u2013 Tardes de Outono"},"content":{"rendered":"<div class=\"vgblk-rw-wrapper limit-wrapper\">&nbsp;<\/p>\n<p><span style=\"font-weight: 400;\">O Home Spray &#8216;Tardes de Outono&#8217; \u00e9 um convite a momentos de introspec\u00e7\u00e3o e conforto. <\/span><\/p>\n<p><span style=\"font-weight: 400;\">Com fragr\u00e2ncia intensa de canela da \u00cdndia e especiarias ex\u00f3ticas, ele aquece o ambiente com notas envolventes e marcantes. <\/span><\/p>\n<p><span style=\"font-weight: 400;\">Sua f\u00f3rmula com base vegetal e \u00f3leos essenciais naturais permite perfumar o ar, tecidos e cortinas de forma pr\u00e1tica e imediata. <\/span><\/p>\n<p><span style=\"font-weight: 400;\">Ideal para transformar o espa\u00e7o em um ref\u00fagio acolhedor, como uma tarde dourada em que o tempo parece desacelerar.<\/span><br style=\"font-weight: 400;\" \/><br style=\"font-weight: 400;\" \/><\/div>\n<p><!-- .vgblk-rw-wrapper --><\/p>","protected":false},"excerpt":{"rendered":"<ul>\n<li><span style=\"font-weight: 400;\">\u00c1lcool de cereais<\/span><\/li>\n<li><span style=\"font-weight: 400;\"> \u00d3leos essenciais e fragr\u00e2ncia natural de canela e especiarias<\/span><\/li>\n<li><span style=\"font-weight: 400;\">Solubilizante e fixador<\/span><\/li>\n<li><span style=\"font-weight: 400;\">Frasco de vidro com v\u00e1lvula spray<\/span><\/li>\n<\/ul>\n<p>&nbsp;<\/p>\n<p>&nbsp;<\/p>","protected":false},"featured_media":989542,"comment_status":"open","ping_status":"closed","template":"","meta":{"inline_featured_image":false},"product_brand":[156],"product_cat":[195,117,234],"product_tag":[216,167,214,215,166,225,168,76],"class_list":{"0":"post-989450","1":"product","2":"type-product","3":"status-publish","4":"has-post-thumbnail","6":"product_brand-alma-do-campo-home-sensation","7":"product_cat-colecao-momentos","8":"product_cat-home-spray","9":"product_cat-natal","10":"product_tag-aroma-exotico","11":"product_tag-bem-estar","12":"product_tag-canela","13":"product_tag-especiarias","14":"product_tag-feito-a-mao","15":"product_tag-home-spray-artesanal","16":"product_tag-perfume-para-casa","17":"product_tag-tardes-de-outono","18":"pa_fragrancia-frutas-vermelhas","19":"pa_marca-alma-do-campo","20":"pa_size-169g","22":"first","23":"instock","24":"featured","25":"shipping-taxable","26":"purchasable","27":"product-type-simple"},"_links":{"self":[{"href":"https:\/\/almadocampo.com.br\/pt\/wp-json\/wp\/v2\/product\/989450","targetHints":{"allow":["GET"]}}],"collection":[{"href":"https:\/\/almadocampo.com.br\/pt\/wp-json\/wp\/v2\/product"}],"about":[{"href":"https:\/\/almadocampo.com.br\/pt\/wp-json\/wp\/v2\/types\/product"}],"replies":[{"embeddable":true,"href":"https:\/\/almadocampo.com.br\/pt\/wp-json\/wp\/v2\/comments?post=989450"}],"version-history":[{"count":1,"href":"https:\/\/almadocampo.com.br\/pt\/wp-json\/wp\/v2\/product\/989450\/revisions"}],"predecessor-version":[{"id":989451,"href":"https:\/\/almadocampo.com.br\/pt\/wp-json\/wp\/v2\/product\/989450\/revisions\/989451"}],"wp:featuredmedia":[{"embeddable":true,"href":"https:\/\/almadocampo.com.br\/pt\/wp-json\/wp\/v2\/media\/989542"}],"wp:attachment":[{"href":"https:\/\/almadocampo.com.br\/pt\/wp-json\/wp\/v2\/media?parent=989450"}],"wp:term":[{"taxonomy":"product_brand","embeddable":true,"href":"https:\/\/almadocampo.com.br\/pt\/wp-json\/wp\/v2\/product_brand?post=989450"},{"taxonomy":"product_cat","embeddable":true,"href":"https:\/\/almadocampo.com.br\/pt\/wp-json\/wp\/v2\/product_cat?post=989450"},{"taxonomy":"product_tag","embeddable":true,"href":"https:\/\/almadocampo.com.br\/pt\/wp-json\/wp\/v2\/product_tag?post=989450"}],"curies":[{"name":"wp","href":"https:\/\/api.w.org\/{rel}","templated":true}]}}