{"id":989448,"date":"2025-07-12T13:07:58","date_gmt":"2025-07-12T13:07:58","guid":{"rendered":"https:\/\/almadocampo.com.br\/?post_type=product&#038;p=989448"},"modified":"2026-04-13T18:40:17","modified_gmt":"2026-04-13T18:40:17","slug":"home-spray-200ml-luar-do-sertao","status":"publish","type":"product","link":"https:\/\/almadocampo.com.br\/pt\/produto\/home-spray-200ml-luar-do-sertao\/","title":{"rendered":"Home Spray 200ml \u2013 Luar do Sert\u00e3o"},"content":{"rendered":"<div class=\"vgblk-rw-wrapper limit-wrapper\">&nbsp;<\/p>\n<p><span style=\"font-weight: 400;\">Inspirado nas noites calmas e no desabrochar sutil das flores ao luar, o home spray &#8216;Luar do Sert\u00e3o&#8217; combina fragr\u00e2ncia floral de flor de figo com uma base natural e aplica\u00e7\u00e3o f\u00e1cil em spray. <\/span><\/p>\n<p><span style=\"font-weight: 400;\">Fresco e sereno, \u00e9 ideal para embalar momentos de introspec\u00e7\u00e3o, leitura e tranquilidade noturna.<\/span><br style=\"font-weight: 400;\" \/><br style=\"font-weight: 400;\" \/><\/div>\n<p><!-- .vgblk-rw-wrapper --><\/p>","protected":false},"excerpt":{"rendered":"<ul>\n<li><span style=\"font-weight: 400;\">\u00c1lcool de cereais<\/span><\/li>\n<li><span style=\"font-weight: 400;\"> \u00d3leos essenciais e fragr\u00e2ncia natural de flor de figo<\/span><\/li>\n<li><span style=\"font-weight: 400;\">Solubilizante e fixador<\/span><\/li>\n<li><span style=\"font-weight: 400;\">Frasco de vidro com v\u00e1lvula spray<\/span><\/li>\n<\/ul>\n<p>&nbsp;<\/p>\n<p>&nbsp;<\/p>","protected":false},"featured_media":989554,"comment_status":"open","ping_status":"closed","template":"","meta":{"inline_featured_image":false},"product_brand":[156],"product_cat":[195,117],"product_tag":[217,204,166,223,173,222,168,224],"class_list":{"0":"post-989448","1":"product","2":"type-product","3":"status-publish","4":"has-post-thumbnail","6":"product_brand-alma-do-campo-home-sensation","7":"product_cat-colecao-momentos","8":"product_cat-home-spray","9":"product_tag-aroma-floral","10":"product_tag-difusor-artesanal","11":"product_tag-feito-a-mao","12":"product_tag-flor-de-figo","13":"product_tag-frescor","14":"product_tag-luar-do-sertao","15":"product_tag-perfume-para-casa","16":"product_tag-sertao","17":"pa_fragrancia-frutas-vermelhas","18":"pa_marca-alma-do-campo","19":"pa_size-169g","21":"first","22":"instock","23":"shipping-taxable","24":"purchasable","25":"product-type-simple"},"_links":{"self":[{"href":"https:\/\/almadocampo.com.br\/pt\/wp-json\/wp\/v2\/product\/989448","targetHints":{"allow":["GET"]}}],"collection":[{"href":"https:\/\/almadocampo.com.br\/pt\/wp-json\/wp\/v2\/product"}],"about":[{"href":"https:\/\/almadocampo.com.br\/pt\/wp-json\/wp\/v2\/types\/product"}],"replies":[{"embeddable":true,"href":"https:\/\/almadocampo.com.br\/pt\/wp-json\/wp\/v2\/comments?post=989448"}],"version-history":[{"count":3,"href":"https:\/\/almadocampo.com.br\/pt\/wp-json\/wp\/v2\/product\/989448\/revisions"}],"predecessor-version":[{"id":989939,"href":"https:\/\/almadocampo.com.br\/pt\/wp-json\/wp\/v2\/product\/989448\/revisions\/989939"}],"wp:featuredmedia":[{"embeddable":true,"href":"https:\/\/almadocampo.com.br\/pt\/wp-json\/wp\/v2\/media\/989554"}],"wp:attachment":[{"href":"https:\/\/almadocampo.com.br\/pt\/wp-json\/wp\/v2\/media?parent=989448"}],"wp:term":[{"taxonomy":"product_brand","embeddable":true,"href":"https:\/\/almadocampo.com.br\/pt\/wp-json\/wp\/v2\/product_brand?post=989448"},{"taxonomy":"product_cat","embeddable":true,"href":"https:\/\/almadocampo.com.br\/pt\/wp-json\/wp\/v2\/product_cat?post=989448"},{"taxonomy":"product_tag","embeddable":true,"href":"https:\/\/almadocampo.com.br\/pt\/wp-json\/wp\/v2\/product_tag?post=989448"}],"curies":[{"name":"wp","href":"https:\/\/api.w.org\/{rel}","templated":true}]}}