{"id":989446,"date":"2025-07-12T13:00:57","date_gmt":"2025-07-12T13:00:57","guid":{"rendered":"https:\/\/almadocampo.com.br\/?post_type=product&#038;p=989446"},"modified":"2026-04-13T18:39:45","modified_gmt":"2026-04-13T18:39:45","slug":"difusor-de-ambientes-200ml-luar-do-sertao","status":"publish","type":"product","link":"https:\/\/almadocampo.com.br\/pt\/produto\/difusor-de-ambientes-200ml-luar-do-sertao\/","title":{"rendered":"Difusor de Ambientes 200ml \u2013 Luar do Sert\u00e3o"},"content":{"rendered":"<div class=\"vgblk-rw-wrapper limit-wrapper\">&nbsp;<\/p>\n<p>&nbsp;<\/p>\n<p><span style=\"font-weight: 400;\">O Difusor de Ambientes &#8216;Luar do Sert\u00e3o&#8217; carrega a brisa doce de uma noite quente e silenciosa. <\/span><\/p>\n<p><span style=\"font-weight: 400;\">Com o perfume sutil e floral da flor de figo, traduz frescor, serenidade e poesia em forma de aroma. <\/span><\/p>\n<p><span style=\"font-weight: 400;\">Elaborado com \u00e1lcool de cereais, \u00f3leos essenciais e fragr\u00e2ncia natural de alta qualidade, sua f\u00f3rmula \u00e9 leve, segura e vegana. <\/span><\/p>\n<p><span style=\"font-weight: 400;\">As varetas de fibra de algod\u00e3o espalham lentamente o aroma pelo ambiente, criando uma atmosfera de contempla\u00e7\u00e3o, suavidade e sil\u00eancio acolhedor.<\/span><br style=\"font-weight: 400;\" \/><br style=\"font-weight: 400;\" \/><\/div>\n<p><!-- .vgblk-rw-wrapper --><\/p>","protected":false},"excerpt":{"rendered":"<ul>\n<li><span style=\"font-weight: 400;\">\u00c1lcool de cereais<\/span><\/li>\n<li><span style=\"font-weight: 400;\"> \u00d3leos essenciais e fragr\u00e2ncia natural de flor de figo<\/span><\/li>\n<li><span style=\"font-weight: 400;\">Solubilizante e fixador<\/span><\/li>\n<li><span style=\"font-weight: 400;\">Varetas de fibra de algod\u00e3o<\/span><\/li>\n<\/ul>\n<p>&nbsp;<\/p>\n<p>&nbsp;<\/p>","protected":false},"featured_media":989510,"comment_status":"open","ping_status":"closed","template":"","meta":{"inline_featured_image":false},"product_brand":[156],"product_cat":[195,96],"product_tag":[217,204,166,223,173,222,168,224],"class_list":{"0":"post-989446","1":"product","2":"type-product","3":"status-publish","4":"has-post-thumbnail","6":"product_brand-alma-do-campo-home-sensation","7":"product_cat-colecao-momentos","8":"product_cat-difusor-de-ambientes","9":"product_tag-aroma-floral","10":"product_tag-difusor-artesanal","11":"product_tag-feito-a-mao","12":"product_tag-flor-de-figo","13":"product_tag-frescor","14":"product_tag-luar-do-sertao","15":"product_tag-perfume-para-casa","16":"product_tag-sertao","17":"pa_fragrancia-frutas-vermelhas","18":"pa_marca-alma-do-campo","19":"pa_size-169g","21":"first","22":"instock","23":"shipping-taxable","24":"purchasable","25":"product-type-simple"},"_links":{"self":[{"href":"https:\/\/almadocampo.com.br\/pt\/wp-json\/wp\/v2\/product\/989446","targetHints":{"allow":["GET"]}}],"collection":[{"href":"https:\/\/almadocampo.com.br\/pt\/wp-json\/wp\/v2\/product"}],"about":[{"href":"https:\/\/almadocampo.com.br\/pt\/wp-json\/wp\/v2\/types\/product"}],"replies":[{"embeddable":true,"href":"https:\/\/almadocampo.com.br\/pt\/wp-json\/wp\/v2\/comments?post=989446"}],"version-history":[{"count":1,"href":"https:\/\/almadocampo.com.br\/pt\/wp-json\/wp\/v2\/product\/989446\/revisions"}],"predecessor-version":[{"id":989447,"href":"https:\/\/almadocampo.com.br\/pt\/wp-json\/wp\/v2\/product\/989446\/revisions\/989447"}],"wp:featuredmedia":[{"embeddable":true,"href":"https:\/\/almadocampo.com.br\/pt\/wp-json\/wp\/v2\/media\/989510"}],"wp:attachment":[{"href":"https:\/\/almadocampo.com.br\/pt\/wp-json\/wp\/v2\/media?parent=989446"}],"wp:term":[{"taxonomy":"product_brand","embeddable":true,"href":"https:\/\/almadocampo.com.br\/pt\/wp-json\/wp\/v2\/product_brand?post=989446"},{"taxonomy":"product_cat","embeddable":true,"href":"https:\/\/almadocampo.com.br\/pt\/wp-json\/wp\/v2\/product_cat?post=989446"},{"taxonomy":"product_tag","embeddable":true,"href":"https:\/\/almadocampo.com.br\/pt\/wp-json\/wp\/v2\/product_tag?post=989446"}],"curies":[{"name":"wp","href":"https:\/\/api.w.org\/{rel}","templated":true}]}}