{"id":989437,"date":"2025-07-12T12:41:04","date_gmt":"2025-07-12T12:41:04","guid":{"rendered":"https:\/\/almadocampo.com.br\/?post_type=product&#038;p=989437"},"modified":"2026-04-13T18:39:45","modified_gmt":"2026-04-13T18:39:45","slug":"difusor-de-ambientes-200ml-despertar-da-primavera","status":"publish","type":"product","link":"https:\/\/almadocampo.com.br\/pt\/produto\/difusor-de-ambientes-200ml-despertar-da-primavera\/","title":{"rendered":"Difusor de Ambientes 200ml \u2013 Despertar da Primavera"},"content":{"rendered":"<div class=\"vgblk-rw-wrapper limit-wrapper\"><span style=\"font-weight: 400;\">O Difusor de Ambientes &lsquo;Despertar da Primavera&rsquo; celebra o renascimento e a leveza dos dias floridos. &lt;br&gt;<br \/>\nCom a fragr&acirc;ncia suave e encantadora da flor de cerejeira asi&aacute;tica, s&iacute;mbolo da renova&ccedil;&atilde;o e da beleza ef&ecirc;mera, este difusor traz frescor, suavidade e serenidade ao ambiente.&lt;br&gt;<br \/>\nElaborado com \u00e1lcool de cereais, \u00f3leo essencial e fragr\u00e2ncia natural de alta qualidade, promove uma perfuma\u00e7\u00e3o cont\u00ednua e delicada por meio das varetas de fibra de algod\u00e3o, sem agredir a sa\u00fade nem o meio ambiente.<\/span><br style=\"font-weight: 400;\" \/><br style=\"font-weight: 400;\" \/><\/div>\n<p><!-- .vgblk-rw-wrapper --><\/p>","protected":false},"excerpt":{"rendered":"<ul>\n<li><span style=\"font-weight: 400;\">\u00c1lcool de cereais<\/span><\/li>\n<li><span style=\"font-weight: 400;\">\u00d3leos essenciais e fragr\u00e2ncia natural de flor de cerejeira asi\u00e1tica\u00a0<\/span><\/li>\n<li><span style=\"font-weight: 400;\">Solubilizante e fixador<\/span><\/li>\n<li><span style=\"font-weight: 400;\">Varetas de fibra de algod\u00e3o<\/span><\/li>\n<\/ul>\n<p>&nbsp;<\/p>\n<p>&nbsp;<\/p>","protected":false},"featured_media":989507,"comment_status":"open","ping_status":"closed","template":"","meta":{"inline_featured_image":false},"product_brand":[156],"product_cat":[195,96],"product_tag":[216,167,214,204,215,166,168,76],"class_list":{"0":"post-989437","1":"product","2":"type-product","3":"status-publish","4":"has-post-thumbnail","6":"product_brand-alma-do-campo-home-sensation","7":"product_cat-colecao-momentos","8":"product_cat-difusor-de-ambientes","9":"product_tag-aroma-exotico","10":"product_tag-bem-estar","11":"product_tag-canela","12":"product_tag-difusor-artesanal","13":"product_tag-especiarias","14":"product_tag-feito-a-mao","15":"product_tag-perfume-para-casa","16":"product_tag-tardes-de-outono","17":"pa_fragrancia-frutas-vermelhas","18":"pa_marca-alma-do-campo","19":"pa_size-169g","21":"first","22":"instock","23":"shipping-taxable","24":"purchasable","25":"product-type-simple"},"_links":{"self":[{"href":"https:\/\/almadocampo.com.br\/pt\/wp-json\/wp\/v2\/product\/989437","targetHints":{"allow":["GET"]}}],"collection":[{"href":"https:\/\/almadocampo.com.br\/pt\/wp-json\/wp\/v2\/product"}],"about":[{"href":"https:\/\/almadocampo.com.br\/pt\/wp-json\/wp\/v2\/types\/product"}],"replies":[{"embeddable":true,"href":"https:\/\/almadocampo.com.br\/pt\/wp-json\/wp\/v2\/comments?post=989437"}],"version-history":[{"count":4,"href":"https:\/\/almadocampo.com.br\/pt\/wp-json\/wp\/v2\/product\/989437\/revisions"}],"predecessor-version":[{"id":989443,"href":"https:\/\/almadocampo.com.br\/pt\/wp-json\/wp\/v2\/product\/989437\/revisions\/989443"}],"wp:featuredmedia":[{"embeddable":true,"href":"https:\/\/almadocampo.com.br\/pt\/wp-json\/wp\/v2\/media\/989507"}],"wp:attachment":[{"href":"https:\/\/almadocampo.com.br\/pt\/wp-json\/wp\/v2\/media?parent=989437"}],"wp:term":[{"taxonomy":"product_brand","embeddable":true,"href":"https:\/\/almadocampo.com.br\/pt\/wp-json\/wp\/v2\/product_brand?post=989437"},{"taxonomy":"product_cat","embeddable":true,"href":"https:\/\/almadocampo.com.br\/pt\/wp-json\/wp\/v2\/product_cat?post=989437"},{"taxonomy":"product_tag","embeddable":true,"href":"https:\/\/almadocampo.com.br\/pt\/wp-json\/wp\/v2\/product_tag?post=989437"}],"curies":[{"name":"wp","href":"https:\/\/api.w.org\/{rel}","templated":true}]}}