{"id":989432,"date":"2025-07-12T03:01:24","date_gmt":"2025-07-12T03:01:24","guid":{"rendered":"https:\/\/almadocampo.com.br\/?post_type=product&#038;p=989432"},"modified":"2026-04-13T18:39:45","modified_gmt":"2026-04-13T18:39:45","slug":"difusor-de-ambientes-200ml-tardes-de-outono","status":"publish","type":"product","link":"https:\/\/almadocampo.com.br\/pt\/produto\/difusor-de-ambientes-200ml-tardes-de-outono\/","title":{"rendered":"Difusor de Ambientes 200ml \u2013 Tardes de Outono"},"content":{"rendered":"<div class=\"vgblk-rw-wrapper limit-wrapper\">&nbsp;<\/p>\n<p><span style=\"font-weight: 400;\">O Difusor de Ambientes &#8216;Tardes de Outono&#8217; transforma o espa\u00e7o em um ref\u00fagio sensorial. <\/span><\/p>\n<p><span style=\"font-weight: 400;\">Sua fragr\u00e2ncia une a intensidade da canela da \u00cdndia com especiarias ex\u00f3ticas, criando um aroma marcante e envolvente. <\/span><\/p>\n<p><span style=\"font-weight: 400;\">Elaborado com \u00e1lcool de cereais, \u00f3leos essenciais e fragr\u00e2ncia natural, sua f\u00f3rmula \u00e9 limpa, livre de ingredientes agressivos. <\/span><\/p>\n<p><span style=\"font-weight: 400;\">A difus\u00e3o acontece de forma cont\u00ednua e delicada pelas varetas de fibra de algod\u00e3o, perfumando o ambiente com eleg\u00e2ncia e persist\u00eancia.<\/span><\/p>\n<p><br style=\"font-weight: 400;\" \/><br style=\"font-weight: 400;\" \/><\/div>\n<p><!-- .vgblk-rw-wrapper --><\/p>","protected":false},"excerpt":{"rendered":"<ul>\n<li><span style=\"font-weight: 400;\">\u00c1lcool de cereais<\/span><\/li>\n<li><span style=\"font-weight: 400;\">\u00a0\u00d3leos essenciais e fragr\u00e2ncia natural de canela e especiarias\u00a0<\/span><\/li>\n<li><span style=\"font-weight: 400;\">Solubilizante e fixador<\/span><\/li>\n<li><span style=\"font-weight: 400;\">Varetas de fibra de algod\u00e3o<\/span><\/li>\n<\/ul>\n<p>&nbsp;<\/p>\n<p>&nbsp;<\/p>","protected":false},"featured_media":989408,"comment_status":"open","ping_status":"closed","template":"","meta":{"inline_featured_image":false},"product_brand":[156],"product_cat":[195,96,234],"product_tag":[216,167,214,204,215,166,168,76],"class_list":{"0":"post-989432","1":"product","2":"type-product","3":"status-publish","4":"has-post-thumbnail","6":"product_brand-alma-do-campo-home-sensation","7":"product_cat-colecao-momentos","8":"product_cat-difusor-de-ambientes","9":"product_cat-natal","10":"product_tag-aroma-exotico","11":"product_tag-bem-estar","12":"product_tag-canela","13":"product_tag-difusor-artesanal","14":"product_tag-especiarias","15":"product_tag-feito-a-mao","16":"product_tag-perfume-para-casa","17":"product_tag-tardes-de-outono","18":"pa_fragrancia-frutas-vermelhas","19":"pa_marca-alma-do-campo","20":"pa_size-169g","22":"first","23":"instock","24":"featured","25":"shipping-taxable","26":"purchasable","27":"product-type-simple"},"_links":{"self":[{"href":"https:\/\/almadocampo.com.br\/pt\/wp-json\/wp\/v2\/product\/989432","targetHints":{"allow":["GET"]}}],"collection":[{"href":"https:\/\/almadocampo.com.br\/pt\/wp-json\/wp\/v2\/product"}],"about":[{"href":"https:\/\/almadocampo.com.br\/pt\/wp-json\/wp\/v2\/types\/product"}],"replies":[{"embeddable":true,"href":"https:\/\/almadocampo.com.br\/pt\/wp-json\/wp\/v2\/comments?post=989432"}],"version-history":[{"count":3,"href":"https:\/\/almadocampo.com.br\/pt\/wp-json\/wp\/v2\/product\/989432\/revisions"}],"predecessor-version":[{"id":989872,"href":"https:\/\/almadocampo.com.br\/pt\/wp-json\/wp\/v2\/product\/989432\/revisions\/989872"}],"wp:featuredmedia":[{"embeddable":true,"href":"https:\/\/almadocampo.com.br\/pt\/wp-json\/wp\/v2\/media\/989408"}],"wp:attachment":[{"href":"https:\/\/almadocampo.com.br\/pt\/wp-json\/wp\/v2\/media?parent=989432"}],"wp:term":[{"taxonomy":"product_brand","embeddable":true,"href":"https:\/\/almadocampo.com.br\/pt\/wp-json\/wp\/v2\/product_brand?post=989432"},{"taxonomy":"product_cat","embeddable":true,"href":"https:\/\/almadocampo.com.br\/pt\/wp-json\/wp\/v2\/product_cat?post=989432"},{"taxonomy":"product_tag","embeddable":true,"href":"https:\/\/almadocampo.com.br\/pt\/wp-json\/wp\/v2\/product_tag?post=989432"}],"curies":[{"name":"wp","href":"https:\/\/api.w.org\/{rel}","templated":true}]}}