{"id":989423,"date":"2025-07-12T02:33:01","date_gmt":"2025-07-12T02:33:01","guid":{"rendered":"https:\/\/almadocampo.com.br\/?post_type=product&#038;p=989423"},"modified":"2026-04-13T18:39:45","modified_gmt":"2026-04-13T18:39:45","slug":"difusor-de-ambientes-200ml-manhas-de-inverno","status":"publish","type":"product","link":"https:\/\/almadocampo.com.br\/pt\/produto\/difusor-de-ambientes-200ml-manhas-de-inverno\/","title":{"rendered":"Difusor de Ambientes 200ml \u2013 Manh\u00e3s de Inverno"},"content":{"rendered":"<div class=\"vgblk-rw-wrapper limit-wrapper\"><span style=\"font-weight: 400;\">O Difusor de Ambientes &#8216;Manh\u00e3s de Inverno&#8217; \u00e9 como um abra\u00e7o quente logo cedo. <\/span><\/p>\n<p><span style=\"font-weight: 400;\">Sua fragr\u00e2ncia gourmand e especiada combina a cremosidade do cappuccino italiano com o calor da canela, criando uma atmosfera acolhedora, reconfortante e envolvente. <\/span><\/p>\n<p><span style=\"font-weight: 400;\">Com base em \u00e1lcool de cereais, \u00f3leos essenciais e fragr\u00e2ncia natural de alta qualidade, a composi\u00e7\u00e3o \u00e9 limpa, vegana e segura. <\/span><\/p>\n<p><span style=\"font-weight: 400;\">A difus\u00e3o acontece pelas varetas de fibra de algod\u00e3o, que espalham o perfume de forma constante e delicada pelo ambiente.<\/span><\/p>\n<p><br style=\"font-weight: 400;\" \/><br style=\"font-weight: 400;\" \/><\/div>\n<p><!-- .vgblk-rw-wrapper --><\/p>","protected":false},"excerpt":{"rendered":"<ul>\n<li><span style=\"font-weight: 400;\">\u00c1lcool de cereais<\/span><\/li>\n<li><span style=\"font-weight: 400;\">\u00d3leos essenciais de caf\u00e9 e canela<\/span><\/li>\n<li><span style=\"font-weight: 400;\">Solubilizante e fixador<\/span><\/li>\n<li><span style=\"font-weight: 400;\">Varetas de fibra de algod\u00e3o<\/span><\/li>\n<\/ul>\n<p>&nbsp;<\/p>\n<p>&nbsp;<\/p>","protected":false},"featured_media":989400,"comment_status":"open","ping_status":"closed","template":"","meta":{"inline_featured_image":false},"product_brand":[156],"product_cat":[195,96,234],"product_tag":[211,167,172,204,171,166,173,168],"class_list":{"0":"post-989423","1":"product","2":"type-product","3":"status-publish","4":"has-post-thumbnail","6":"product_brand-alma-do-campo-home-sensation","7":"product_cat-colecao-momentos","8":"product_cat-difusor-de-ambientes","9":"product_cat-natal","10":"product_tag-aroma-citrico","11":"product_tag-bem-estar","12":"product_tag-bergamota","13":"product_tag-difusor-artesanal","14":"product_tag-entardecer-no-campo","15":"product_tag-feito-a-mao","16":"product_tag-frescor","17":"product_tag-perfume-para-casa","18":"pa_fragrancia-frutas-vermelhas","19":"pa_marca-alma-do-campo","20":"pa_size-169g","22":"first","23":"instock","24":"featured","25":"shipping-taxable","26":"purchasable","27":"product-type-simple"},"_links":{"self":[{"href":"https:\/\/almadocampo.com.br\/pt\/wp-json\/wp\/v2\/product\/989423","targetHints":{"allow":["GET"]}}],"collection":[{"href":"https:\/\/almadocampo.com.br\/pt\/wp-json\/wp\/v2\/product"}],"about":[{"href":"https:\/\/almadocampo.com.br\/pt\/wp-json\/wp\/v2\/types\/product"}],"replies":[{"embeddable":true,"href":"https:\/\/almadocampo.com.br\/pt\/wp-json\/wp\/v2\/comments?post=989423"}],"version-history":[{"count":1,"href":"https:\/\/almadocampo.com.br\/pt\/wp-json\/wp\/v2\/product\/989423\/revisions"}],"predecessor-version":[{"id":989424,"href":"https:\/\/almadocampo.com.br\/pt\/wp-json\/wp\/v2\/product\/989423\/revisions\/989424"}],"wp:featuredmedia":[{"embeddable":true,"href":"https:\/\/almadocampo.com.br\/pt\/wp-json\/wp\/v2\/media\/989400"}],"wp:attachment":[{"href":"https:\/\/almadocampo.com.br\/pt\/wp-json\/wp\/v2\/media?parent=989423"}],"wp:term":[{"taxonomy":"product_brand","embeddable":true,"href":"https:\/\/almadocampo.com.br\/pt\/wp-json\/wp\/v2\/product_brand?post=989423"},{"taxonomy":"product_cat","embeddable":true,"href":"https:\/\/almadocampo.com.br\/pt\/wp-json\/wp\/v2\/product_cat?post=989423"},{"taxonomy":"product_tag","embeddable":true,"href":"https:\/\/almadocampo.com.br\/pt\/wp-json\/wp\/v2\/product_tag?post=989423"}],"curies":[{"name":"wp","href":"https:\/\/api.w.org\/{rel}","templated":true}]}}