{"id":989419,"date":"2025-07-12T02:27:43","date_gmt":"2025-07-12T02:27:43","guid":{"rendered":"https:\/\/almadocampo.com.br\/?post_type=product&#038;p=989419"},"modified":"2026-04-13T18:39:45","modified_gmt":"2026-04-13T18:39:45","slug":"difusor-de-ambientes-200ml-entardecer-no-campo","status":"publish","type":"product","link":"https:\/\/almadocampo.com.br\/pt\/produto\/difusor-de-ambientes-200ml-entardecer-no-campo\/","title":{"rendered":"Difusor de Ambientes 200ml \u2013 Entardecer no Campo"},"content":{"rendered":"<div class=\"vgblk-rw-wrapper limit-wrapper\">&nbsp;<\/p>\n<p><span style=\"font-weight: 400;\">O Difusor de Ambientes &#8216;Entardecer no Campo&#8217; traduz a leveza do fim de tarde com sol baixo e brisa suave. <\/span><\/p>\n<p><span style=\"font-weight: 400;\">Sua fragr\u00e2ncia c\u00edtrica e arom\u00e1tica, marcada pelo frescor da bergamota madura, desperta sensa\u00e7\u00f5es de renova\u00e7\u00e3o e equil\u00edbrio. <\/span><\/p>\n<p><span style=\"font-weight: 400;\">Elaborado com \u00e1lcool de cereais, \u00f3leo essencial puro e fragr\u00e2ncia natural, sua f\u00f3rmula \u00e9 limpa, segura e vegana. <\/span><\/p>\n<p><span style=\"font-weight: 400;\">A difus\u00e3o ocorre lentamente pelas varetas de fibra de algod\u00e3o, levando frescor e luz para cada canto da casa.<\/span><\/p>\n<p><br style=\"font-weight: 400;\" \/><br style=\"font-weight: 400;\" \/><\/div>\n<p><!-- .vgblk-rw-wrapper --><\/p>","protected":false},"excerpt":{"rendered":"<ul>\n<li><span style=\"font-weight: 400;\">\u00c1lcool de cereais<\/span><\/li>\n<li><span style=\"font-weight: 400;\"> \u00d3leo essencial e fragr\u00e2ncia natural de bergamota<\/span><\/li>\n<li><span style=\"font-weight: 400;\">Solubilizante e fixador<\/span><\/li>\n<li><span style=\"font-weight: 400;\">Varetas de fibra de algod\u00e3o<\/span><\/li>\n<\/ul>\n<p>&nbsp;<\/p>\n<p>&nbsp;<\/p>","protected":false},"featured_media":989397,"comment_status":"open","ping_status":"closed","template":"","meta":{"inline_featured_image":false},"product_brand":[156],"product_cat":[195,96],"product_tag":[211,167,172,204,171,166,173,168],"class_list":{"0":"post-989419","1":"product","2":"type-product","3":"status-publish","4":"has-post-thumbnail","6":"product_brand-alma-do-campo-home-sensation","7":"product_cat-colecao-momentos","8":"product_cat-difusor-de-ambientes","9":"product_tag-aroma-citrico","10":"product_tag-bem-estar","11":"product_tag-bergamota","12":"product_tag-difusor-artesanal","13":"product_tag-entardecer-no-campo","14":"product_tag-feito-a-mao","15":"product_tag-frescor","16":"product_tag-perfume-para-casa","17":"pa_fragrancia-frutas-vermelhas","18":"pa_marca-alma-do-campo","19":"pa_size-169g","21":"first","22":"instock","23":"shipping-taxable","24":"purchasable","25":"product-type-simple"},"_links":{"self":[{"href":"https:\/\/almadocampo.com.br\/pt\/wp-json\/wp\/v2\/product\/989419","targetHints":{"allow":["GET"]}}],"collection":[{"href":"https:\/\/almadocampo.com.br\/pt\/wp-json\/wp\/v2\/product"}],"about":[{"href":"https:\/\/almadocampo.com.br\/pt\/wp-json\/wp\/v2\/types\/product"}],"replies":[{"embeddable":true,"href":"https:\/\/almadocampo.com.br\/pt\/wp-json\/wp\/v2\/comments?post=989419"}],"version-history":[{"count":3,"href":"https:\/\/almadocampo.com.br\/pt\/wp-json\/wp\/v2\/product\/989419\/revisions"}],"predecessor-version":[{"id":989422,"href":"https:\/\/almadocampo.com.br\/pt\/wp-json\/wp\/v2\/product\/989419\/revisions\/989422"}],"wp:featuredmedia":[{"embeddable":true,"href":"https:\/\/almadocampo.com.br\/pt\/wp-json\/wp\/v2\/media\/989397"}],"wp:attachment":[{"href":"https:\/\/almadocampo.com.br\/pt\/wp-json\/wp\/v2\/media?parent=989419"}],"wp:term":[{"taxonomy":"product_brand","embeddable":true,"href":"https:\/\/almadocampo.com.br\/pt\/wp-json\/wp\/v2\/product_brand?post=989419"},{"taxonomy":"product_cat","embeddable":true,"href":"https:\/\/almadocampo.com.br\/pt\/wp-json\/wp\/v2\/product_cat?post=989419"},{"taxonomy":"product_tag","embeddable":true,"href":"https:\/\/almadocampo.com.br\/pt\/wp-json\/wp\/v2\/product_tag?post=989419"}],"curies":[{"name":"wp","href":"https:\/\/api.w.org\/{rel}","templated":true}]}}