{"id":989417,"date":"2025-07-12T02:24:26","date_gmt":"2025-07-12T02:24:26","guid":{"rendered":"https:\/\/almadocampo.com.br\/?post_type=product&#038;p=989417"},"modified":"2026-04-13T18:39:45","modified_gmt":"2026-04-13T18:39:45","slug":"difusor-de-ambientes-200ml-dia-de-chuva","status":"publish","type":"product","link":"https:\/\/almadocampo.com.br\/pt\/produto\/difusor-de-ambientes-200ml-dia-de-chuva\/","title":{"rendered":"Difusor de Ambientes 200ml \u2013 Dia de Chuva"},"content":{"rendered":"<div class=\"vgblk-rw-wrapper limit-wrapper\">&nbsp;<\/p>\n<p><span style=\"font-weight: 400;\">O Difusor de Ambientes &#8216;Dia de Chuva&#8217; traz a leveza de um ar rec\u00e9m-lavado pela chuva. <\/span><\/p>\n<p><span style=\"font-weight: 400;\">Sua fragr\u00e2ncia combina o frescor verde e c\u00edtrico do capim cidreira com uma sensa\u00e7\u00e3o de limpeza e vitalidade. <\/span><\/p>\n<p><span style=\"font-weight: 400;\">Elaborado com \u00e1lcool de cereais, \u00f3leo essencial de alta pureza e fragr\u00e2ncia natural, oferece uma perfuma\u00e7\u00e3o constante, leve e purificante. As varetas de fibra de algod\u00e3o garantem uma difus\u00e3o uniforme e delicada, enchendo o ambiente com serenidade e renova\u00e7\u00e3o.<\/span><\/p>\n<p><br style=\"font-weight: 400;\" \/><br style=\"font-weight: 400;\" \/><\/div>\n<p><!-- .vgblk-rw-wrapper --><\/p>","protected":false},"excerpt":{"rendered":"<ul>\n<li><span style=\"font-weight: 400;\">\u00c1lcool de cereais<\/span><\/li>\n<li><span style=\"font-weight: 400;\">\u00a0\u00d3leo essencial e fragr\u00e2ncia natural de capim cidreira<\/span><\/li>\n<li><span style=\"font-weight: 400;\">Solubilizante e fixador<\/span><\/li>\n<li><span style=\"font-weight: 400;\">Varetas de fibra de algod\u00e3o<\/span><\/li>\n<\/ul>\n<p>&nbsp;<\/p>\n<p>&nbsp;<\/p>","protected":false},"featured_media":989394,"comment_status":"open","ping_status":"closed","template":"","meta":{"inline_featured_image":false},"product_brand":[156],"product_cat":[195,96],"product_tag":[205,167,175,174,204,166,173,168],"class_list":{"0":"post-989417","1":"product","2":"type-product","3":"status-publish","4":"has-post-thumbnail","6":"product_brand-alma-do-campo-home-sensation","7":"product_cat-colecao-momentos","8":"product_cat-difusor-de-ambientes","9":"product_tag-aroma-herbal","10":"product_tag-bem-estar","11":"product_tag-capim-cidreira","12":"product_tag-dia-de-chuva","13":"product_tag-difusor-artesanal","14":"product_tag-feito-a-mao","15":"product_tag-frescor","16":"product_tag-perfume-para-casa","17":"pa_fragrancia-frutas-vermelhas","18":"pa_marca-alma-do-campo","19":"pa_size-169g","21":"first","22":"instock","23":"shipping-taxable","24":"purchasable","25":"product-type-simple"},"_links":{"self":[{"href":"https:\/\/almadocampo.com.br\/pt\/wp-json\/wp\/v2\/product\/989417","targetHints":{"allow":["GET"]}}],"collection":[{"href":"https:\/\/almadocampo.com.br\/pt\/wp-json\/wp\/v2\/product"}],"about":[{"href":"https:\/\/almadocampo.com.br\/pt\/wp-json\/wp\/v2\/types\/product"}],"replies":[{"embeddable":true,"href":"https:\/\/almadocampo.com.br\/pt\/wp-json\/wp\/v2\/comments?post=989417"}],"version-history":[{"count":3,"href":"https:\/\/almadocampo.com.br\/pt\/wp-json\/wp\/v2\/product\/989417\/revisions"}],"predecessor-version":[{"id":989937,"href":"https:\/\/almadocampo.com.br\/pt\/wp-json\/wp\/v2\/product\/989417\/revisions\/989937"}],"wp:featuredmedia":[{"embeddable":true,"href":"https:\/\/almadocampo.com.br\/pt\/wp-json\/wp\/v2\/media\/989394"}],"wp:attachment":[{"href":"https:\/\/almadocampo.com.br\/pt\/wp-json\/wp\/v2\/media?parent=989417"}],"wp:term":[{"taxonomy":"product_brand","embeddable":true,"href":"https:\/\/almadocampo.com.br\/pt\/wp-json\/wp\/v2\/product_brand?post=989417"},{"taxonomy":"product_cat","embeddable":true,"href":"https:\/\/almadocampo.com.br\/pt\/wp-json\/wp\/v2\/product_cat?post=989417"},{"taxonomy":"product_tag","embeddable":true,"href":"https:\/\/almadocampo.com.br\/pt\/wp-json\/wp\/v2\/product_tag?post=989417"}],"curies":[{"name":"wp","href":"https:\/\/api.w.org\/{rel}","templated":true}]}}