{"id":989415,"date":"2025-07-12T02:18:40","date_gmt":"2025-07-12T02:18:40","guid":{"rendered":"https:\/\/almadocampo.com.br\/?post_type=product&#038;p=989415"},"modified":"2026-04-13T18:39:45","modified_gmt":"2026-04-13T18:39:45","slug":"difusor-de-ambientes-200ml-caminho-na-floresta","status":"publish","type":"product","link":"https:\/\/almadocampo.com.br\/pt\/produto\/difusor-de-ambientes-200ml-caminho-na-floresta\/","title":{"rendered":"Difusor de Ambientes 200ml \u2013 Caminho na Floresta"},"content":{"rendered":"<div class=\"vgblk-rw-wrapper limit-wrapper\">&nbsp;<\/p>\n<p><span style=\"font-weight: 400;\">O Difusor de Ambientes &#8216;Caminho na Floresta&#8217; traz a atmosfera \u00famida e misteriosa das florestas tropicais diretamente para dentro do lar. <\/span><\/p>\n<p><span style=\"font-weight: 400;\">Suas notas verdes e amadeiradas, extra\u00eddas de \u00f3leos essenciais de alta qualidade, evocam ra\u00edzes, folhas e troncos molhados, convidando \u00e0 introspec\u00e7\u00e3o e ao retorno \u00e0 natureza bruta. <\/span><\/p>\n<p><span style=\"font-weight: 400;\">Com base em \u00e1lcool de cereais e fragr\u00e2ncia natural, sua composi\u00e7\u00e3o \u00e9 limpa e segura, e a difus\u00e3o ocorre lentamente atrav\u00e9s de varetas de fibra de algod\u00e3o, que liberam o aroma de forma cont\u00ednua e envolvente.<\/span><\/p>\n<p><br style=\"font-weight: 400;\" \/><br style=\"font-weight: 400;\" \/><\/div>\n<p><!-- .vgblk-rw-wrapper --><\/p>","protected":false},"excerpt":{"rendered":"<ul>\n<li><span style=\"font-weight: 400;\">\u00c1lcool de cereais<\/span><\/li>\n<li><span style=\"font-weight: 400;\">\u00d3leos essenciais e fragr\u00e2ncia natural de notas verdes e tropicais<\/span><\/li>\n<li><span style=\"font-weight: 400;\">Solubilizante e fixador<\/span><\/li>\n<li><span style=\"font-weight: 400;\">Varetas de fibra de algod\u00e3o<\/span><\/li>\n<\/ul>\n<p>&nbsp;<\/p>\n<p>&nbsp;<\/p>","protected":false},"featured_media":989390,"comment_status":"open","ping_status":"closed","template":"","meta":{"inline_featured_image":false},"product_brand":[156],"product_cat":[195,96],"product_tag":[180,179,210,204,166,181,168],"class_list":{"0":"post-989415","1":"product","2":"type-product","3":"status-publish","4":"has-post-thumbnail","6":"product_brand-alma-do-campo-home-sensation","7":"product_cat-colecao-momentos","8":"product_cat-difusor-de-ambientes","9":"product_tag-aroma-amadeirado","10":"product_tag-caminho-na-floresta","11":"product_tag-conexao-com-a-natureza","12":"product_tag-difusor-artesanal","13":"product_tag-feito-a-mao","14":"product_tag-floresta-tropical","15":"product_tag-perfume-para-casa","16":"pa_fragrancia-frutas-vermelhas","17":"pa_marca-alma-do-campo","18":"pa_size-169g","20":"first","21":"instock","22":"shipping-taxable","23":"purchasable","24":"product-type-simple"},"_links":{"self":[{"href":"https:\/\/almadocampo.com.br\/pt\/wp-json\/wp\/v2\/product\/989415","targetHints":{"allow":["GET"]}}],"collection":[{"href":"https:\/\/almadocampo.com.br\/pt\/wp-json\/wp\/v2\/product"}],"about":[{"href":"https:\/\/almadocampo.com.br\/pt\/wp-json\/wp\/v2\/types\/product"}],"replies":[{"embeddable":true,"href":"https:\/\/almadocampo.com.br\/pt\/wp-json\/wp\/v2\/comments?post=989415"}],"version-history":[{"count":1,"href":"https:\/\/almadocampo.com.br\/pt\/wp-json\/wp\/v2\/product\/989415\/revisions"}],"predecessor-version":[{"id":989416,"href":"https:\/\/almadocampo.com.br\/pt\/wp-json\/wp\/v2\/product\/989415\/revisions\/989416"}],"wp:featuredmedia":[{"embeddable":true,"href":"https:\/\/almadocampo.com.br\/pt\/wp-json\/wp\/v2\/media\/989390"}],"wp:attachment":[{"href":"https:\/\/almadocampo.com.br\/pt\/wp-json\/wp\/v2\/media?parent=989415"}],"wp:term":[{"taxonomy":"product_brand","embeddable":true,"href":"https:\/\/almadocampo.com.br\/pt\/wp-json\/wp\/v2\/product_brand?post=989415"},{"taxonomy":"product_cat","embeddable":true,"href":"https:\/\/almadocampo.com.br\/pt\/wp-json\/wp\/v2\/product_cat?post=989415"},{"taxonomy":"product_tag","embeddable":true,"href":"https:\/\/almadocampo.com.br\/pt\/wp-json\/wp\/v2\/product_tag?post=989415"}],"curies":[{"name":"wp","href":"https:\/\/api.w.org\/{rel}","templated":true}]}}