{"id":989413,"date":"2025-07-12T02:08:04","date_gmt":"2025-07-12T02:08:04","guid":{"rendered":"https:\/\/almadocampo.com.br\/?post_type=product&#038;p=989413"},"modified":"2026-04-13T18:39:45","modified_gmt":"2026-04-13T18:39:45","slug":"difusor-de-ambientes-200ml-brisa-da-manha","status":"publish","type":"product","link":"https:\/\/almadocampo.com.br\/pt\/produto\/difusor-de-ambientes-200ml-brisa-da-manha\/","title":{"rendered":"Difusor de Ambientes 200ml \u2013 Brisa da Manh\u00e3"},"content":{"rendered":"<div class=\"vgblk-rw-wrapper limit-wrapper\"><span style=\"font-weight: 400;\">O Difusor de Ambientes &#8216;Brisa da Manh\u00e3&#8217; desperta o ambiente com a leveza do ch\u00e1 branco, uma fragr\u00e2ncia delicada, pura e revigorante como as primeiras horas do dia. <\/span><\/p>\n<p><span style=\"font-weight: 400;\">Sua composi\u00e7\u00e3o natural \u00e9 feita com \u00e1lcool de cereais, \u00f3leo essencial e fragr\u00e2ncia de alta qualidade, promovendo um perfume cont\u00ednuo, suave e harmonioso. As varetas de fibra de algod\u00e3o espalham o aroma de forma equilibrada, criando um espa\u00e7o sereno, limpo e luminoso.<\/span><\/p>\n<p><br style=\"font-weight: 400;\" \/><br style=\"font-weight: 400;\" \/><\/div>\n<p><!-- .vgblk-rw-wrapper --><\/p>","protected":false},"excerpt":{"rendered":"<ul>\n<li><span style=\"font-weight: 400;\">\u00c1lcool de cereais<\/span><\/li>\n<li><span style=\"font-weight: 400;\">\u00d3leo essencial e fragr\u00e2ncia natural de ch\u00e1 branco<\/span><\/li>\n<li><span style=\"font-weight: 400;\">Solubilizante e fixador<\/span><\/li>\n<li><span style=\"font-weight: 400;\">Varetas de fibra de algod\u00e3o<\/span><\/li>\n<\/ul>\n<p>&nbsp;<\/p>\n<p>&nbsp;<\/p>","protected":false},"featured_media":989373,"comment_status":"open","ping_status":"closed","template":"","meta":{"inline_featured_image":false},"product_brand":[156],"product_cat":[195,96],"product_tag":[209,167,206,207,204,166,208,184,168],"class_list":{"0":"post-989413","1":"product","2":"type-product","3":"status-publish","4":"has-post-thumbnail","6":"product_brand-alma-do-campo-home-sensation","7":"product_cat-colecao-momentos","8":"product_cat-difusor-de-ambientes","9":"product_tag-aroma-suave","10":"product_tag-bem-estar","11":"product_tag-brisa-da-manha","12":"product_tag-cha-branco","13":"product_tag-difusor-artesanal","14":"product_tag-feito-a-mao","15":"product_tag-leveza","16":"product_tag-memoria-afetiva","17":"product_tag-perfume-para-casa","18":"pa_fragrancia-frutas-vermelhas","19":"pa_marca-alma-do-campo","20":"pa_size-169g","22":"first","23":"instock","24":"shipping-taxable","25":"purchasable","26":"product-type-simple"},"_links":{"self":[{"href":"https:\/\/almadocampo.com.br\/pt\/wp-json\/wp\/v2\/product\/989413","targetHints":{"allow":["GET"]}}],"collection":[{"href":"https:\/\/almadocampo.com.br\/pt\/wp-json\/wp\/v2\/product"}],"about":[{"href":"https:\/\/almadocampo.com.br\/pt\/wp-json\/wp\/v2\/types\/product"}],"replies":[{"embeddable":true,"href":"https:\/\/almadocampo.com.br\/pt\/wp-json\/wp\/v2\/comments?post=989413"}],"version-history":[{"count":3,"href":"https:\/\/almadocampo.com.br\/pt\/wp-json\/wp\/v2\/product\/989413\/revisions"}],"predecessor-version":[{"id":989873,"href":"https:\/\/almadocampo.com.br\/pt\/wp-json\/wp\/v2\/product\/989413\/revisions\/989873"}],"wp:featuredmedia":[{"embeddable":true,"href":"https:\/\/almadocampo.com.br\/pt\/wp-json\/wp\/v2\/media\/989373"}],"wp:attachment":[{"href":"https:\/\/almadocampo.com.br\/pt\/wp-json\/wp\/v2\/media?parent=989413"}],"wp:term":[{"taxonomy":"product_brand","embeddable":true,"href":"https:\/\/almadocampo.com.br\/pt\/wp-json\/wp\/v2\/product_brand?post=989413"},{"taxonomy":"product_cat","embeddable":true,"href":"https:\/\/almadocampo.com.br\/pt\/wp-json\/wp\/v2\/product_cat?post=989413"},{"taxonomy":"product_tag","embeddable":true,"href":"https:\/\/almadocampo.com.br\/pt\/wp-json\/wp\/v2\/product_tag?post=989413"}],"curies":[{"name":"wp","href":"https:\/\/api.w.org\/{rel}","templated":true}]}}