{"id":989383,"date":"2025-07-11T21:18:27","date_gmt":"2025-07-11T21:18:27","guid":{"rendered":"https:\/\/almadocampo.com.br\/?post_type=product&#038;p=989383"},"modified":"2026-04-13T18:39:45","modified_gmt":"2026-04-13T18:39:45","slug":"difusor-de-ambientes-200ml-passeio-no-campo","status":"publish","type":"product","link":"https:\/\/almadocampo.com.br\/pt\/produto\/difusor-de-ambientes-200ml-passeio-no-campo\/","title":{"rendered":"Difusor de Ambientes 200ml \u2013 Passeio no Campo"},"content":{"rendered":"<div class=\"vgblk-rw-wrapper limit-wrapper\"><span style=\"font-weight: 400;\">O Difusor de Ambientes &#8216;Passeio no Campo&#8217; \u00e9 um convite \u00e0 leveza. <\/span><\/p>\n<p><span style=\"font-weight: 400;\">Sua fragr\u00e2ncia traz o aroma puro e herbal da lavanda proven\u00e7al, conhecida por suas propriedades calmantes e revigorantes. <\/span><\/p>\n<p><span style=\"font-weight: 400;\">Com composi\u00e7\u00e3o natural \u00e0 base de \u00e1lcool de cereais, \u00f3leo essencial e fragr\u00e2ncia natural, o difusor promove uma perfuma\u00e7\u00e3o cont\u00ednua e suave, ideal para equilibrar o ambiente e a alma.<\/span><\/p>\n<p><span style=\"font-weight: 400;\"> As varetas de fibra de algod\u00e3o garantem uma difus\u00e3o eficiente, mantendo o frescor e a serenidade por mais tempo.<\/span><br style=\"font-weight: 400;\" \/><br style=\"font-weight: 400;\" \/><\/div>\n<p><!-- .vgblk-rw-wrapper --><\/p>","protected":false},"excerpt":{"rendered":"<ul>\n<li><span style=\"font-weight: 400;\">\u00c1lcool de cereais<\/span><\/li>\n<li><span style=\"font-weight: 400;\">\u00d3leo essencial e fragr\u00e2ncia natural de lavanda proven\u00e7al<\/span><\/li>\n<li><span style=\"font-weight: 400;\">Solubilizante e fixador<\/span><\/li>\n<li><span style=\"font-weight: 400;\">Varetas de fibra de algod\u00e3o<\/span><br style=\"font-weight: 400;\" \/><br style=\"font-weight: 400;\" \/><\/li>\n<\/ul>\n<p>&nbsp;<\/p>\n<p>&nbsp;<\/p>","protected":false},"featured_media":989403,"comment_status":"open","ping_status":"closed","template":"","meta":{"inline_featured_image":false},"product_brand":[156],"product_cat":[195,96,234],"product_tag":[205,167,204,166,213,188,168,191],"class_list":{"0":"post-989383","1":"product","2":"type-product","3":"status-publish","4":"has-post-thumbnail","6":"product_brand-alma-do-campo-home-sensation","7":"product_cat-colecao-momentos","8":"product_cat-difusor-de-ambientes","9":"product_cat-natal","10":"product_tag-aroma-herbal","11":"product_tag-bem-estar","12":"product_tag-difusor-artesanal","13":"product_tag-feito-a-mao","14":"product_tag-lavanda-provencal","15":"product_tag-passeio-no-campo","16":"product_tag-perfume-para-casa","17":"product_tag-tranquilidade","18":"pa_fragrancia-lavanda","19":"pa_marca-alma-do-campo","20":"pa_size-169g","22":"first","23":"outofstock","24":"featured","25":"shipping-taxable","26":"purchasable","27":"product-type-simple"},"_links":{"self":[{"href":"https:\/\/almadocampo.com.br\/pt\/wp-json\/wp\/v2\/product\/989383","targetHints":{"allow":["GET"]}}],"collection":[{"href":"https:\/\/almadocampo.com.br\/pt\/wp-json\/wp\/v2\/product"}],"about":[{"href":"https:\/\/almadocampo.com.br\/pt\/wp-json\/wp\/v2\/types\/product"}],"replies":[{"embeddable":true,"href":"https:\/\/almadocampo.com.br\/pt\/wp-json\/wp\/v2\/comments?post=989383"}],"version-history":[{"count":8,"href":"https:\/\/almadocampo.com.br\/pt\/wp-json\/wp\/v2\/product\/989383\/revisions"}],"predecessor-version":[{"id":989431,"href":"https:\/\/almadocampo.com.br\/pt\/wp-json\/wp\/v2\/product\/989383\/revisions\/989431"}],"wp:featuredmedia":[{"embeddable":true,"href":"https:\/\/almadocampo.com.br\/pt\/wp-json\/wp\/v2\/media\/989403"}],"wp:attachment":[{"href":"https:\/\/almadocampo.com.br\/pt\/wp-json\/wp\/v2\/media?parent=989383"}],"wp:term":[{"taxonomy":"product_brand","embeddable":true,"href":"https:\/\/almadocampo.com.br\/pt\/wp-json\/wp\/v2\/product_brand?post=989383"},{"taxonomy":"product_cat","embeddable":true,"href":"https:\/\/almadocampo.com.br\/pt\/wp-json\/wp\/v2\/product_cat?post=989383"},{"taxonomy":"product_tag","embeddable":true,"href":"https:\/\/almadocampo.com.br\/pt\/wp-json\/wp\/v2\/product_tag?post=989383"}],"curies":[{"name":"wp","href":"https:\/\/api.w.org\/{rel}","templated":true}]}}