{"id":989292,"date":"2025-07-11T12:39:01","date_gmt":"2025-07-11T12:39:01","guid":{"rendered":"https:\/\/almadocampo.com.br\/?post_type=product&#038;p=989292"},"modified":"2026-04-23T11:23:05","modified_gmt":"2026-04-23T11:23:05","slug":"vela-aromatica-169g-brisa-da-manha","status":"publish","type":"product","link":"https:\/\/almadocampo.com.br\/pt\/produto\/vela-aromatica-169g-brisa-da-manha\/","title":{"rendered":"Vela Arom\u00e1tica 169g \u2013 Brisa da Manh\u00e3"},"content":{"rendered":"<div class=\"vgblk-rw-wrapper limit-wrapper\">\n<ul>\n<li><span style=\"font-weight: 400;\">Feita com um blend de ceras vegetais (coco, arroz e palma), esta vela possui pavio ecol\u00f3gico de madeira que emite um som sutil de lenha queimando ao acender, evocando a calmaria das primeiras horas do dia. <\/span><\/li>\n<li><span style=\"font-weight: 400;\">A fragr\u00e2ncia &#8216;Brisa da Manh\u00e3&#8217; traz a leveza do ch\u00e1 branco, delicado e revigorante, ideal para despertar os sentidos com suavidade. <\/span><\/li>\n<li><span style=\"font-weight: 400;\">Queima limpa e sem cheiro de queimado. Tampa de madeira ecol\u00f3gica acompanha o produto.<\/span><\/li>\n<\/ul>\n<\/div>\n<p><!-- .vgblk-rw-wrapper --><\/p>","protected":false},"excerpt":{"rendered":"<ul>\n<li><span style=\"font-weight: 400;\">Ceras vegetais (coco, arroz e palma)<\/span><\/li>\n<li><span style=\"font-weight: 400;\">\u00d3leos essenciais de alta qualidade<\/span><\/li>\n<li><span style=\"font-weight: 400;\">Pavio ecol\u00f3gico de madeira de reflorestamento<\/span><\/li>\n<li><span style=\"font-weight: 400;\">Frasco de vidro com tampa ecol\u00f3gica de madeira<\/span><span style=\"font-weight: 400;\"><br \/>\n<\/span><\/li>\n<\/ul>\n<p>&nbsp;<\/p>\n<p>&nbsp;<\/p>","protected":false},"featured_media":989293,"comment_status":"open","ping_status":"closed","template":"","meta":{"inline_featured_image":false},"product_brand":[156],"product_cat":[195,43],"product_tag":[169,167,85,166,101,168,46],"class_list":{"0":"post-989292","1":"product","2":"type-product","3":"status-publish","4":"has-post-thumbnail","6":"product_brand-alma-do-campo-home-sensation","7":"product_cat-colecao-momentos","8":"product_cat-velas-aromaticas","9":"product_tag-aroma-exclusivo","10":"product_tag-bem-estar","11":"product_tag-cera-vegetal","12":"product_tag-feito-a-mao","13":"product_tag-pavio-de-madeira","14":"product_tag-perfume-para-casa","15":"product_tag-vela-artesanal","16":"pa_fragrancia-canela-da-india-com-especiarias","17":"pa_marca-alma-do-campo","18":"pa_size-169g","20":"first","21":"outofstock","22":"shipping-taxable","23":"purchasable","24":"product-type-simple"},"_links":{"self":[{"href":"https:\/\/almadocampo.com.br\/pt\/wp-json\/wp\/v2\/product\/989292","targetHints":{"allow":["GET"]}}],"collection":[{"href":"https:\/\/almadocampo.com.br\/pt\/wp-json\/wp\/v2\/product"}],"about":[{"href":"https:\/\/almadocampo.com.br\/pt\/wp-json\/wp\/v2\/types\/product"}],"replies":[{"embeddable":true,"href":"https:\/\/almadocampo.com.br\/pt\/wp-json\/wp\/v2\/comments?post=989292"}],"version-history":[{"count":1,"href":"https:\/\/almadocampo.com.br\/pt\/wp-json\/wp\/v2\/product\/989292\/revisions"}],"predecessor-version":[{"id":989296,"href":"https:\/\/almadocampo.com.br\/pt\/wp-json\/wp\/v2\/product\/989292\/revisions\/989296"}],"wp:featuredmedia":[{"embeddable":true,"href":"https:\/\/almadocampo.com.br\/pt\/wp-json\/wp\/v2\/media\/989293"}],"wp:attachment":[{"href":"https:\/\/almadocampo.com.br\/pt\/wp-json\/wp\/v2\/media?parent=989292"}],"wp:term":[{"taxonomy":"product_brand","embeddable":true,"href":"https:\/\/almadocampo.com.br\/pt\/wp-json\/wp\/v2\/product_brand?post=989292"},{"taxonomy":"product_cat","embeddable":true,"href":"https:\/\/almadocampo.com.br\/pt\/wp-json\/wp\/v2\/product_cat?post=989292"},{"taxonomy":"product_tag","embeddable":true,"href":"https:\/\/almadocampo.com.br\/pt\/wp-json\/wp\/v2\/product_tag?post=989292"}],"curies":[{"name":"wp","href":"https:\/\/api.w.org\/{rel}","templated":true}]}}