{"id":988790,"date":"2025-04-07T16:32:53","date_gmt":"2025-04-07T16:32:53","guid":{"rendered":"https:\/\/almadocampo.com.br\/?post_type=product&#038;p=988790"},"modified":"2025-11-24T01:16:55","modified_gmt":"2025-11-24T01:16:55","slug":"caixa-de-fosforo-alma-do-campo-100-palitos-ecologicos","status":"publish","type":"product","link":"https:\/\/almadocampo.com.br\/pt\/produto\/caixa-de-fosforo-alma-do-campo-100-palitos-ecologicos\/","title":{"rendered":"F\u00f3sforos Ecol\u00f3gicos Alma do Campo"},"content":{"rendered":"<div class=\"vgblk-rw-wrapper limit-wrapper\">\n<ul>\n<li>A Caixa de F\u00f3sforo Alma do Campo cont\u00e9m 100 palitos ecol\u00f3gicos, produzidos sem enxofre e com madeira natural de reflorestamento.<\/li>\n<li>Cada palito tem 5 cm de comprimento, ideal para acender velas, incensos e criar momentos de pausa e conex\u00e3o com os sentidos.<\/li>\n<li>Seu acendimento \u00e9 suave, limpo e sem odor agressivo, contribuindo para uma experi\u00eancia mais pura e consciente.<\/li>\n<\/ul>\n<\/div>\n<p><!-- .vgblk-rw-wrapper --><\/p>","protected":false},"excerpt":{"rendered":"<ul>\n<li class=\"\" data-start=\"974\" data-end=\"1004\">\n<p class=\"\" data-start=\"976\" data-end=\"1004\">Madeira de reflorestamento<\/p>\n<\/li>\n<li class=\"\" data-start=\"1005\" data-end=\"1025\">\n<p class=\"\" data-start=\"1007\" data-end=\"1025\">Livre de enxofre<\/p>\n<\/li>\n<li class=\"\" data-start=\"1026\" data-end=\"1054\">\n<p class=\"\" data-start=\"1028\" data-end=\"1054\">Ingredientes n\u00e3o t\u00f3xicos<\/p>\n<\/li>\n<li class=\"\" data-start=\"1055\" data-end=\"1086\">\n<p class=\"\" data-start=\"1057\" data-end=\"1086\">Embalagem em papel recicl\u00e1vel<\/p>\n<\/li>\n<\/ul>\n<p>&nbsp;<\/p>","protected":false},"featured_media":988792,"comment_status":"open","ping_status":"closed","template":"","meta":{"inline_featured_image":false},"product_brand":[156],"product_cat":[157],"product_tag":[172,85,171,166,173,101,168,46],"class_list":{"0":"post-988790","1":"product","2":"type-product","3":"status-publish","4":"has-post-thumbnail","6":"product_brand-alma-do-campo-home-sensation","7":"product_cat-fosforo","8":"product_tag-bergamota","9":"product_tag-cera-vegetal","10":"product_tag-entardecer-no-campo","11":"product_tag-feito-a-mao","12":"product_tag-frescor","13":"product_tag-pavio-de-madeira","14":"product_tag-perfume-para-casa","15":"product_tag-vela-artesanal","16":"pa_marca-alma-do-campo","17":"pa_size-100un","19":"first","20":"instock","21":"shipping-taxable","22":"purchasable","23":"product-type-simple"},"_links":{"self":[{"href":"https:\/\/almadocampo.com.br\/pt\/wp-json\/wp\/v2\/product\/988790","targetHints":{"allow":["GET"]}}],"collection":[{"href":"https:\/\/almadocampo.com.br\/pt\/wp-json\/wp\/v2\/product"}],"about":[{"href":"https:\/\/almadocampo.com.br\/pt\/wp-json\/wp\/v2\/types\/product"}],"replies":[{"embeddable":true,"href":"https:\/\/almadocampo.com.br\/pt\/wp-json\/wp\/v2\/comments?post=988790"}],"version-history":[{"count":2,"href":"https:\/\/almadocampo.com.br\/pt\/wp-json\/wp\/v2\/product\/988790\/revisions"}],"predecessor-version":[{"id":989643,"href":"https:\/\/almadocampo.com.br\/pt\/wp-json\/wp\/v2\/product\/988790\/revisions\/989643"}],"wp:featuredmedia":[{"embeddable":true,"href":"https:\/\/almadocampo.com.br\/pt\/wp-json\/wp\/v2\/media\/988792"}],"wp:attachment":[{"href":"https:\/\/almadocampo.com.br\/pt\/wp-json\/wp\/v2\/media?parent=988790"}],"wp:term":[{"taxonomy":"product_brand","embeddable":true,"href":"https:\/\/almadocampo.com.br\/pt\/wp-json\/wp\/v2\/product_brand?post=988790"},{"taxonomy":"product_cat","embeddable":true,"href":"https:\/\/almadocampo.com.br\/pt\/wp-json\/wp\/v2\/product_cat?post=988790"},{"taxonomy":"product_tag","embeddable":true,"href":"https:\/\/almadocampo.com.br\/pt\/wp-json\/wp\/v2\/product_tag?post=988790"}],"curies":[{"name":"wp","href":"https:\/\/api.w.org\/{rel}","templated":true}]}}