{"id":988782,"date":"2025-04-07T16:08:12","date_gmt":"2025-04-07T16:08:12","guid":{"rendered":"https:\/\/almadocampo.com.br\/?post_type=product&#038;p=988782"},"modified":"2026-04-13T18:41:18","modified_gmt":"2026-04-13T18:41:18","slug":"vela-aromatica-169g-dia-de-chuva","status":"publish","type":"product","link":"https:\/\/almadocampo.com.br\/pt\/produto\/vela-aromatica-169g-dia-de-chuva\/","title":{"rendered":"Vela Arom\u00e1tica 169g \u2013 Dia de Chuva"},"content":{"rendered":"<div class=\"vgblk-rw-wrapper limit-wrapper\">\n<ul>\n<li><span style=\"font-weight: 400;\">Produzida com um blend de ceras vegetais (coco, arroz e palma), esta vela possui um pavio ecol\u00f3gico de madeira que, ao queimar, reproduz o som sereno da chuva fina. <\/span><\/li>\n<li><span style=\"font-weight: 400;\">A fragr\u00e2ncia &#8216;Dia de Chuva&#8217; traz o aroma leve e herb\u00e1ceo do capim cidreira fresco, proporcionando frescor e vitalidade. <\/span><\/li>\n<li><span style=\"font-weight: 400;\">Com \u00f3leos essenciais de alt\u00edssima qualidade, oferece uma queima limpa, sem aditivos qu\u00edmicos ou cheiro de queimado. <\/span><\/li>\n<li><span style=\"font-weight: 400;\">Tampa de madeira ecol\u00f3gica acompanha o frasco.<\/span><\/li>\n<\/ul>\n<\/div>\n<p><!-- .vgblk-rw-wrapper --><\/p>","protected":false},"excerpt":{"rendered":"<ul>\n<li><span style=\"font-weight: 400;\">Ceras vegetais (coco, arroz e palma)<\/span><\/li>\n<li><span style=\"font-weight: 400;\">\u00d3leos essenciais de alta qualidade<\/span><\/li>\n<li><span style=\"font-weight: 400;\">Pavio ecol\u00f3gico de madeira de reflorestamento<\/span><\/li>\n<li><span style=\"font-weight: 400;\">Frasco de vidro com tampa ecol\u00f3gica de madeira<\/span><span style=\"font-weight: 400;\"><br \/>\n<\/span><\/li>\n<\/ul>\n<p>&nbsp;<\/p>\n<p>&nbsp;<\/p>","protected":false},"featured_media":989339,"comment_status":"open","ping_status":"closed","template":"","meta":{"inline_featured_image":false},"product_brand":[156],"product_cat":[195,43],"product_tag":[175,85,174,166,173,101,168,46],"class_list":{"0":"post-988782","1":"product","2":"type-product","3":"status-publish","4":"has-post-thumbnail","6":"product_brand-alma-do-campo-home-sensation","7":"product_cat-colecao-momentos","8":"product_cat-velas-aromaticas","9":"product_tag-capim-cidreira","10":"product_tag-cera-vegetal","11":"product_tag-dia-de-chuva","12":"product_tag-feito-a-mao","13":"product_tag-frescor","14":"product_tag-pavio-de-madeira","15":"product_tag-perfume-para-casa","16":"product_tag-vela-artesanal","17":"pa_fragrancia-capim-cidreira","18":"pa_marca-alma-do-campo","19":"pa_size-169g","21":"first","22":"instock","23":"shipping-taxable","24":"purchasable","25":"product-type-simple"},"_links":{"self":[{"href":"https:\/\/almadocampo.com.br\/pt\/wp-json\/wp\/v2\/product\/988782","targetHints":{"allow":["GET"]}}],"collection":[{"href":"https:\/\/almadocampo.com.br\/pt\/wp-json\/wp\/v2\/product"}],"about":[{"href":"https:\/\/almadocampo.com.br\/pt\/wp-json\/wp\/v2\/types\/product"}],"replies":[{"embeddable":true,"href":"https:\/\/almadocampo.com.br\/pt\/wp-json\/wp\/v2\/comments?post=988782"}],"version-history":[{"count":2,"href":"https:\/\/almadocampo.com.br\/pt\/wp-json\/wp\/v2\/product\/988782\/revisions"}],"predecessor-version":[{"id":989147,"href":"https:\/\/almadocampo.com.br\/pt\/wp-json\/wp\/v2\/product\/988782\/revisions\/989147"}],"wp:featuredmedia":[{"embeddable":true,"href":"https:\/\/almadocampo.com.br\/pt\/wp-json\/wp\/v2\/media\/989339"}],"wp:attachment":[{"href":"https:\/\/almadocampo.com.br\/pt\/wp-json\/wp\/v2\/media?parent=988782"}],"wp:term":[{"taxonomy":"product_brand","embeddable":true,"href":"https:\/\/almadocampo.com.br\/pt\/wp-json\/wp\/v2\/product_brand?post=988782"},{"taxonomy":"product_cat","embeddable":true,"href":"https:\/\/almadocampo.com.br\/pt\/wp-json\/wp\/v2\/product_cat?post=988782"},{"taxonomy":"product_tag","embeddable":true,"href":"https:\/\/almadocampo.com.br\/pt\/wp-json\/wp\/v2\/product_tag?post=988782"}],"curies":[{"name":"wp","href":"https:\/\/api.w.org\/{rel}","templated":true}]}}