{"id":988776,"date":"2025-04-07T14:35:00","date_gmt":"2025-04-07T14:35:00","guid":{"rendered":"https:\/\/almadocampo.com.br\/?post_type=product&#038;p=988776"},"modified":"2026-04-13T18:41:18","modified_gmt":"2026-04-13T18:41:18","slug":"vela-aromatica-169g-caminho-na-floresta","status":"publish","type":"product","link":"https:\/\/almadocampo.com.br\/pt\/produto\/vela-aromatica-169g-caminho-na-floresta\/","title":{"rendered":"Vela Arom\u00e1tica 169g \u2013 Caminho na Floresta"},"content":{"rendered":"<div class=\"vgblk-rw-wrapper limit-wrapper\">\n<ul>\n<li><span style=\"font-weight: 400;\">Feita com ceras vegetais de coco, arroz e palma, esta vela possui pavio ecol\u00f3gico de madeira de reflorestamento, que ao queimar emite um som leve e crepitante, como folhas sob os p\u00e9s em um bosque \u00famido. <\/span><\/li>\n<li><span style=\"font-weight: 400;\">A fragr\u00e2ncia &#8216;Caminho na Floresta&#8217; traduz a intensidade e o mist\u00e9rio das florestas tropicais, com notas verdes e amadeiradas que conectam \u00e0 natureza profunda. <\/span><\/li>\n<li><span style=\"font-weight: 400;\">Sua queima \u00e9 limpa e sustent\u00e1vel, livre de aditivos qu\u00edmicos e sem cheiro de queimado. <\/span><\/li>\n<li><span style=\"font-weight: 400;\">Acompanha tampa ecol\u00f3gica de madeira.<\/span><\/li>\n<\/ul>\n<\/div>\n<p><!-- .vgblk-rw-wrapper --><\/p>","protected":false},"excerpt":{"rendered":"<ul>\n<li><span style=\"font-weight: 400;\">Ceras vegetais (coco, arroz e palma)<\/span><\/li>\n<li><span style=\"font-weight: 400;\">\u00d3leos essenciais de alta qualidade<\/span><\/li>\n<li><span style=\"font-weight: 400;\">Pavio ecol\u00f3gico de madeira de reflorestamento<\/span><\/li>\n<li><span style=\"font-weight: 400;\">Frasco de vidro com tampa ecol\u00f3gica de madeira<\/span><span style=\"font-weight: 400;\"><br \/>\n<\/span><\/li>\n<\/ul>\n<p>&nbsp;<\/p>\n<p>&nbsp;<\/p>","protected":false},"featured_media":989327,"comment_status":"open","ping_status":"closed","template":"","meta":{"inline_featured_image":false},"product_brand":[156],"product_cat":[195,43],"product_tag":[180,179,85,166,181,101,168,46],"class_list":{"0":"post-988776","1":"product","2":"type-product","3":"status-publish","4":"has-post-thumbnail","6":"product_brand-alma-do-campo-home-sensation","7":"product_cat-colecao-momentos","8":"product_cat-velas-aromaticas","9":"product_tag-aroma-amadeirado","10":"product_tag-caminho-na-floresta","11":"product_tag-cera-vegetal","12":"product_tag-feito-a-mao","13":"product_tag-floresta-tropical","14":"product_tag-pavio-de-madeira","15":"product_tag-perfume-para-casa","16":"product_tag-vela-artesanal","17":"pa_fragrancia-florestas-tropicais","18":"pa_marca-alma-do-campo","19":"pa_size-169g","21":"first","22":"instock","23":"shipping-taxable","24":"purchasable","25":"product-type-simple"},"_links":{"self":[{"href":"https:\/\/almadocampo.com.br\/pt\/wp-json\/wp\/v2\/product\/988776","targetHints":{"allow":["GET"]}}],"collection":[{"href":"https:\/\/almadocampo.com.br\/pt\/wp-json\/wp\/v2\/product"}],"about":[{"href":"https:\/\/almadocampo.com.br\/pt\/wp-json\/wp\/v2\/types\/product"}],"replies":[{"embeddable":true,"href":"https:\/\/almadocampo.com.br\/pt\/wp-json\/wp\/v2\/comments?post=988776"}],"version-history":[{"count":2,"href":"https:\/\/almadocampo.com.br\/pt\/wp-json\/wp\/v2\/product\/988776\/revisions"}],"predecessor-version":[{"id":989146,"href":"https:\/\/almadocampo.com.br\/pt\/wp-json\/wp\/v2\/product\/988776\/revisions\/989146"}],"wp:featuredmedia":[{"embeddable":true,"href":"https:\/\/almadocampo.com.br\/pt\/wp-json\/wp\/v2\/media\/989327"}],"wp:attachment":[{"href":"https:\/\/almadocampo.com.br\/pt\/wp-json\/wp\/v2\/media?parent=988776"}],"wp:term":[{"taxonomy":"product_brand","embeddable":true,"href":"https:\/\/almadocampo.com.br\/pt\/wp-json\/wp\/v2\/product_brand?post=988776"},{"taxonomy":"product_cat","embeddable":true,"href":"https:\/\/almadocampo.com.br\/pt\/wp-json\/wp\/v2\/product_cat?post=988776"},{"taxonomy":"product_tag","embeddable":true,"href":"https:\/\/almadocampo.com.br\/pt\/wp-json\/wp\/v2\/product_tag?post=988776"}],"curies":[{"name":"wp","href":"https:\/\/api.w.org\/{rel}","templated":true}]}}