{"id":988773,"date":"2025-04-07T14:33:01","date_gmt":"2025-04-07T14:33:01","guid":{"rendered":"https:\/\/almadocampo.com.br\/?post_type=product&#038;p=988773"},"modified":"2026-04-13T18:41:18","modified_gmt":"2026-04-13T18:41:18","slug":"vela-aromatica-169g-casa-da-vovo","status":"publish","type":"product","link":"https:\/\/almadocampo.com.br\/pt\/produto\/vela-aromatica-169g-casa-da-vovo\/","title":{"rendered":"Vela Arom\u00e1tica 169g \u2013 Casa da Vov\u00f3"},"content":{"rendered":"<div class=\"vgblk-rw-wrapper limit-wrapper\">\n<ul>\n<li><span style=\"font-weight: 400;\">Criada com ceras vegetais de origem sustent\u00e1vel (coco, arroz e palma), esta vela apresenta um pavio de madeira que crepita levemente, remetendo ao forno da casa da vov\u00f3. <\/span><\/li>\n<li><span style=\"font-weight: 400;\">A fragr\u00e2ncia &#8216;Casa da Vov\u00f3&#8217; traz a do\u00e7ura acolhedora de frutas vermelhas assadas, com um toque nost\u00e1lgico de inf\u00e2ncia e carinho. <\/span><\/li>\n<li><span style=\"font-weight: 400;\">\u00d3leos essenciais de alt\u00edssima qualidade proporcionam uma queima limpa, sem qu\u00edmicos ou cheiro de queimado. <\/span><\/li>\n<li><span style=\"font-weight: 400;\">Tampa ecol\u00f3gica de madeira inclu\u00edda.<\/span><\/li>\n<\/ul>\n<\/div>\n<p><!-- .vgblk-rw-wrapper --><\/p>","protected":false},"excerpt":{"rendered":"<ul>\n<li><span style=\"font-weight: 400;\">Ceras vegetais (coco, arroz e palma)<\/span><\/li>\n<li><span style=\"font-weight: 400;\">\u00d3leos essenciais de alta qualidade<\/span><\/li>\n<li><span style=\"font-weight: 400;\">Pavio ecol\u00f3gico de madeira de reflorestamento<\/span><\/li>\n<li><span style=\"font-weight: 400;\">Frasco de vidro com tampa ecol\u00f3gica de madeira<\/span><span style=\"font-weight: 400;\"><br \/>\n<\/span><\/li>\n<\/ul>\n<p>&nbsp;<\/p>\n<p>&nbsp;<\/p>","protected":false},"featured_media":989351,"comment_status":"open","ping_status":"closed","template":"","meta":{"inline_featured_image":false},"product_brand":[156],"product_cat":[195,234,43],"product_tag":[182,85,166,183,184,101,168,46],"class_list":{"0":"post-988773","1":"product","2":"type-product","3":"status-publish","4":"has-post-thumbnail","6":"product_brand-alma-do-campo-home-sensation","7":"product_cat-colecao-momentos","8":"product_cat-natal","9":"product_cat-velas-aromaticas","10":"product_tag-casa-da-vovo","11":"product_tag-cera-vegetal","12":"product_tag-feito-a-mao","13":"product_tag-frutas-vermelhas","14":"product_tag-memoria-afetiva","15":"product_tag-pavio-de-madeira","16":"product_tag-perfume-para-casa","17":"product_tag-vela-artesanal","18":"pa_fragrancia-frutas-vermelhas","19":"pa_marca-alma-do-campo","20":"pa_size-169g","22":"first","23":"instock","24":"featured","25":"shipping-taxable","26":"purchasable","27":"product-type-simple"},"_links":{"self":[{"href":"https:\/\/almadocampo.com.br\/pt\/wp-json\/wp\/v2\/product\/988773","targetHints":{"allow":["GET"]}}],"collection":[{"href":"https:\/\/almadocampo.com.br\/pt\/wp-json\/wp\/v2\/product"}],"about":[{"href":"https:\/\/almadocampo.com.br\/pt\/wp-json\/wp\/v2\/types\/product"}],"replies":[{"embeddable":true,"href":"https:\/\/almadocampo.com.br\/pt\/wp-json\/wp\/v2\/comments?post=988773"}],"version-history":[{"count":2,"href":"https:\/\/almadocampo.com.br\/pt\/wp-json\/wp\/v2\/product\/988773\/revisions"}],"predecessor-version":[{"id":989352,"href":"https:\/\/almadocampo.com.br\/pt\/wp-json\/wp\/v2\/product\/988773\/revisions\/989352"}],"wp:featuredmedia":[{"embeddable":true,"href":"https:\/\/almadocampo.com.br\/pt\/wp-json\/wp\/v2\/media\/989351"}],"wp:attachment":[{"href":"https:\/\/almadocampo.com.br\/pt\/wp-json\/wp\/v2\/media?parent=988773"}],"wp:term":[{"taxonomy":"product_brand","embeddable":true,"href":"https:\/\/almadocampo.com.br\/pt\/wp-json\/wp\/v2\/product_brand?post=988773"},{"taxonomy":"product_cat","embeddable":true,"href":"https:\/\/almadocampo.com.br\/pt\/wp-json\/wp\/v2\/product_cat?post=988773"},{"taxonomy":"product_tag","embeddable":true,"href":"https:\/\/almadocampo.com.br\/pt\/wp-json\/wp\/v2\/product_tag?post=988773"}],"curies":[{"name":"wp","href":"https:\/\/api.w.org\/{rel}","templated":true}]}}