{"id":988771,"date":"2025-04-07T14:29:55","date_gmt":"2025-04-07T14:29:55","guid":{"rendered":"https:\/\/almadocampo.com.br\/?post_type=product&#038;p=988771"},"modified":"2026-04-13T18:41:18","modified_gmt":"2026-04-13T18:41:18","slug":"vela-aromatica-169g-despertar-da-primavera","status":"publish","type":"product","link":"https:\/\/almadocampo.com.br\/pt\/produto\/vela-aromatica-169g-despertar-da-primavera\/","title":{"rendered":"Vela Arom\u00e1tica 169g \u2013 Despertar da Primavera"},"content":{"rendered":"<div class=\"vgblk-rw-wrapper limit-wrapper\">\n<ul>\n<li><span style=\"font-weight: 400;\">Produzida com ceras vegetais de coco, arroz e palma, esta vela possui pavio ecol\u00f3gico de madeira de reflorestamento, que ao queimar, emite um som suave e crepitante, como folhas dan\u00e7ando ao vento. <\/span><\/li>\n<li><span style=\"font-weight: 400;\">A fragr\u00e2ncia &#8216;Despertar da Primavera&#8217; traz a do\u00e7ura floral e et\u00e9rea da cerejeira asi\u00e1tica, s\u00edmbolo do florescer, com \u00f3leos essenciais de alt\u00edssimo padr\u00e3o. <\/span><\/li>\n<li><span style=\"font-weight: 400;\">Sua queima \u00e9 limpa, sem aditivos qu\u00edmicos e sem cheiro de queimado. <\/span><\/li>\n<li><span style=\"font-weight: 400;\">Acompanha tampa de madeira ecol\u00f3gica.<\/span><\/li>\n<\/ul>\n<\/div>\n<p><!-- .vgblk-rw-wrapper --><\/p>","protected":false},"excerpt":{"rendered":"<ul>\n<li><span style=\"font-weight: 400;\">Ceras vegetais (coco, arroz e palma)<\/span><\/li>\n<li><span style=\"font-weight: 400;\">\u00d3leos essenciais de alta qualidade<\/span><\/li>\n<li><span style=\"font-weight: 400;\">Pavio ecol\u00f3gico de madeira de reflorestamento<\/span><\/li>\n<li><span style=\"font-weight: 400;\">Frasco de vidro com tampa ecol\u00f3gica de madeira<\/span><span style=\"font-weight: 400;\"><br \/>\n<\/span><\/li>\n<\/ul>\n<p>&nbsp;<\/p>\n<p>&nbsp;<\/p>","protected":false},"featured_media":989356,"comment_status":"open","ping_status":"closed","template":"","meta":{"inline_featured_image":false},"product_brand":[156],"product_cat":[195,43],"product_tag":[85,185,166,186,101,168,187,46],"class_list":{"0":"post-988771","1":"product","2":"type-product","3":"status-publish","4":"has-post-thumbnail","6":"product_brand-alma-do-campo-home-sensation","7":"product_cat-colecao-momentos","8":"product_cat-velas-aromaticas","9":"product_tag-cera-vegetal","10":"product_tag-despertar-da-primavera","11":"product_tag-feito-a-mao","12":"product_tag-flor-de-cerejeira","13":"product_tag-pavio-de-madeira","14":"product_tag-perfume-para-casa","15":"product_tag-primavera","16":"product_tag-vela-artesanal","17":"pa_fragrancia-flor-de-cerejeira","18":"pa_marca-alma-do-campo","19":"pa_size-169g","21":"first","22":"instock","23":"shipping-taxable","24":"purchasable","25":"product-type-simple"},"_links":{"self":[{"href":"https:\/\/almadocampo.com.br\/pt\/wp-json\/wp\/v2\/product\/988771","targetHints":{"allow":["GET"]}}],"collection":[{"href":"https:\/\/almadocampo.com.br\/pt\/wp-json\/wp\/v2\/product"}],"about":[{"href":"https:\/\/almadocampo.com.br\/pt\/wp-json\/wp\/v2\/types\/product"}],"replies":[{"embeddable":true,"href":"https:\/\/almadocampo.com.br\/pt\/wp-json\/wp\/v2\/comments?post=988771"}],"version-history":[{"count":4,"href":"https:\/\/almadocampo.com.br\/pt\/wp-json\/wp\/v2\/product\/988771\/revisions"}],"predecessor-version":[{"id":989871,"href":"https:\/\/almadocampo.com.br\/pt\/wp-json\/wp\/v2\/product\/988771\/revisions\/989871"}],"wp:featuredmedia":[{"embeddable":true,"href":"https:\/\/almadocampo.com.br\/pt\/wp-json\/wp\/v2\/media\/989356"}],"wp:attachment":[{"href":"https:\/\/almadocampo.com.br\/pt\/wp-json\/wp\/v2\/media?parent=988771"}],"wp:term":[{"taxonomy":"product_brand","embeddable":true,"href":"https:\/\/almadocampo.com.br\/pt\/wp-json\/wp\/v2\/product_brand?post=988771"},{"taxonomy":"product_cat","embeddable":true,"href":"https:\/\/almadocampo.com.br\/pt\/wp-json\/wp\/v2\/product_cat?post=988771"},{"taxonomy":"product_tag","embeddable":true,"href":"https:\/\/almadocampo.com.br\/pt\/wp-json\/wp\/v2\/product_tag?post=988771"}],"curies":[{"name":"wp","href":"https:\/\/api.w.org\/{rel}","templated":true}]}}