{"id":988769,"date":"2025-04-07T14:26:16","date_gmt":"2025-04-07T14:26:16","guid":{"rendered":"https:\/\/almadocampo.com.br\/?post_type=product&#038;p=988769"},"modified":"2026-04-13T18:41:18","modified_gmt":"2026-04-13T18:41:18","slug":"vela-aromatica-169g-passeio-no-campo","status":"publish","type":"product","link":"https:\/\/almadocampo.com.br\/pt\/produto\/vela-aromatica-169g-passeio-no-campo\/","title":{"rendered":"Vela Arom\u00e1tica 169g \u2013 Passeio no Campo"},"content":{"rendered":"<div class=\"vgblk-rw-wrapper limit-wrapper\">\n<ul>\n<li><span style=\"font-weight: 400;\">Feita com um blend exclusivo de ceras vegetais (coco, arroz e palma), esta vela possui pavio ecol\u00f3gico de madeira de reflorestamento, que emite ao queimar um som suave de lenha estalando, como um sussurro da natureza. <\/span><\/li>\n<li><span style=\"font-weight: 400;\">A fragr\u00e2ncia &#8216;Passeio no Campo&#8217; traz o aroma puro e herbal da lavanda proven\u00e7al, reconhecida por suas propriedades calmantes e revigorantes. <\/span><\/li>\n<li><span style=\"font-weight: 400;\">Com \u00f3leos essenciais de alta qualidade, proporciona uma queima limpa e sustent\u00e1vel, livre de aditivos qu\u00edmicos e sem cheiro de queimado. <\/span><\/li>\n<li><span style=\"font-weight: 400;\">Acompanha tampa ecol\u00f3gica de madeira.<\/span><\/li>\n<\/ul>\n<\/div>\n<p><!-- .vgblk-rw-wrapper --><\/p>","protected":false},"excerpt":{"rendered":"<ul>\n<li><span style=\"font-weight: 400;\">Ceras vegetais (coco, arroz e palma)<\/span><\/li>\n<li><span style=\"font-weight: 400;\">\u00d3leos essenciais de alta qualidade<\/span><\/li>\n<li><span style=\"font-weight: 400;\">Pavio ecol\u00f3gico de madeira de reflorestamento<\/span><\/li>\n<li><span style=\"font-weight: 400;\">Frasco de vidro com tampa ecol\u00f3gica de madeira<\/span><span style=\"font-weight: 400;\"><br \/>\n<\/span><\/li>\n<\/ul>\n<p>&nbsp;<\/p>\n<p>&nbsp;<\/p>","protected":false},"featured_media":989336,"comment_status":"open","ping_status":"closed","template":"","meta":{"inline_featured_image":false},"product_brand":[156],"product_cat":[195,234,43],"product_tag":[85,166,189,188,101,168,190,191,46],"class_list":{"0":"post-988769","1":"product","2":"type-product","3":"status-publish","4":"has-post-thumbnail","6":"product_brand-alma-do-campo-home-sensation","7":"product_cat-colecao-momentos","8":"product_cat-natal","9":"product_cat-velas-aromaticas","10":"product_tag-cera-vegetal","11":"product_tag-feito-a-mao","12":"product_tag-lavanda","13":"product_tag-passeio-no-campo","14":"product_tag-pavio-de-madeira","15":"product_tag-perfume-para-casa","16":"product_tag-provence","17":"product_tag-tranquilidade","18":"product_tag-vela-artesanal","19":"pa_fragrancia-lavanda","20":"pa_marca-alma-do-campo","21":"pa_size-169g","23":"first","24":"instock","25":"sale","26":"featured","27":"shipping-taxable","28":"purchasable","29":"product-type-simple"},"_links":{"self":[{"href":"https:\/\/almadocampo.com.br\/pt\/wp-json\/wp\/v2\/product\/988769","targetHints":{"allow":["GET"]}}],"collection":[{"href":"https:\/\/almadocampo.com.br\/pt\/wp-json\/wp\/v2\/product"}],"about":[{"href":"https:\/\/almadocampo.com.br\/pt\/wp-json\/wp\/v2\/types\/product"}],"replies":[{"embeddable":true,"href":"https:\/\/almadocampo.com.br\/pt\/wp-json\/wp\/v2\/comments?post=988769"}],"version-history":[{"count":2,"href":"https:\/\/almadocampo.com.br\/pt\/wp-json\/wp\/v2\/product\/988769\/revisions"}],"predecessor-version":[{"id":989148,"href":"https:\/\/almadocampo.com.br\/pt\/wp-json\/wp\/v2\/product\/988769\/revisions\/989148"}],"wp:featuredmedia":[{"embeddable":true,"href":"https:\/\/almadocampo.com.br\/pt\/wp-json\/wp\/v2\/media\/989336"}],"wp:attachment":[{"href":"https:\/\/almadocampo.com.br\/pt\/wp-json\/wp\/v2\/media?parent=988769"}],"wp:term":[{"taxonomy":"product_brand","embeddable":true,"href":"https:\/\/almadocampo.com.br\/pt\/wp-json\/wp\/v2\/product_brand?post=988769"},{"taxonomy":"product_cat","embeddable":true,"href":"https:\/\/almadocampo.com.br\/pt\/wp-json\/wp\/v2\/product_cat?post=988769"},{"taxonomy":"product_tag","embeddable":true,"href":"https:\/\/almadocampo.com.br\/pt\/wp-json\/wp\/v2\/product_tag?post=988769"}],"curies":[{"name":"wp","href":"https:\/\/api.w.org\/{rel}","templated":true}]}}