{"id":988767,"date":"2025-04-07T14:21:55","date_gmt":"2025-04-07T14:21:55","guid":{"rendered":"https:\/\/almadocampo.com.br\/?post_type=product&#038;p=988767"},"modified":"2026-04-13T18:41:18","modified_gmt":"2026-04-13T18:41:18","slug":"vela-aromatica-169g-sussurros-da-noite","status":"publish","type":"product","link":"https:\/\/almadocampo.com.br\/pt\/produto\/vela-aromatica-169g-sussurros-da-noite\/","title":{"rendered":"Vela Arom\u00e1tica 169g \u2013 Sussurros da Noite"},"content":{"rendered":"<div class=\"vgblk-rw-wrapper limit-wrapper\">\n<ul>\n<li><span style=\"font-weight: 400;\"><span style=\"font-weight: 400;\">Feita com um blend exclusivo de ceras vegetais (coco, arroz e palma), esta vela possui pavio ecol\u00f3gico de madeira de reflorestamento, que ao queimar emite um som suave de lenha estalando, proporcionando uma experi\u00eancia sensorial envolvente.<\/span><\/span><\/li>\n<li><span style=\"font-weight: 400;\">A fragr\u00e2ncia &#8216;Sussurros da Noite&#8217; traz ess\u00eancia envolvente de baunilha bourbon, com \u00f3leos essenciais de alta qualidade.<\/span><\/li>\n<li><span style=\"font-weight: 400;\">Queima limpa, sem aditivos qu\u00edmicos ou cheiro de queimado. Tampa ecol\u00f3gica de madeira inclusa.<\/span><\/li>\n<\/ul>\n<\/div>\n<p><!-- .vgblk-rw-wrapper --><\/p>","protected":false},"excerpt":{"rendered":"<ul>\n<li><span style=\"font-weight: 400;\">Ceras vegetais (coco, arroz e palma)<\/span><\/li>\n<li><span style=\"font-weight: 400;\">\u00d3leos essenciais de alta qualidade<\/span><\/li>\n<li><span style=\"font-weight: 400;\">Pavio ecol\u00f3gico de madeira de reflorestamento<\/span><\/li>\n<li><span style=\"font-weight: 400;\">Frasco de vidro com tampa ecol\u00f3gica de madeira<\/span><span style=\"font-weight: 400;\"><br \/>\n<\/span><\/li>\n<\/ul>\n<p>&nbsp;<\/p>\n<p>&nbsp;<\/p>","protected":false},"featured_media":989345,"comment_status":"open","ping_status":"closed","template":"","meta":{"inline_featured_image":false},"product_brand":[156],"product_cat":[195,234,43],"product_tag":[169,167,85,166,101,168,192,46],"class_list":{"0":"post-988767","1":"product","2":"type-product","3":"status-publish","4":"has-post-thumbnail","6":"product_brand-alma-do-campo-home-sensation","7":"product_cat-colecao-momentos","8":"product_cat-natal","9":"product_cat-velas-aromaticas","10":"product_tag-aroma-exclusivo","11":"product_tag-bem-estar","12":"product_tag-cera-vegetal","13":"product_tag-feito-a-mao","14":"product_tag-pavio-de-madeira","15":"product_tag-perfume-para-casa","16":"product_tag-sussurros-da-noite","17":"product_tag-vela-artesanal","18":"pa_fragrancia-baunilha","19":"pa_marca-alma-do-campo","20":"pa_size-169g","22":"first","23":"instock","24":"featured","25":"shipping-taxable","26":"purchasable","27":"product-type-simple"},"_links":{"self":[{"href":"https:\/\/almadocampo.com.br\/pt\/wp-json\/wp\/v2\/product\/988767","targetHints":{"allow":["GET"]}}],"collection":[{"href":"https:\/\/almadocampo.com.br\/pt\/wp-json\/wp\/v2\/product"}],"about":[{"href":"https:\/\/almadocampo.com.br\/pt\/wp-json\/wp\/v2\/types\/product"}],"replies":[{"embeddable":true,"href":"https:\/\/almadocampo.com.br\/pt\/wp-json\/wp\/v2\/comments?post=988767"}],"version-history":[{"count":2,"href":"https:\/\/almadocampo.com.br\/pt\/wp-json\/wp\/v2\/product\/988767\/revisions"}],"predecessor-version":[{"id":989346,"href":"https:\/\/almadocampo.com.br\/pt\/wp-json\/wp\/v2\/product\/988767\/revisions\/989346"}],"wp:featuredmedia":[{"embeddable":true,"href":"https:\/\/almadocampo.com.br\/pt\/wp-json\/wp\/v2\/media\/989345"}],"wp:attachment":[{"href":"https:\/\/almadocampo.com.br\/pt\/wp-json\/wp\/v2\/media?parent=988767"}],"wp:term":[{"taxonomy":"product_brand","embeddable":true,"href":"https:\/\/almadocampo.com.br\/pt\/wp-json\/wp\/v2\/product_brand?post=988767"},{"taxonomy":"product_cat","embeddable":true,"href":"https:\/\/almadocampo.com.br\/pt\/wp-json\/wp\/v2\/product_cat?post=988767"},{"taxonomy":"product_tag","embeddable":true,"href":"https:\/\/almadocampo.com.br\/pt\/wp-json\/wp\/v2\/product_tag?post=988767"}],"curies":[{"name":"wp","href":"https:\/\/api.w.org\/{rel}","templated":true}]}}