{"id":58,"date":"2024-04-01T10:42:37","date_gmt":"2024-04-01T10:42:37","guid":{"rendered":"https:\/\/ergocraft.vamtam.com\/?page_id=58"},"modified":"2025-04-01T18:09:56","modified_gmt":"2025-04-01T18:09:56","slug":"termos-condicoes","status":"publish","type":"page","link":"https:\/\/almadocampo.com.br\/pt\/termos-condicoes\/","title":{"rendered":"Termos &#038; Condi\u00e7\u00f5es"},"content":{"rendered":"<div data-elementor-type=\"wp-page\" data-elementor-id=\"58\" class=\"elementor elementor-58\" data-elementor-post-type=\"page\">\n\t\t\t\t<div class=\"elementor-element elementor-element-616cbb7 e-flex e-con-boxed e-con e-parent\" data-id=\"616cbb7\" data-element_type=\"container\" data-e-type=\"container\">\n\t\t\t\t\t<div class=\"e-con-inner\">\n\t\t\t\t<div class=\"elementor-element elementor-element-b705b82 elementor-widget elementor-widget-heading\" data-id=\"b705b82\" data-element_type=\"widget\" data-e-type=\"widget\" data-widget_type=\"heading.default\">\n\t\t\t\t<div class=\"elementor-widget-container\">\n\t\t\t\t\t<h3 class=\"elementor-heading-title elementor-size-default\">Bem-vindo \u00e0 Alma do Campo\n<\/h3>\t\t\t\t<\/div>\n\t\t\t\t<\/div>\n\t\t\t\t<div class=\"vamtam-has-theme-widget-styles elementor-element elementor-element-925a548 elementor-widget elementor-widget-text-editor\" data-id=\"925a548\" data-element_type=\"widget\" data-e-type=\"widget\" data-widget_type=\"text-editor.default\">\n\t\t\t\t<div class=\"elementor-widget-container\">\n\t\t\t\t\t\t\t\t\t<p>Este site \u00e9 operado por <strong data-start=\"294\" data-end=\"326\">Alma do Campo Home Sensation<\/strong>. Ao acessar e utilizar nossos servi\u00e7os, voc\u00ea concorda com os termos, condi\u00e7\u00f5es e pol\u00edticas descritas abaixo. Recomendamos a leitura atenta deste conte\u00fado antes de finalizar sua compra ou utilizar qualquer funcionalidade do site.<\/p>\t\t\t\t\t\t\t\t<\/div>\n\t\t\t\t<\/div>\n\t\t\t\t<div class=\"elementor-element elementor-element-3887583 elementor-widget-divider--view-line elementor-widget elementor-widget-divider\" data-id=\"3887583\" data-element_type=\"widget\" data-e-type=\"widget\" data-widget_type=\"divider.default\">\n\t\t\t\t<div class=\"elementor-widget-container\">\n\t\t\t\t\t\t\t<div class=\"elementor-divider\">\n\t\t\t<span class=\"elementor-divider-separator\">\n\t\t\t\t\t\t<\/span>\n\t\t<\/div>\n\t\t\t\t\t\t<\/div>\n\t\t\t\t<\/div>\n\t\t\t\t<div class=\"elementor-element elementor-element-c6875cd elementor-widget elementor-widget-heading\" data-id=\"c6875cd\" data-element_type=\"widget\" data-e-type=\"widget\" data-widget_type=\"heading.default\">\n\t\t\t\t<div class=\"elementor-widget-container\">\n\t\t\t\t\t<h3 class=\"elementor-heading-title elementor-size-default\">1. Informa\u00e7\u00f5es gerais<\/h3>\t\t\t\t<\/div>\n\t\t\t\t<\/div>\n\t\t\t\t<div class=\"vamtam-has-theme-widget-styles elementor-element elementor-element-068007f elementor-widget elementor-widget-text-editor\" data-id=\"068007f\" data-element_type=\"widget\" data-e-type=\"widget\" data-widget_type=\"text-editor.default\">\n\t\t\t\t<div class=\"elementor-widget-container\">\n\t\t\t\t\t\t\t\t\t<ul><li class=\"\" data-start=\"593\" data-end=\"702\"><p class=\"\" data-start=\"595\" data-end=\"702\">Este site oferece produtos artesanais como velas arom\u00e1ticas, difusores, home sprays, pastilhas e ess\u00eancias.<\/p><\/li><li class=\"\" data-start=\"703\" data-end=\"808\"><p class=\"\" data-start=\"705\" data-end=\"808\">Ao realizar uma compra, voc\u00ea declara ser maior de 18 anos ou estar autorizado por um respons\u00e1vel legal.<\/p><\/li><li class=\"\" data-start=\"809\" data-end=\"969\"><p class=\"\" data-start=\"811\" data-end=\"969\">A Alma do Campo reserva-se o direito de alterar pre\u00e7os, descri\u00e7\u00f5es, pol\u00edticas e condi\u00e7\u00f5es sem aviso pr\u00e9vio, sempre mantendo a transpar\u00eancia com seus clientes.<\/p><\/li><\/ul>\t\t\t\t\t\t\t\t<\/div>\n\t\t\t\t<\/div>\n\t\t\t\t<div class=\"elementor-element elementor-element-cfc4881 elementor-widget-divider--view-line elementor-widget elementor-widget-divider\" data-id=\"cfc4881\" data-element_type=\"widget\" data-e-type=\"widget\" data-widget_type=\"divider.default\">\n\t\t\t\t<div class=\"elementor-widget-container\">\n\t\t\t\t\t\t\t<div class=\"elementor-divider\">\n\t\t\t<span class=\"elementor-divider-separator\">\n\t\t\t\t\t\t<\/span>\n\t\t<\/div>\n\t\t\t\t\t\t<\/div>\n\t\t\t\t<\/div>\n\t\t\t\t<div class=\"elementor-element elementor-element-9c96aaa elementor-widget elementor-widget-heading\" data-id=\"9c96aaa\" data-element_type=\"widget\" data-e-type=\"widget\" data-widget_type=\"heading.default\">\n\t\t\t\t<div class=\"elementor-widget-container\">\n\t\t\t\t\t<h3 class=\"elementor-heading-title elementor-size-default\">2. Uso do site<\/h3>\t\t\t\t<\/div>\n\t\t\t\t<\/div>\n\t\t\t\t<div class=\"vamtam-has-theme-widget-styles elementor-element elementor-element-54c7220 elementor-widget elementor-widget-text-editor\" data-id=\"54c7220\" data-element_type=\"widget\" data-e-type=\"widget\" data-widget_type=\"text-editor.default\">\n\t\t\t\t<div class=\"elementor-widget-container\">\n\t\t\t\t\t\t\t\t\t<p class=\"\" data-start=\"1000\" data-end=\"1071\">Voc\u00ea concorda em utilizar este site de forma \u00e9tica e legal. \u00c9 proibido:<\/p><ul data-start=\"1073\" data-end=\"1299\"><li class=\"\" data-start=\"1073\" data-end=\"1150\"><p class=\"\" data-start=\"1075\" data-end=\"1150\">Violar qualquer lei local, nacional ou internacional ao utilizar este site;<\/p><\/li><li class=\"\" data-start=\"1151\" data-end=\"1212\"><p class=\"\" data-start=\"1153\" data-end=\"1212\">Enviar conte\u00fados ofensivos, maliciosos ou discriminat\u00f3rios;<\/p><\/li><li class=\"\" data-start=\"1213\" data-end=\"1299\"><p class=\"\" data-start=\"1215\" data-end=\"1299\">Tentar acessar informa\u00e7\u00f5es de outros usu\u00e1rios ou sistemas internos da Alma do Campo.<\/p><\/li><\/ul>\t\t\t\t\t\t\t\t<\/div>\n\t\t\t\t<\/div>\n\t\t\t\t<div class=\"elementor-element elementor-element-fdea466 elementor-widget-divider--view-line elementor-widget elementor-widget-divider\" data-id=\"fdea466\" data-element_type=\"widget\" data-e-type=\"widget\" data-widget_type=\"divider.default\">\n\t\t\t\t<div class=\"elementor-widget-container\">\n\t\t\t\t\t\t\t<div class=\"elementor-divider\">\n\t\t\t<span class=\"elementor-divider-separator\">\n\t\t\t\t\t\t<\/span>\n\t\t<\/div>\n\t\t\t\t\t\t<\/div>\n\t\t\t\t<\/div>\n\t\t\t\t<div class=\"elementor-element elementor-element-fd3048a elementor-widget elementor-widget-heading\" data-id=\"fd3048a\" data-element_type=\"widget\" data-e-type=\"widget\" data-widget_type=\"heading.default\">\n\t\t\t\t<div class=\"elementor-widget-container\">\n\t\t\t\t\t<h3 class=\"elementor-heading-title elementor-size-default\">3. Produtos e disponibilidade<\/h3>\t\t\t\t<\/div>\n\t\t\t\t<\/div>\n\t\t\t\t<div class=\"vamtam-has-theme-widget-styles elementor-element elementor-element-a9d8b15 elementor-widget elementor-widget-text-editor\" data-id=\"a9d8b15\" data-element_type=\"widget\" data-e-type=\"widget\" data-widget_type=\"text-editor.default\">\n\t\t\t\t<div class=\"elementor-widget-container\">\n\t\t\t\t\t\t\t\t\t<ul><li class=\"\" data-start=\"1345\" data-end=\"1480\"><p class=\"\" data-start=\"1347\" data-end=\"1480\">Nossos produtos s\u00e3o artesanais e podem apresentar pequenas varia\u00e7\u00f5es de cor, forma ou aroma, o que faz parte de sua identidade \u00fanica.<\/p><\/li><li class=\"\" data-start=\"1481\" data-end=\"1630\"><p class=\"\" data-start=\"1483\" data-end=\"1630\">A disponibilidade dos produtos est\u00e1 sujeita \u00e0 demanda. Em caso de esgotamento, notificaremos voc\u00ea com op\u00e7\u00f5es de substitui\u00e7\u00e3o, reembolso ou cr\u00e9dito.<\/p><\/li><li class=\"\" data-start=\"1631\" data-end=\"1732\"><p class=\"\" data-start=\"1633\" data-end=\"1732\">As imagens do site s\u00e3o ilustrativas. Cores e detalhes podem variar de acordo com o seu dispositivo.<\/p><\/li><\/ul>\t\t\t\t\t\t\t\t<\/div>\n\t\t\t\t<\/div>\n\t\t\t\t<div class=\"elementor-element elementor-element-c495eb2 elementor-widget-divider--view-line elementor-widget elementor-widget-divider\" data-id=\"c495eb2\" data-element_type=\"widget\" data-e-type=\"widget\" data-widget_type=\"divider.default\">\n\t\t\t\t<div class=\"elementor-widget-container\">\n\t\t\t\t\t\t\t<div class=\"elementor-divider\">\n\t\t\t<span class=\"elementor-divider-separator\">\n\t\t\t\t\t\t<\/span>\n\t\t<\/div>\n\t\t\t\t\t\t<\/div>\n\t\t\t\t<\/div>\n\t\t\t\t<div class=\"elementor-element elementor-element-a398ef9 elementor-widget elementor-widget-heading\" data-id=\"a398ef9\" data-element_type=\"widget\" data-e-type=\"widget\" data-widget_type=\"heading.default\">\n\t\t\t\t<div class=\"elementor-widget-container\">\n\t\t\t\t\t<h3 class=\"elementor-heading-title elementor-size-default\">4. Pagamento e seguran\u00e7a<\/h3>\t\t\t\t<\/div>\n\t\t\t\t<\/div>\n\t\t\t\t<div class=\"vamtam-has-theme-widget-styles elementor-element elementor-element-8cd7d5d elementor-widget elementor-widget-text-editor\" data-id=\"8cd7d5d\" data-element_type=\"widget\" data-e-type=\"widget\" data-widget_type=\"text-editor.default\">\n\t\t\t\t<div class=\"elementor-widget-container\">\n\t\t\t\t\t\t\t\t\t<ul data-start=\"1773\" data-end=\"2049\"><li class=\"\" data-start=\"1773\" data-end=\"1877\"><p class=\"\" data-start=\"1775\" data-end=\"1877\">Aceitamos os principais meios de pagamento dispon\u00edveis na plataforma (cart\u00e3o de cr\u00e9dito, Pix, boleto).<\/p><\/li><li class=\"\" data-start=\"1878\" data-end=\"1961\"><p class=\"\" data-start=\"1880\" data-end=\"1961\">Todas as transa\u00e7\u00f5es s\u00e3o criptografadas e realizadas por meio de gateways seguros.<\/p><\/li><li class=\"\" data-start=\"1962\" data-end=\"2049\"><p class=\"\" data-start=\"1964\" data-end=\"2049\">A Alma do Campo n\u00e3o armazena informa\u00e7\u00f5es sens\u00edveis como n\u00fameros de cart\u00e3o de cr\u00e9dito.<\/p><\/li><\/ul>\t\t\t\t\t\t\t\t<\/div>\n\t\t\t\t<\/div>\n\t\t\t\t<div class=\"elementor-element elementor-element-9cff856 elementor-widget-divider--view-line elementor-widget elementor-widget-divider\" data-id=\"9cff856\" data-element_type=\"widget\" data-e-type=\"widget\" data-widget_type=\"divider.default\">\n\t\t\t\t<div class=\"elementor-widget-container\">\n\t\t\t\t\t\t\t<div class=\"elementor-divider\">\n\t\t\t<span class=\"elementor-divider-separator\">\n\t\t\t\t\t\t<\/span>\n\t\t<\/div>\n\t\t\t\t\t\t<\/div>\n\t\t\t\t<\/div>\n\t\t\t\t<div class=\"elementor-element elementor-element-49f982b elementor-widget elementor-widget-heading\" data-id=\"49f982b\" data-element_type=\"widget\" data-e-type=\"widget\" data-widget_type=\"heading.default\">\n\t\t\t\t<div class=\"elementor-widget-container\">\n\t\t\t\t\t<h3 class=\"elementor-heading-title elementor-size-default\">5. Entrega<\/h3>\t\t\t\t<\/div>\n\t\t\t\t<\/div>\n\t\t\t\t<div class=\"vamtam-has-theme-widget-styles elementor-element elementor-element-a161bee elementor-widget elementor-widget-text-editor\" data-id=\"a161bee\" data-element_type=\"widget\" data-e-type=\"widget\" data-widget_type=\"text-editor.default\">\n\t\t\t\t<div class=\"elementor-widget-container\">\n\t\t\t\t\t\t\t\t\t<ul><li class=\"\" data-start=\"2076\" data-end=\"2146\"><p class=\"\" data-start=\"2078\" data-end=\"2146\">Os prazos de entrega variam conforme o CEP e a modalidade escolhida.<\/p><\/li><li class=\"\" data-start=\"2147\" data-end=\"2223\"><p class=\"\" data-start=\"2149\" data-end=\"2223\">Ap\u00f3s a confirma\u00e7\u00e3o do pagamento, o prazo de preparo \u00e9 de at\u00e9 3 dias \u00fateis.<\/p><\/li><li class=\"\" data-start=\"2224\" data-end=\"2361\"><p class=\"\" data-start=\"2226\" data-end=\"2361\">As entregas s\u00e3o feitas por transportadoras parceiras ou Correios. O rastreio ser\u00e1 enviado por e-mail assim que o pedido for despachado.<\/p><\/li><\/ul>\t\t\t\t\t\t\t\t<\/div>\n\t\t\t\t<\/div>\n\t\t\t\t<div class=\"elementor-element elementor-element-350079b elementor-widget-divider--view-line elementor-widget elementor-widget-divider\" data-id=\"350079b\" data-element_type=\"widget\" data-e-type=\"widget\" data-widget_type=\"divider.default\">\n\t\t\t\t<div class=\"elementor-widget-container\">\n\t\t\t\t\t\t\t<div class=\"elementor-divider\">\n\t\t\t<span class=\"elementor-divider-separator\">\n\t\t\t\t\t\t<\/span>\n\t\t<\/div>\n\t\t\t\t\t\t<\/div>\n\t\t\t\t<\/div>\n\t\t\t\t<div class=\"elementor-element elementor-element-63717be elementor-widget elementor-widget-heading\" data-id=\"63717be\" data-element_type=\"widget\" data-e-type=\"widget\" data-widget_type=\"heading.default\">\n\t\t\t\t<div class=\"elementor-widget-container\">\n\t\t\t\t\t<h3 class=\"elementor-heading-title elementor-size-default\">6. Trocas e devolu\u00e7\u00f5es<\/h3>\t\t\t\t<\/div>\n\t\t\t\t<\/div>\n\t\t\t\t<div class=\"vamtam-has-theme-widget-styles elementor-element elementor-element-7b2e9c5 elementor-widget elementor-widget-text-editor\" data-id=\"7b2e9c5\" data-element_type=\"widget\" data-e-type=\"widget\" data-widget_type=\"text-editor.default\">\n\t\t\t\t<div class=\"elementor-widget-container\">\n\t\t\t\t\t\t\t\t\t<ul><li class=\"\" data-start=\"2400\" data-end=\"2541\"><p class=\"\" data-start=\"2402\" data-end=\"2541\">Voc\u00ea tem at\u00e9 <strong data-start=\"2415\" data-end=\"2434\">7 dias corridos<\/strong> ap\u00f3s o recebimento para solicitar devolu\u00e7\u00e3o por arrependimento, conforme o C\u00f3digo de Defesa do Consumidor.<\/p><\/li><li class=\"\" data-start=\"2542\" data-end=\"2593\"><p class=\"\" data-start=\"2544\" data-end=\"2593\">Produtos com defeito t\u00eam <strong data-start=\"2569\" data-end=\"2592\">garantia de 30 dias<\/strong>.<\/p><\/li><li class=\"\" data-start=\"2594\" data-end=\"2675\"><p class=\"\" data-start=\"2596\" data-end=\"2675\">Para mais informa\u00e7\u00f5es, consulte nossa <a href=\"https:\/\/almadocampo.com.br\/pt\/entrega-devolucao\/\"><strong data-start=\"2635\" data-end=\"2670\">Pol\u00edtica de Entrega e Devolu\u00e7\u00e3o<\/strong>.<\/a><\/p><\/li><\/ul>\t\t\t\t\t\t\t\t<\/div>\n\t\t\t\t<\/div>\n\t\t\t\t<div class=\"elementor-element elementor-element-7ce75ac elementor-widget-divider--view-line elementor-widget elementor-widget-divider\" data-id=\"7ce75ac\" data-element_type=\"widget\" data-e-type=\"widget\" data-widget_type=\"divider.default\">\n\t\t\t\t<div class=\"elementor-widget-container\">\n\t\t\t\t\t\t\t<div class=\"elementor-divider\">\n\t\t\t<span class=\"elementor-divider-separator\">\n\t\t\t\t\t\t<\/span>\n\t\t<\/div>\n\t\t\t\t\t\t<\/div>\n\t\t\t\t<\/div>\n\t\t\t\t<div class=\"elementor-element elementor-element-2c62f05 elementor-widget elementor-widget-heading\" data-id=\"2c62f05\" data-element_type=\"widget\" data-e-type=\"widget\" data-widget_type=\"heading.default\">\n\t\t\t\t<div class=\"elementor-widget-container\">\n\t\t\t\t\t<h3 class=\"elementor-heading-title elementor-size-default\">7. Propriedade intelectual<\/h3>\t\t\t\t<\/div>\n\t\t\t\t<\/div>\n\t\t\t\t<div class=\"vamtam-has-theme-widget-styles elementor-element elementor-element-f81d2d5 elementor-widget elementor-widget-text-editor\" data-id=\"f81d2d5\" data-element_type=\"widget\" data-e-type=\"widget\" data-widget_type=\"text-editor.default\">\n\t\t\t\t<div class=\"elementor-widget-container\">\n\t\t\t\t\t\t\t\t\t<p>Todo o conte\u00fado deste site \u2014 textos, imagens, nomes, fragr\u00e2ncias, descri\u00e7\u00f5es e identidade visual \u2014 \u00e9 de propriedade exclusiva da Alma do Campo. \u00c9 proibida a reprodu\u00e7\u00e3o total ou parcial sem autoriza\u00e7\u00e3o pr\u00e9via e por escrito.<\/p>\t\t\t\t\t\t\t\t<\/div>\n\t\t\t\t<\/div>\n\t\t\t\t\t<\/div>\n\t\t\t\t<\/div>\n\t\t\t\t<\/div>","protected":false},"excerpt":{"rendered":"<p>Bem-vindo \u00e0 Alma do Campo Este site \u00e9 operado por Alma do Campo Home Sensation. Ao acessar e utilizar nossos servi\u00e7os, voc\u00ea concorda com os termos, condi\u00e7\u00f5es e pol\u00edticas descritas abaixo. Recomendamos a leitura atenta deste conte\u00fado antes de finalizar sua compra ou utilizar qualquer funcionalidade do site. 1. Informa\u00e7\u00f5es gerais Este site oferece produtos&#8230;<\/p>","protected":false},"author":1,"featured_media":0,"parent":0,"menu_order":0,"comment_status":"closed","ping_status":"closed","template":"","meta":{"inline_featured_image":false,"footnotes":""},"class_list":["post-58","page","type-page","status-publish","hentry"],"_links":{"self":[{"href":"https:\/\/almadocampo.com.br\/pt\/wp-json\/wp\/v2\/pages\/58","targetHints":{"allow":["GET"]}}],"collection":[{"href":"https:\/\/almadocampo.com.br\/pt\/wp-json\/wp\/v2\/pages"}],"about":[{"href":"https:\/\/almadocampo.com.br\/pt\/wp-json\/wp\/v2\/types\/page"}],"author":[{"embeddable":true,"href":"https:\/\/almadocampo.com.br\/pt\/wp-json\/wp\/v2\/users\/1"}],"replies":[{"embeddable":true,"href":"https:\/\/almadocampo.com.br\/pt\/wp-json\/wp\/v2\/comments?post=58"}],"version-history":[{"count":0,"href":"https:\/\/almadocampo.com.br\/pt\/wp-json\/wp\/v2\/pages\/58\/revisions"}],"wp:attachment":[{"href":"https:\/\/almadocampo.com.br\/pt\/wp-json\/wp\/v2\/media?parent=58"}],"curies":[{"name":"wp","href":"https:\/\/api.w.org\/{rel}","templated":true}]}}