{"id":3,"date":"2024-02-29T21:22:30","date_gmt":"2024-02-29T21:22:30","guid":{"rendered":"https:\/\/ergocraft.vamtam.com\/?page_id=3"},"modified":"2025-04-14T15:34:28","modified_gmt":"2025-04-14T15:34:28","slug":"politica-privacidade","status":"publish","type":"page","link":"https:\/\/almadocampo.com.br\/pt\/politica-privacidade\/","title":{"rendered":"Pol\u00edtica de Privacidade"},"content":{"rendered":"<div data-elementor-type=\"wp-page\" data-elementor-id=\"3\" class=\"elementor elementor-3\" data-elementor-post-type=\"page\">\n\t\t\t\t<div class=\"elementor-element elementor-element-aff8402 e-flex e-con-boxed e-con e-parent\" data-id=\"aff8402\" data-element_type=\"container\" data-e-type=\"container\">\n\t\t\t\t\t<div class=\"e-con-inner\">\n\t\t\t\t<div class=\"elementor-element elementor-element-0a6c08d elementor-widget elementor-widget-heading\" data-id=\"0a6c08d\" data-element_type=\"widget\" data-e-type=\"widget\" data-widget_type=\"heading.default\">\n\t\t\t\t<div class=\"elementor-widget-container\">\n\t\t\t\t\t<h3 class=\"elementor-heading-title elementor-size-default\">Que informa\u00e7\u00f5es coletamos?<\/h3>\t\t\t\t<\/div>\n\t\t\t\t<\/div>\n\t\t\t\t<div class=\"vamtam-has-theme-widget-styles elementor-element elementor-element-b931163 elementor-widget elementor-widget-text-editor\" data-id=\"b931163\" data-element_type=\"widget\" data-e-type=\"widget\" data-widget_type=\"text-editor.default\">\n\t\t\t\t<div class=\"elementor-widget-container\">\n\t\t\t\t\t\t\t\t\t<p>Quando voc\u00ea interage conosco, podemos coletar seu nome, endere\u00e7o, endere\u00e7o(s) de e-mail, n\u00famero(s) de telefone e, quando apropriado, data de nascimento.<\/p>\t\t\t\t\t\t\t\t<\/div>\n\t\t\t\t<\/div>\n\t\t\t\t<div class=\"elementor-element elementor-element-da237ad elementor-widget-divider--view-line elementor-widget elementor-widget-divider\" data-id=\"da237ad\" data-element_type=\"widget\" data-e-type=\"widget\" data-widget_type=\"divider.default\">\n\t\t\t\t<div class=\"elementor-widget-container\">\n\t\t\t\t\t\t\t<div class=\"elementor-divider\">\n\t\t\t<span class=\"elementor-divider-separator\">\n\t\t\t\t\t\t<\/span>\n\t\t<\/div>\n\t\t\t\t\t\t<\/div>\n\t\t\t\t<\/div>\n\t\t\t\t<div class=\"elementor-element elementor-element-3cb316b elementor-widget elementor-widget-heading\" data-id=\"3cb316b\" data-element_type=\"widget\" data-e-type=\"widget\" data-widget_type=\"heading.default\">\n\t\t\t\t<div class=\"elementor-widget-container\">\n\t\t\t\t\t<h3 class=\"elementor-heading-title elementor-size-default\">Como coletamos informa\u00e7\u00f5es?<\/h3>\t\t\t\t<\/div>\n\t\t\t\t<\/div>\n\t\t\t\t<div class=\"vamtam-has-theme-widget-styles elementor-element elementor-element-6798010 elementor-widget elementor-widget-text-editor\" data-id=\"6798010\" data-element_type=\"widget\" data-e-type=\"widget\" data-widget_type=\"text-editor.default\">\n\t\t\t\t<div class=\"elementor-widget-container\">\n\t\t\t\t\t\t\t\t\t<p>Podemos coletar informa\u00e7\u00f5es sobre voc\u00ea sempre que voc\u00ea interagir conosco. Por exemplo, quando voc\u00ea nos contata sobre nossas atividades, se cadastra como apoiador, envia ou recebe informa\u00e7\u00f5es ou assina uma peti\u00e7\u00e3o, voc\u00ea nos fornece suas informa\u00e7\u00f5es pessoais de forma espec\u00edfica e consciente. Tamb\u00e9m podemos receber informa\u00e7\u00f5es sobre voc\u00ea de terceiros \u2013 mas somente se voc\u00ea tiver dado permiss\u00e3o para que eles compartilhem suas informa\u00e7\u00f5es.<\/p>\t\t\t\t\t\t\t\t<\/div>\n\t\t\t\t<\/div>\n\t\t\t\t<div class=\"elementor-element elementor-element-9747239 elementor-widget-divider--view-line elementor-widget elementor-widget-divider\" data-id=\"9747239\" data-element_type=\"widget\" data-e-type=\"widget\" data-widget_type=\"divider.default\">\n\t\t\t\t<div class=\"elementor-widget-container\">\n\t\t\t\t\t\t\t<div class=\"elementor-divider\">\n\t\t\t<span class=\"elementor-divider-separator\">\n\t\t\t\t\t\t<\/span>\n\t\t<\/div>\n\t\t\t\t\t\t<\/div>\n\t\t\t\t<\/div>\n\t\t\t\t<div class=\"elementor-element elementor-element-77234d0 elementor-widget elementor-widget-heading\" data-id=\"77234d0\" data-element_type=\"widget\" data-e-type=\"widget\" data-widget_type=\"heading.default\">\n\t\t\t\t<div class=\"elementor-widget-container\">\n\t\t\t\t\t<h3 class=\"elementor-heading-title elementor-size-default\">Confidencialidade<\/h3>\t\t\t\t<\/div>\n\t\t\t\t<\/div>\n\t\t\t\t<div class=\"vamtam-has-theme-widget-styles elementor-element elementor-element-4b44975 elementor-widget elementor-widget-text-editor\" data-id=\"4b44975\" data-element_type=\"widget\" data-e-type=\"widget\" data-widget_type=\"text-editor.default\">\n\t\t\t\t<div class=\"elementor-widget-container\">\n\t\t\t\t\t\t\t\t\t<p>N\u00e3o seremos respons\u00e1veis \u200b\u200bpela privacidade dos dados coletados por sites que n\u00e3o sejam de propriedade ou gerenciados pela Alma do Campo, incluindo aqueles vinculados por meio do nosso site.<\/p>\t\t\t\t\t\t\t\t<\/div>\n\t\t\t\t<\/div>\n\t\t\t\t<div class=\"elementor-element elementor-element-7cf7568 elementor-widget-divider--view-line elementor-widget elementor-widget-divider\" data-id=\"7cf7568\" data-element_type=\"widget\" data-e-type=\"widget\" data-widget_type=\"divider.default\">\n\t\t\t\t<div class=\"elementor-widget-container\">\n\t\t\t\t\t\t\t<div class=\"elementor-divider\">\n\t\t\t<span class=\"elementor-divider-separator\">\n\t\t\t\t\t\t<\/span>\n\t\t<\/div>\n\t\t\t\t\t\t<\/div>\n\t\t\t\t<\/div>\n\t\t\t\t<div class=\"elementor-element elementor-element-eae22fb elementor-widget elementor-widget-heading\" data-id=\"eae22fb\" data-element_type=\"widget\" data-e-type=\"widget\" data-widget_type=\"heading.default\">\n\t\t\t\t<div class=\"elementor-widget-container\">\n\t\t\t\t\t<h3 class=\"elementor-heading-title elementor-size-default\">Fazer uma reclama\u00e7\u00e3o<\/h3>\t\t\t\t<\/div>\n\t\t\t\t<\/div>\n\t\t\t\t<div class=\"vamtam-has-theme-widget-styles elementor-element elementor-element-b55a924 elementor-widget elementor-widget-text-editor\" data-id=\"b55a924\" data-element_type=\"widget\" data-e-type=\"widget\" data-widget_type=\"text-editor.default\">\n\t\t\t\t<div class=\"elementor-widget-container\">\n\t\t\t\t\t\t\t\t\t<p>Caso n\u00e3o esteja satisfeito com a resposta, entre em contato conosco pelo e-mail contato@almadocampo.com.br com os detalhes e a explica\u00e7\u00e3o da sua reclama\u00e7\u00e3o. Analisaremos sua reclama\u00e7\u00e3o e verificaremos se os procedimentos corretos foram seguidos e responderemos conforme apropriado. Nosso objetivo \u00e9 concluir a investiga\u00e7\u00e3o em at\u00e9 5 dias \u00fateis ap\u00f3s o recebimento da sua reclama\u00e7\u00e3o; no entanto, em alguns casos, esse prazo pode ser maior. Caso ainda n\u00e3o esteja satisfeito com a resposta, entre em contato conosco.<\/p>\t\t\t\t\t\t\t\t<\/div>\n\t\t\t\t<\/div>\n\t\t\t\t\t<\/div>\n\t\t\t\t<\/div>\n\t\t\t\t<\/div>","protected":false},"excerpt":{"rendered":"<p>Que informa\u00e7\u00f5es coletamos? Quando voc\u00ea interage conosco, podemos coletar seu nome, endere\u00e7o, endere\u00e7o(s) de e-mail, n\u00famero(s) de telefone e, quando apropriado, data de nascimento. Como coletamos informa\u00e7\u00f5es? Podemos coletar informa\u00e7\u00f5es sobre voc\u00ea sempre que voc\u00ea interagir conosco. Por exemplo, quando voc\u00ea nos contata sobre nossas atividades, se cadastra como apoiador, envia ou recebe informa\u00e7\u00f5es ou&#8230;<\/p>","protected":false},"author":1,"featured_media":0,"parent":0,"menu_order":0,"comment_status":"closed","ping_status":"closed","template":"","meta":{"inline_featured_image":false,"footnotes":""},"class_list":["post-3","page","type-page","status-publish","hentry"],"_links":{"self":[{"href":"https:\/\/almadocampo.com.br\/pt\/wp-json\/wp\/v2\/pages\/3","targetHints":{"allow":["GET"]}}],"collection":[{"href":"https:\/\/almadocampo.com.br\/pt\/wp-json\/wp\/v2\/pages"}],"about":[{"href":"https:\/\/almadocampo.com.br\/pt\/wp-json\/wp\/v2\/types\/page"}],"author":[{"embeddable":true,"href":"https:\/\/almadocampo.com.br\/pt\/wp-json\/wp\/v2\/users\/1"}],"replies":[{"embeddable":true,"href":"https:\/\/almadocampo.com.br\/pt\/wp-json\/wp\/v2\/comments?post=3"}],"version-history":[{"count":0,"href":"https:\/\/almadocampo.com.br\/pt\/wp-json\/wp\/v2\/pages\/3\/revisions"}],"wp:attachment":[{"href":"https:\/\/almadocampo.com.br\/pt\/wp-json\/wp\/v2\/media?parent=3"}],"curies":[{"name":"wp","href":"https:\/\/api.w.org\/{rel}","templated":true}]}}