{"id":1611,"date":"2024-04-08T10:30:54","date_gmt":"2024-04-08T10:30:54","guid":{"rendered":"https:\/\/ergocraft.vamtam.com\/?page_id=1611"},"modified":"2025-11-17T16:53:34","modified_gmt":"2025-11-17T16:53:34","slug":"sobre","status":"publish","type":"page","link":"https:\/\/almadocampo.com.br\/pt\/sobre\/","title":{"rendered":"Sobre n\u00f3s"},"content":{"rendered":"\t\t<div data-elementor-type=\"wp-page\" data-elementor-id=\"1611\" class=\"elementor elementor-1611\" data-elementor-post-type=\"page\">\n\t\t\t\t<div class=\"elementor-element elementor-element-0587ddb e-flex e-con-boxed e-con e-parent\" data-id=\"0587ddb\" data-element_type=\"container\" data-e-type=\"container\">\n\t\t\t\t\t<div class=\"e-con-inner\">\n\t\t<div class=\"elementor-element elementor-element-087510d e-con-full e-flex e-con e-child\" data-id=\"087510d\" data-element_type=\"container\" data-e-type=\"container\">\n\t\t\t\t<div class=\"elementor-element elementor-element-0223967 elementor-widget__width-initial elementor-widget elementor-widget-heading\" data-id=\"0223967\" data-element_type=\"widget\" data-e-type=\"widget\" data-widget_type=\"heading.default\">\n\t\t\t\t<div class=\"elementor-widget-container\">\n\t\t\t\t\t<h2 class=\"elementor-heading-title elementor-size-default\">Um poema do tempo escrito por lindas mem\u00f3rias <\/h2>\t\t\t\t<\/div>\n\t\t\t\t<\/div>\n\t\t\t\t<div class=\"vamtam-has-theme-widget-styles elementor-element elementor-element-400e072 elementor-widget__width-initial elementor-widget elementor-widget-text-editor\" data-id=\"400e072\" data-element_type=\"widget\" data-e-type=\"widget\" data-widget_type=\"text-editor.default\">\n\t\t\t\t<div class=\"elementor-widget-container\">\n\t\t\t\t\t\t\t\t\t<p class=\"\" data-start=\"304\" data-end=\"596\">A Alma do Campo nasceu do desejo de resgatar a poesia esquecida dos dias simples.<br data-start=\"385\" data-end=\"388\" \/>Acreditamos que os momentos mais preciosos n\u00e3o s\u00e3o os grandiosos, mas sim aqueles que passam despercebidos: o cheiro do caf\u00e9 no fim da tarde, a brisa que entra pela janela, o som da chuva batendo no telhado.<\/p><p class=\"\" data-start=\"598\" data-end=\"770\">Criamos fragr\u00e2ncias para tornar esses instantes vis\u00edveis, percept\u00edveis, eternos.<br data-start=\"678\" data-end=\"681\" \/>Cada vela, difusor, spray ou ess\u00eancia \u00e9 um convite a sentir, a lembrar, a estar presente.<\/p>\t\t\t\t\t\t\t\t<\/div>\n\t\t\t\t<\/div>\n\t\t<div class=\"elementor-element elementor-element-cb12156 e-con-full e-flex e-con e-child\" data-id=\"cb12156\" data-element_type=\"container\" data-e-type=\"container\">\n\t\t<div class=\"elementor-element elementor-element-e399ef9 e-flex e-con-boxed e-con e-child\" data-id=\"e399ef9\" data-element_type=\"container\" data-e-type=\"container\" data-settings=\"{&quot;background_background&quot;:&quot;classic&quot;,&quot;background_motion_fx_scale_effect&quot;:&quot;yes&quot;,&quot;background_motion_fx_scale_speed&quot;:{&quot;unit&quot;:&quot;px&quot;,&quot;size&quot;:2,&quot;sizes&quot;:[]},&quot;background_motion_fx_devices&quot;:[&quot;desktop&quot;],&quot;background_motion_fx_motion_fx_scrolling&quot;:&quot;yes&quot;,&quot;background_motion_fx_scale_direction&quot;:&quot;in-out&quot;,&quot;background_motion_fx_scale_range&quot;:{&quot;unit&quot;:&quot;%&quot;,&quot;size&quot;:&quot;&quot;,&quot;sizes&quot;:{&quot;start&quot;:10,&quot;end&quot;:70}}}\">\n\t\t\t\t\t<div class=\"e-con-inner\">\n\t\t\t\t\t<\/div>\n\t\t\t\t<\/div>\n\t\t\t\t<\/div>\n\t\t\t\t<\/div>\n\t\t<div class=\"elementor-element elementor-element-30adb67 e-con-full e-flex e-con e-child\" data-id=\"30adb67\" data-element_type=\"container\" data-e-type=\"container\">\n\t\t<div class=\"elementor-element elementor-element-2f0d5ac e-flex e-con-boxed e-con e-child\" data-id=\"2f0d5ac\" data-element_type=\"container\" data-e-type=\"container\" data-settings=\"{&quot;background_background&quot;:&quot;classic&quot;}\">\n\t\t\t\t\t<div class=\"e-con-inner\">\n\t\t\t\t\t<\/div>\n\t\t\t\t<\/div>\n\t\t\t\t<div class=\"elementor-element elementor-element-00ed255 elementor-widget__width-initial elementor-widget elementor-widget-heading\" data-id=\"00ed255\" data-element_type=\"widget\" data-e-type=\"widget\" data-widget_type=\"heading.default\">\n\t\t\t\t<div class=\"elementor-widget-container\">\n\t\t\t\t\t<h2 class=\"elementor-heading-title elementor-size-default\">A beleza do simples<\/h2>\t\t\t\t<\/div>\n\t\t\t\t<\/div>\n\t\t\t\t<div class=\"vamtam-has-theme-widget-styles elementor-element elementor-element-f04624d elementor-widget__width-initial elementor-widget elementor-widget-text-editor\" data-id=\"f04624d\" data-element_type=\"widget\" data-e-type=\"widget\" data-widget_type=\"text-editor.default\">\n\t\t\t\t<div class=\"elementor-widget-container\">\n\t\t\t\t\t\t\t\t\t<p class=\"\" data-start=\"829\" data-end=\"1007\">Mais do que produtos, oferecemos passagens sensoriais para dentro da mem\u00f3ria.<br data-start=\"906\" data-end=\"909\" \/>Cada aroma \u00e9 um verso.<br data-start=\"931\" data-end=\"934\" \/>Cada chama, uma lembran\u00e7a acesa.<br data-start=\"966\" data-end=\"969\" \/>Cada detalhe, uma inten\u00e7\u00e3o de carinho.<\/p><p class=\"\" data-start=\"1009\" data-end=\"1253\">Queremos que o que voc\u00ea leva para casa n\u00e3o seja apenas um perfume, mas a sensa\u00e7\u00e3o de estar em paz consigo mesmo.<br data-start=\"1121\" data-end=\"1124\" \/>Desejamos que, ao acender uma vela da Alma do Campo, voc\u00ea encontre algo que n\u00e3o se v\u00ea:<br data-start=\"1210\" data-end=\"1213\" \/><strong data-start=\"1213\" data-end=\"1253\">a beleza sutil da vida sendo vivida.<\/strong><\/p>\t\t\t\t\t\t\t\t<\/div>\n\t\t\t\t<\/div>\n\t\t\t\t<div class=\"elementor-element elementor-element-0b110ce elementor-widget-mobile__width-auto elementor-view-default elementor-widget elementor-widget-icon\" data-id=\"0b110ce\" data-element_type=\"widget\" data-e-type=\"widget\" data-widget_type=\"icon.default\">\n\t\t\t\t<div class=\"elementor-widget-container\">\n\t\t\t\t\t\t\t<div class=\"elementor-icon-wrapper\">\n\t\t\t<div class=\"elementor-icon\">\n\t\t\t<i aria-hidden=\"true\" class=\"vamtamtheme- vamtam-theme-dot-big\"><\/i>\t\t\t<\/div>\n\t\t<\/div>\n\t\t\t\t\t\t<\/div>\n\t\t\t\t<\/div>\n\t\t\t\t<\/div>\n\t\t\t\t\t<\/div>\n\t\t\t\t<\/div>\n\t\t<div class=\"elementor-element elementor-element-7c48cde e-flex e-con-boxed e-con e-parent\" data-id=\"7c48cde\" data-element_type=\"container\" data-e-type=\"container\">\n\t\t\t\t\t<div class=\"e-con-inner\">\n\t\t\t\t<div class=\"vamtam-has-theme-widget-styles elementor-element elementor-element-091ad63 elementor-widget__width-inherit elementor-invisible elementor-widget elementor-widget-text-editor\" data-id=\"091ad63\" data-element_type=\"widget\" data-e-type=\"widget\" data-settings=\"{&quot;_animation&quot;:&quot;fadeIn&quot;,&quot;_animation_tablet&quot;:&quot;none&quot;,&quot;_animation_delay&quot;:200}\" data-widget_type=\"text-editor.default\">\n\t\t\t\t<div class=\"elementor-widget-container\">\n\t\t\t\t\t\t\t\t\t<p>A beleza dos instantes que n\u00e3o precisam ser explicados. S\u00f3 sentidos.<\/p>\t\t\t\t\t\t\t\t<\/div>\n\t\t\t\t<\/div>\n\t\t\t\t\t<\/div>\n\t\t\t\t<\/div>\n\t\t<div class=\"elementor-element elementor-element-99b67ed e-flex e-con-boxed e-con e-parent\" data-id=\"99b67ed\" data-element_type=\"container\" data-e-type=\"container\">\n\t\t\t\t\t<div class=\"e-con-inner\">\n\t\t<div class=\"elementor-element elementor-element-c115986 e-con-full e-flex e-con e-child\" data-id=\"c115986\" data-element_type=\"container\" data-e-type=\"container\" data-settings=\"{&quot;background_background&quot;:&quot;classic&quot;}\">\n\t\t\t\t<\/div>\n\t\t<div class=\"elementor-element elementor-element-057f8eb e-con-full e-flex e-con e-child\" data-id=\"057f8eb\" data-element_type=\"container\" data-e-type=\"container\">\n\t\t\t\t<div class=\"elementor-element elementor-element-6d34050 elementor-hidden-mobile elementor-widget elementor-widget-spacer\" data-id=\"6d34050\" data-element_type=\"widget\" data-e-type=\"widget\" data-widget_type=\"spacer.default\">\n\t\t\t\t<div class=\"elementor-widget-container\">\n\t\t\t\t\t\t\t<div class=\"elementor-spacer\">\n\t\t\t<div class=\"elementor-spacer-inner\"><\/div>\n\t\t<\/div>\n\t\t\t\t\t\t<\/div>\n\t\t\t\t<\/div>\n\t\t<div class=\"elementor-element elementor-element-1dc0308 e-flex e-con-boxed e-con e-child\" data-id=\"1dc0308\" data-element_type=\"container\" data-e-type=\"container\">\n\t\t\t\t\t<div class=\"e-con-inner\">\n\t\t\t\t<div class=\"elementor-element elementor-element-057616f elementor-widget__width-initial elementor-widget elementor-widget-heading\" data-id=\"057616f\" data-element_type=\"widget\" data-e-type=\"widget\" data-widget_type=\"heading.default\">\n\t\t\t\t<div class=\"elementor-widget-container\">\n\t\t\t\t\t<h2 class=\"elementor-heading-title elementor-size-default\">Feito com alma e cora\u00e7\u00e3o<\/h2>\t\t\t\t<\/div>\n\t\t\t\t<\/div>\n\t\t\t\t<div class=\"vamtam-has-theme-widget-styles elementor-element elementor-element-672a086 elementor-widget elementor-widget-text-editor\" data-id=\"672a086\" data-element_type=\"widget\" data-e-type=\"widget\" data-widget_type=\"text-editor.default\">\n\t\t\t\t<div class=\"elementor-widget-container\">\n\t\t\t\t\t\t\t\t\t<p class=\"\" data-start=\"1306\" data-end=\"1439\">Nossas pe\u00e7as s\u00e3o artesanais, criadas uma a uma, com tempo, m\u00e3os e cora\u00e7\u00e3o.<br data-start=\"1380\" data-end=\"1383\" \/>Nada aqui \u00e9 apressado. Porque tudo aqui tem prop\u00f3sito.<\/p><p class=\"\" data-start=\"1441\" data-end=\"1660\">Selecionamos ingredientes com responsabilidade, usamos cera vegetal, \u00f3leos exclusivos e pavios de madeira ecol\u00f3gica, mas mais do que isso, colocamos em cada cria\u00e7\u00e3o a mesma aten\u00e7\u00e3o que colocamos nas pessoas que amamos.<\/p><p class=\"\" data-start=\"1662\" data-end=\"1765\">Voc\u00ea n\u00e3o est\u00e1 apenas comprando um aroma.<br data-start=\"1702\" data-end=\"1705\" \/><strong data-start=\"1705\" data-end=\"1765\">Est\u00e1 recebendo um gesto. Um abra\u00e7o invis\u00edvel. Uma pausa.<\/strong><\/p>\t\t\t\t\t\t\t\t<\/div>\n\t\t\t\t<\/div>\n\t\t\t\t<div class=\"vamtam-has-theme-widget-styles elementor-element elementor-element-a4599cc vamtam-has-hover-anim elementor-widget elementor-widget-button\" data-id=\"a4599cc\" data-element_type=\"widget\" data-e-type=\"widget\" data-widget_type=\"button.default\">\n\t\t\t\t<div class=\"elementor-widget-container\">\n\t\t\t\t\t\t\t\t\t<div class=\"elementor-button-wrapper\">\n\t\t\t\t\t<a class=\"elementor-button elementor-button-link elementor-size-sm\" href=\"https:\/\/almadocampo.com.br\/pt\/loja-alma-do-campo\/\">\n\t\t\t\t\t\t<span class=\"elementor-button-content-wrapper\">\n\t\t\t\t\t\t<span class=\"elementor-button-icon\">\n\t\t\t\t<i aria-hidden=\"true\" class=\"vamtamtheme- vamtam-theme-dot\"><\/i>\t\t\t<\/span>\n\t\t\t\t\t\t\t\t\t<span class=\"elementor-button-text\">conhe\u00e7a nossos produtos<\/span>\n\t\t\t\t\t<\/span>\n\t\t\t\t\t<\/a>\n\t\t\t\t<\/div>\n\t\t\t\t\t\t\t\t<\/div>\n\t\t\t\t<\/div>\n\t\t\t\t\t<\/div>\n\t\t\t\t<\/div>\n\t\t\t\t<div class=\"elementor-element elementor-element-3d93a00 elementor-view-default elementor-widget elementor-widget-icon\" data-id=\"3d93a00\" data-element_type=\"widget\" data-e-type=\"widget\" data-widget_type=\"icon.default\">\n\t\t\t\t<div class=\"elementor-widget-container\">\n\t\t\t\t\t\t\t<div class=\"elementor-icon-wrapper\">\n\t\t\t<div class=\"elementor-icon\">\n\t\t\t<i aria-hidden=\"true\" class=\"vamtamtheme- vamtam-theme-dot-big\"><\/i>\t\t\t<\/div>\n\t\t<\/div>\n\t\t\t\t\t\t<\/div>\n\t\t\t\t<\/div>\n\t\t\t\t<\/div>\n\t\t\t\t\t<\/div>\n\t\t\t\t<\/div>\n\t\t<div class=\"elementor-element elementor-element-b9ae3e1 e-flex e-con-boxed e-con e-parent\" data-id=\"b9ae3e1\" data-element_type=\"container\" data-e-type=\"container\">\n\t\t\t\t\t<div class=\"e-con-inner\">\n\t\t<div class=\"elementor-element elementor-element-e22439a e-con-full e-flex e-con e-child\" data-id=\"e22439a\" data-element_type=\"container\" data-e-type=\"container\" data-settings=\"{&quot;background_background&quot;:&quot;classic&quot;}\">\n\t\t\t\t<div class=\"elementor-element elementor-element-4fa0d01 elementor-hidden-mobile elementor-widget elementor-widget-spacer\" data-id=\"4fa0d01\" data-element_type=\"widget\" data-e-type=\"widget\" data-widget_type=\"spacer.default\">\n\t\t\t\t<div class=\"elementor-widget-container\">\n\t\t\t\t\t\t\t<div class=\"elementor-spacer\">\n\t\t\t<div class=\"elementor-spacer-inner\"><\/div>\n\t\t<\/div>\n\t\t\t\t\t\t<\/div>\n\t\t\t\t<\/div>\n\t\t\t\t<div class=\"elementor-element elementor-element-5d4b21f elementor-widget__width-initial elementor-widget elementor-widget-heading\" data-id=\"5d4b21f\" data-element_type=\"widget\" data-e-type=\"widget\" data-widget_type=\"heading.default\">\n\t\t\t\t<div class=\"elementor-widget-container\">\n\t\t\t\t\t<h2 class=\"elementor-heading-title elementor-size-default\">Nosso compromisso<\/h2>\t\t\t\t<\/div>\n\t\t\t\t<\/div>\n\t\t\t\t<div class=\"vamtam-has-theme-widget-styles elementor-element elementor-element-c700d63 elementor-widget elementor-widget-text-editor\" data-id=\"c700d63\" data-element_type=\"widget\" data-e-type=\"widget\" data-widget_type=\"text-editor.default\">\n\t\t\t\t<div class=\"elementor-widget-container\">\n\t\t\t\t\t\t\t\t\t<p class=\"\" data-start=\"1306\" data-end=\"1439\">N\u00f3s, da Alma do Campo, acreditamos que o verdadeiro encanto mora nas pausas tranquilas onde o esp\u00edrito dan\u00e7a livremente.\u201cDescubra o encanto no sil\u00eancio das mem\u00f3rias\u201d n\u00e3o \u00e9 apenas uma frase, \u00e9 o cora\u00e7\u00e3o do que fazemos.<br data-start=\"2017\" data-end=\"2020\" \/>\u00c9 a nossa maneira de tocar sua casa, sua hist\u00f3ria, sua alma.<\/p>\t\t\t\t\t\t\t\t<\/div>\n\t\t\t\t<\/div>\n\t\t\t\t<div class=\"elementor-element elementor-element-2d288f6 elementor-hidden-mobile elementor-widget elementor-widget-spacer\" data-id=\"2d288f6\" data-element_type=\"widget\" data-e-type=\"widget\" data-widget_type=\"spacer.default\">\n\t\t\t\t<div class=\"elementor-widget-container\">\n\t\t\t\t\t\t\t<div class=\"elementor-spacer\">\n\t\t\t<div class=\"elementor-spacer-inner\"><\/div>\n\t\t<\/div>\n\t\t\t\t\t\t<\/div>\n\t\t\t\t<\/div>\n\t\t\t\t<\/div>\n\t\t<div class=\"elementor-element elementor-element-bed319f e-con-full e-flex e-con e-child\" data-id=\"bed319f\" data-element_type=\"container\" data-e-type=\"container\" data-settings=\"{&quot;background_background&quot;:&quot;classic&quot;,&quot;background_motion_fx_motion_fx_scrolling&quot;:&quot;yes&quot;,&quot;background_motion_fx_scale_effect&quot;:&quot;yes&quot;,&quot;background_motion_fx_scale_direction&quot;:&quot;in-out&quot;,&quot;background_motion_fx_scale_speed&quot;:{&quot;unit&quot;:&quot;px&quot;,&quot;size&quot;:2,&quot;sizes&quot;:[]},&quot;background_motion_fx_scale_range&quot;:{&quot;unit&quot;:&quot;%&quot;,&quot;size&quot;:&quot;&quot;,&quot;sizes&quot;:{&quot;start&quot;:10,&quot;end&quot;:70}},&quot;background_motion_fx_devices&quot;:[&quot;desktop&quot;]}\">\n\t\t\t\t<\/div>\n\t\t\t\t\t<\/div>\n\t\t\t\t<\/div>\n\t\t\t\t<\/div>\n\t\t","protected":false},"excerpt":{"rendered":"<p>Transforming furniture shopping from expensive design trends to something more meaningful.<\/p>","protected":false},"author":1,"featured_media":0,"parent":0,"menu_order":0,"comment_status":"closed","ping_status":"closed","template":"","meta":{"inline_featured_image":false,"footnotes":""},"class_list":["post-1611","page","type-page","status-publish","hentry"],"_links":{"self":[{"href":"https:\/\/almadocampo.com.br\/pt\/wp-json\/wp\/v2\/pages\/1611","targetHints":{"allow":["GET"]}}],"collection":[{"href":"https:\/\/almadocampo.com.br\/pt\/wp-json\/wp\/v2\/pages"}],"about":[{"href":"https:\/\/almadocampo.com.br\/pt\/wp-json\/wp\/v2\/types\/page"}],"author":[{"embeddable":true,"href":"https:\/\/almadocampo.com.br\/pt\/wp-json\/wp\/v2\/users\/1"}],"replies":[{"embeddable":true,"href":"https:\/\/almadocampo.com.br\/pt\/wp-json\/wp\/v2\/comments?post=1611"}],"version-history":[{"count":3,"href":"https:\/\/almadocampo.com.br\/pt\/wp-json\/wp\/v2\/pages\/1611\/revisions"}],"predecessor-version":[{"id":989866,"href":"https:\/\/almadocampo.com.br\/pt\/wp-json\/wp\/v2\/pages\/1611\/revisions\/989866"}],"wp:attachment":[{"href":"https:\/\/almadocampo.com.br\/pt\/wp-json\/wp\/v2\/media?parent=1611"}],"curies":[{"name":"wp","href":"https:\/\/api.w.org\/{rel}","templated":true}]}}